{"id":3885,"date":"2021-03-13T12:18:05","date_gmt":"2021-03-13T11:18:05","guid":{"rendered":"https:\/\/morivita.be\/?page_id=3885"},"modified":"2024-09-15T19:18:51","modified_gmt":"2024-09-15T17:18:51","slug":"a-propos-de-morivita","status":"publish","type":"page","link":"https:\/\/morivita.be\/fr\/a-propos-de-morivita\/","title":{"rendered":"A propos de Morivita"},"content":{"rendered":"\t\t<div data-elementor-type=\"wp-page\" data-elementor-id=\"3885\" class=\"elementor elementor-3885 elementor-807\" data-elementor-post-type=\"page\">\n\t\t\t\t\t\t<section class=\"elementor-section elementor-top-section elementor-element elementor-element-e360032 elementor-section-height-min-height elementor-section-boxed elementor-section-height-default elementor-section-items-middle\" data-id=\"e360032\" data-element_type=\"section\" data-settings=\"{&quot;background_background&quot;:&quot;classic&quot;,&quot;jet_parallax_layout_list&quot;:[{&quot;jet_parallax_layout_image&quot;:{&quot;url&quot;:&quot;&quot;,&quot;id&quot;:&quot;&quot;,&quot;size&quot;:&quot;&quot;},&quot;_id&quot;:&quot;58500e6&quot;,&quot;jet_parallax_layout_image_tablet&quot;:{&quot;url&quot;:&quot;&quot;,&quot;id&quot;:&quot;&quot;,&quot;size&quot;:&quot;&quot;},&quot;jet_parallax_layout_image_mobile&quot;:{&quot;url&quot;:&quot;&quot;,&quot;id&quot;:&quot;&quot;,&quot;size&quot;:&quot;&quot;},&quot;jet_parallax_layout_speed&quot;:{&quot;unit&quot;:&quot;%&quot;,&quot;size&quot;:50,&quot;sizes&quot;:[]},&quot;jet_parallax_layout_type&quot;:&quot;scroll&quot;,&quot;jet_parallax_layout_direction&quot;:&quot;1&quot;,&quot;jet_parallax_layout_fx_direction&quot;:null,&quot;jet_parallax_layout_z_index&quot;:&quot;&quot;,&quot;jet_parallax_layout_bg_x&quot;:50,&quot;jet_parallax_layout_bg_x_tablet&quot;:&quot;&quot;,&quot;jet_parallax_layout_bg_x_mobile&quot;:&quot;&quot;,&quot;jet_parallax_layout_bg_y&quot;:50,&quot;jet_parallax_layout_bg_y_tablet&quot;:&quot;&quot;,&quot;jet_parallax_layout_bg_y_mobile&quot;:&quot;&quot;,&quot;jet_parallax_layout_bg_size&quot;:&quot;auto&quot;,&quot;jet_parallax_layout_bg_size_tablet&quot;:&quot;&quot;,&quot;jet_parallax_layout_bg_size_mobile&quot;:&quot;&quot;,&quot;jet_parallax_layout_animation_prop&quot;:&quot;transform&quot;,&quot;jet_parallax_layout_on&quot;:[&quot;desktop&quot;,&quot;tablet&quot;]}]}\">\n\t\t\t\t\t\t<div class=\"elementor-container elementor-column-gap-default\">\n\t\t\t\t\t<div class=\"elementor-column elementor-col-100 elementor-top-column elementor-element elementor-element-7d0e4a9\" data-id=\"7d0e4a9\" data-element_type=\"column\">\n\t\t\t<div class=\"elementor-widget-wrap\">\n\t\t\t\t\t\t\t<\/div>\n\t\t<\/div>\n\t\t\t\t\t<\/div>\n\t\t<\/section>\n\t\t\t\t<section class=\"elementor-section elementor-top-section elementor-element elementor-element-7d770dc elementor-section-boxed elementor-section-height-default elementor-section-height-default\" data-id=\"7d770dc\" data-element_type=\"section\" data-settings=\"{&quot;jet_parallax_layout_list&quot;:[{&quot;jet_parallax_layout_image&quot;:{&quot;url&quot;:&quot;&quot;,&quot;id&quot;:&quot;&quot;,&quot;size&quot;:&quot;&quot;},&quot;_id&quot;:&quot;d30ebe1&quot;,&quot;jet_parallax_layout_image_tablet&quot;:{&quot;url&quot;:&quot;&quot;,&quot;id&quot;:&quot;&quot;,&quot;size&quot;:&quot;&quot;},&quot;jet_parallax_layout_image_mobile&quot;:{&quot;url&quot;:&quot;&quot;,&quot;id&quot;:&quot;&quot;,&quot;size&quot;:&quot;&quot;},&quot;jet_parallax_layout_speed&quot;:{&quot;unit&quot;:&quot;%&quot;,&quot;size&quot;:50,&quot;sizes&quot;:[]},&quot;jet_parallax_layout_type&quot;:&quot;scroll&quot;,&quot;jet_parallax_layout_direction&quot;:&quot;1&quot;,&quot;jet_parallax_layout_fx_direction&quot;:null,&quot;jet_parallax_layout_z_index&quot;:&quot;&quot;,&quot;jet_parallax_layout_bg_x&quot;:50,&quot;jet_parallax_layout_bg_x_tablet&quot;:&quot;&quot;,&quot;jet_parallax_layout_bg_x_mobile&quot;:&quot;&quot;,&quot;jet_parallax_layout_bg_y&quot;:50,&quot;jet_parallax_layout_bg_y_tablet&quot;:&quot;&quot;,&quot;jet_parallax_layout_bg_y_mobile&quot;:&quot;&quot;,&quot;jet_parallax_layout_bg_size&quot;:&quot;auto&quot;,&quot;jet_parallax_layout_bg_size_tablet&quot;:&quot;&quot;,&quot;jet_parallax_layout_bg_size_mobile&quot;:&quot;&quot;,&quot;jet_parallax_layout_animation_prop&quot;:&quot;transform&quot;,&quot;jet_parallax_layout_on&quot;:[&quot;desktop&quot;,&quot;tablet&quot;]}],&quot;background_background&quot;:&quot;classic&quot;}\">\n\t\t\t\t\t\t<div class=\"elementor-container elementor-column-gap-default\">\n\t\t\t\t\t<div class=\"elementor-column elementor-col-50 elementor-top-column elementor-element elementor-element-a63ffd6\" data-id=\"a63ffd6\" data-element_type=\"column\">\n\t\t\t<div class=\"elementor-widget-wrap elementor-element-populated\">\n\t\t\t\t\t\t<div class=\"elementor-element elementor-element-95a7c29 elementor-widget elementor-widget-heading\" data-id=\"95a7c29\" data-element_type=\"widget\" data-widget_type=\"heading.default\">\n\t\t\t\t<div class=\"elementor-widget-container\">\n\t\t\t\t\t<h1 class=\"elementor-heading-title elementor-size-default\">A propos de Morivita<\/h1>\t\t\t\t<\/div>\n\t\t\t\t<\/div>\n\t\t\t\t<div class=\"elementor-element elementor-element-b8e335f elementor-widget elementor-widget-heading\" data-id=\"b8e335f\" data-element_type=\"widget\" data-widget_type=\"heading.default\">\n\t\t\t\t<div class=\"elementor-widget-container\">\n\t\t\t\t\t<h5 class=\"elementor-heading-title elementor-size-default\">Avec Morivita, Indecor ouvre la porte \u00e0 l\u2019avenir.<\/h5>\t\t\t\t<\/div>\n\t\t\t\t<\/div>\n\t\t\t\t<div class=\"elementor-element elementor-element-eed8a5b elementor-widget elementor-widget-text-editor\" data-id=\"eed8a5b\" data-element_type=\"widget\" data-widget_type=\"text-editor.default\">\n\t\t\t\t<div class=\"elementor-widget-container\">\n\t\t\t\t\t\t\t\t\t<p>Avec Morivita, vous, cher professionnel des fun\u00e9railles, arrivez chez <strong>l&#8217;un des plus grands sp\u00e9cialistes europ\u00e9ens des textiles fun\u00e9raires<\/strong>. Indecor produit <strong>des rev\u00eatements<\/strong>, <strong>des linceuls<\/strong> et <strong>des couvres lits adapt\u00e9s<\/strong> au budget et aux go\u00fbts de chacun <strong>depuis 1976<\/strong>. Morivita sera la nouvelle cha\u00eene o\u00f9 vous trouverez toutes les n\u00e9cessit\u00e9s dont vous avez besoin pour continuer \u00e0 garantir la qualit\u00e9 de votre service. Car gr\u00e2ce aux textiles fun\u00e9raires, Indecor a \u00e9galement d\u00e9velopp\u00e9 une connaissance approfondie de la conception des pompes fun\u00e8bres et des locaux techniques.<\/p><p>Sur le nouveau site et <a href=\"https:\/\/morivita.be\/fr\/webshop\/\">boutique en ligne<\/a> de Morivita, vous, en tant que directeur de fun\u00e9railles ou autre prestataire de services dans le secteur, trouverez rapidement et efficacement tous les outils dont vous avez besoin, des brancards aux chariots en passant par les morgues compl\u00e8tes.<\/p><p>Dans notre gamme toujours croissante de fournitures fun\u00e9raires, vous trouverez des rev\u00eatements et couvre-lits de la collection d&#8217;Indecor en plus de nouveaux produits tels que des urnes, des accessoires d\u00e9coratifs, des gaines d\u2019ensevelissement et des d\u00e9sinfectants. Et cela en un seul endroit, en un simple clic.<\/p><p>La pand\u00e9mie de COVID-19 a clairement montr\u00e9 \u00e0 tous que la vie est un cadeau merveilleux mais fragile. En tant que professionnel des fun\u00e9railles, vous \u00eates &#8211; tout comme le personnel de sant\u00e9 &#8211; en premi\u00e8re ligne pour absorber le bilan humain de cette maladie grave. Sous la pression de mesures en constante \u00e9volution, vous abordez vos clients d&#8217;une mani\u00e8re totalement diff\u00e9rente et vous utilisez de nouvelles proc\u00e9dures de travail pour garantir la qualit\u00e9 de votre service.<\/p><p>Les nombreuses ann\u00e9es d&#8217;expertise du directeur Geert Triest et de son \u00e9quipe enthousiaste et \u00e9tendue sont \u00e0 votre disposition. Arnoud, Katja, Karin et Christine se feront un plaisir de vous aider avec vos questions ou de d\u00e9velopper de nouveaux produits avec vous.<\/p><p><em>Parce qu&#8217;avec Morivita, vous trouverez un partenaire pour la mort et pour la vie.<\/em><\/p>\t\t\t\t\t\t\t\t<\/div>\n\t\t\t\t<\/div>\n\t\t\t\t<div class=\"elementor-element elementor-element-1bb6dc9 elementor-widget elementor-widget-heading\" data-id=\"1bb6dc9\" data-element_type=\"widget\" id=\"specialiteiten\" data-widget_type=\"heading.default\">\n\t\t\t\t<div class=\"elementor-widget-container\">\n\t\t\t\t\t<h5 class=\"elementor-heading-title elementor-size-default\">Nos sp\u00e9cialit\u00e9s<\/h5>\t\t\t\t<\/div>\n\t\t\t\t<\/div>\n\t\t\t\t<div class=\"elementor-element elementor-element-7ab2a3a elementor-widget elementor-widget-toggle\" data-id=\"7ab2a3a\" data-element_type=\"widget\" data-widget_type=\"toggle.default\">\n\t\t\t\t<div class=\"elementor-widget-container\">\n\t\t\t\t\t\t\t<div class=\"elementor-toggle\">\n\t\t\t\t\t\t\t<div class=\"elementor-toggle-item\">\n\t\t\t\t\t<div id=\"elementor-tab-title-1281\" class=\"elementor-tab-title\" data-tab=\"1\" role=\"button\" aria-controls=\"elementor-tab-content-1281\" aria-expanded=\"false\">\n\t\t\t\t\t\t\t\t\t\t\t\t<span class=\"elementor-toggle-icon elementor-toggle-icon-left\" aria-hidden=\"true\">\n\t\t\t\t\t\t\t\t\t\t\t\t\t\t\t<span class=\"elementor-toggle-icon-closed\"><i class=\"fas fa-angle-down\"><\/i><\/span>\n\t\t\t\t\t\t\t\t<span class=\"elementor-toggle-icon-opened\"><i class=\"elementor-toggle-icon-opened fas fa-angle-up\"><\/i><\/span>\n\t\t\t\t\t\t\t\t\t\t\t\t\t<\/span>\n\t\t\t\t\t\t\t\t\t\t\t\t<a class=\"elementor-toggle-title\" tabindex=\"0\">L'ergonomie, \u00e9galement le souci de Morivita<\/a>\n\t\t\t\t\t<\/div>\n\n\t\t\t\t\t<div id=\"elementor-tab-content-1281\" class=\"elementor-tab-content elementor-clearfix\" data-tab=\"1\" role=\"region\" aria-labelledby=\"elementor-tab-title-1281\"><p><strong>Travailler efficacement<\/strong> n&#8217;est possible que dans un environnement de travail <strong>bien pens\u00e9<\/strong> et <strong>ergonomiquement adapt\u00e9<\/strong>.<\/p><p>Morivita &#8211; tout comme vous &#8211; attache <strong>une grande importance \u00e0 l&#8217;ergonomie<\/strong> et propose une large gamme de dispositifs de levage, des chariots de transport maniables et des \u00e9quipements mortuaires qui \u00e9pargnent le dos. Gr\u00e2ce au bodylift \u00e9lectrique, un corps peut \u00eatre soulev\u00e9 et transport\u00e9 sans effort entre les diff\u00e9rentes surfaces de travail et espaces de votre salon fun\u00e9raire.<\/p><p>Morivita opte \u00e9galement pour <strong>la table fun\u00e9raire extra haute<\/strong> <strong>d\u2019 Indecor<\/strong>. Ce chariot dispose \u00e9galement d&#8217;un appui-t\u00eate r\u00e9tractable avec lequel vous pouvez allonger la table jusqu&#8217;\u00e0 220 cm. Parce qu&#8217;en tant que professionnel du fun\u00e9raire, vous \u00eates confront\u00e9 \u00e0 des personnes de plus en plus grandes et lourdes, il est bon de savoir que vous pouvez \u00e9galement commander cette table dans des versions extra larges ou m\u00eame plus hautes.<\/p><p>Et pour ces dimensions sp\u00e9ciales, un rev\u00eatement unique sur mesure peut \u00eatre \u00e9galement r\u00e9alis\u00e9 dans l&#8217;atelier de confiance Indecor.<\/p><\/div>\n\t\t\t\t<\/div>\n\t\t\t\t\t\t\t<div class=\"elementor-toggle-item\">\n\t\t\t\t\t<div id=\"elementor-tab-title-1282\" class=\"elementor-tab-title\" data-tab=\"2\" role=\"button\" aria-controls=\"elementor-tab-content-1282\" aria-expanded=\"false\">\n\t\t\t\t\t\t\t\t\t\t\t\t<span class=\"elementor-toggle-icon elementor-toggle-icon-left\" aria-hidden=\"true\">\n\t\t\t\t\t\t\t\t\t\t\t\t\t\t\t<span class=\"elementor-toggle-icon-closed\"><i class=\"fas fa-angle-down\"><\/i><\/span>\n\t\t\t\t\t\t\t\t<span class=\"elementor-toggle-icon-opened\"><i class=\"elementor-toggle-icon-opened fas fa-angle-up\"><\/i><\/span>\n\t\t\t\t\t\t\t\t\t\t\t\t\t<\/span>\n\t\t\t\t\t\t\t\t\t\t\t\t<a class=\"elementor-toggle-title\" tabindex=\"0\">Hygi\u00e8ne et sant\u00e9<\/a>\n\t\t\t\t\t<\/div>\n\n\t\t\t\t\t<div id=\"elementor-tab-content-1282\" class=\"elementor-tab-content elementor-clearfix\" data-tab=\"2\" role=\"region\" aria-labelledby=\"elementor-tab-title-1282\"><p>\u00a0<\/p><p>La pand\u00e9mie COVID-19 a montr\u00e9 au monde entier qu&#8217;il existe une relation directe entre<strong> l&#8217;hygi\u00e8ne<\/strong> et <strong>la sant\u00e9<\/strong>.<\/p><p>En tant que professionnel du secteur fun\u00e9raire Morivita souhaite vous accompagner pour exercer votre activit\u00e9 aussi hygi\u00e9nique que possible. Parce que votre sant\u00e9 et celle de vos collaborateurs et clients est \u00e9galement notre priorit\u00e9.<\/p><p>Avec les produits de notre fournisseur, <strong>sp\u00e9cialiste de fournitures chirurgicales<\/strong>, vous \u00eates en tout cas en s\u00e9curit\u00e9!<\/p><p><a href=\"https:\/\/morivita.be\/fr\/contact\/\">Contactez-nous<\/a> pour plus d&#8217;informations sur les solutions hygi\u00e9niques Morivita.<\/p><\/div>\n\t\t\t\t<\/div>\n\t\t\t\t\t\t\t<div class=\"elementor-toggle-item\">\n\t\t\t\t\t<div id=\"elementor-tab-title-1283\" class=\"elementor-tab-title\" data-tab=\"3\" role=\"button\" aria-controls=\"elementor-tab-content-1283\" aria-expanded=\"false\">\n\t\t\t\t\t\t\t\t\t\t\t\t<span class=\"elementor-toggle-icon elementor-toggle-icon-left\" aria-hidden=\"true\">\n\t\t\t\t\t\t\t\t\t\t\t\t\t\t\t<span class=\"elementor-toggle-icon-closed\"><i class=\"fas fa-angle-down\"><\/i><\/span>\n\t\t\t\t\t\t\t\t<span class=\"elementor-toggle-icon-opened\"><i class=\"elementor-toggle-icon-opened fas fa-angle-up\"><\/i><\/span>\n\t\t\t\t\t\t\t\t\t\t\t\t\t<\/span>\n\t\t\t\t\t\t\t\t\t\t\t\t<a class=\"elementor-toggle-title\" tabindex=\"0\">Rev\u00eatements en Europe<\/a>\n\t\t\t\t\t<\/div>\n\n\t\t\t\t\t<div id=\"elementor-tab-content-1283\" class=\"elementor-tab-content elementor-clearfix\" data-tab=\"3\" role=\"region\" aria-labelledby=\"elementor-tab-title-1283\"><p>Une Belgique divis\u00e9e? Et qu&#8217;en est-il du reste de l&#8217;Europe?<\/p><p>Gr\u00e2ce aux nombreuses ann\u00e9es d&#8217;exp\u00e9rience d&#8217;Indecor dans les textiles fun\u00e9raires, Morivita est aux premi\u00e8res loges pour suivre de pr\u00e8s les diff\u00e9rences culturelles dans le secteur fun\u00e9raire belge et international.<\/p><p>Rev\u00eatements en satin brillant, richement d\u00e9cor\u00e9 de dentelle? La Wallonie!<\/p><p>Des rev\u00eatements abordables en coton simple et mod\u00e8les et couleurs traditionnels avec un soup\u00e7on de dentelle? La Flandre et le Brabant!<\/p><p>Cercueil reposant dans de beaux tissus int\u00e9rieurs ou en coton naturel? Le Limbourg!<\/p><p>Rev\u00eatements luxueux en lin ou coton et luxe modeste en satin? Les Pays-Bas, la Suisse et l&#8217;Autriche!<\/p><p>Un luxe somptueux avec du satin damass\u00e9 et des tissus d\u00e9coratifs en plus d&#8217;une simplicit\u00e9 abordable? La France!<\/p><p>\u00c9cologiquement progressif en grandes tailles? L\u2019Allemagne!<\/p><p>Tissu en satin, lin, coton et tweed dans toutes les couleurs et tailles? L\u2019Irlande!<\/p><p>Heureusement, Indecor peut offrir une solution adapt\u00e9e pour tous ses clients.<\/p><p>N\u2019h\u00e9sitez pas \u00e0 <a href=\"https:\/\/morivita.be\/fr\/contact\/\">nous contacter<\/a> pour plus d&#8217;informations sur le large choix de rev\u00eatements de cercueils chez Morivita\u00a0!<\/p><\/div>\n\t\t\t\t<\/div>\n\t\t\t\t\t\t\t<div class=\"elementor-toggle-item\">\n\t\t\t\t\t<div id=\"elementor-tab-title-1284\" class=\"elementor-tab-title\" data-tab=\"4\" role=\"button\" aria-controls=\"elementor-tab-content-1284\" aria-expanded=\"false\">\n\t\t\t\t\t\t\t\t\t\t\t\t<span class=\"elementor-toggle-icon elementor-toggle-icon-left\" aria-hidden=\"true\">\n\t\t\t\t\t\t\t\t\t\t\t\t\t\t\t<span class=\"elementor-toggle-icon-closed\"><i class=\"fas fa-angle-down\"><\/i><\/span>\n\t\t\t\t\t\t\t\t<span class=\"elementor-toggle-icon-opened\"><i class=\"elementor-toggle-icon-opened fas fa-angle-up\"><\/i><\/span>\n\t\t\t\t\t\t\t\t\t\t\t\t\t<\/span>\n\t\t\t\t\t\t\t\t\t\t\t\t<a class=\"elementor-toggle-title\" tabindex=\"0\">Rev\u00eatements pour cercueils pour b\u00e9b\u00e9s, les \u00e9toiles de Morivita<\/a>\n\t\t\t\t\t<\/div>\n\n\t\t\t\t\t<div id=\"elementor-tab-content-1284\" class=\"elementor-tab-content elementor-clearfix\" data-tab=\"4\" role=\"region\" aria-labelledby=\"elementor-tab-title-1284\"><p>En plus des linceuls \u00ab\u00a0Wikkel-in\u00a0\u00bb, Indecor a d\u00e9velopp\u00e9 une gamme exclusive de textiles fun\u00e9raires pour b\u00e9b\u00e9s. En tant que professionnel fun\u00e9raire Morivita vous offre un acc\u00e8s direct \u00e0 cette gamme unique.<\/p><p>Sp\u00e9cialement con\u00e7us pour les \u00e9toiles &#8211; enfants pr\u00e9matur\u00e9s et d\u00e9c\u00e9d\u00e9s &#8211; Morivita offre une mini-cape, une gigoteuse et un sac ou panier \u00e0 c\u00e2lins. Des tricots doux en coton subtilement imprim\u00e9s et brod\u00e9s rendent ces produits soigneusement \u00e9labor\u00e9s extr\u00eamement pr\u00e9cieux et uniques sur le march\u00e9 belge.<\/p><p>Dans le \u00abcuddle cot\u00bb ou le berceau fun\u00e9raire, les b\u00e9b\u00e9s peuvent \u00eatre dispos\u00e9s avec soin tout en restant pr\u00e8s de leur maman et de leur papa.<\/p><p>Nous proposons \u00e9galement de jolis rev\u00eatements en satin blanc ou taffetas et coton sobre pour les plus grands jusqu&#8217;\u00e0 150 cm. Des rev\u00eatements uniques peuvent \u00e9galement \u00eatre r\u00e9alis\u00e9s sur mesure dans notre propre atelier en Belgique.<\/p><\/div>\n\t\t\t\t<\/div>\n\t\t\t\t\t\t\t<div class=\"elementor-toggle-item\">\n\t\t\t\t\t<div id=\"elementor-tab-title-1285\" class=\"elementor-tab-title\" data-tab=\"5\" role=\"button\" aria-controls=\"elementor-tab-content-1285\" aria-expanded=\"false\">\n\t\t\t\t\t\t\t\t\t\t\t\t<span class=\"elementor-toggle-icon elementor-toggle-icon-left\" aria-hidden=\"true\">\n\t\t\t\t\t\t\t\t\t\t\t\t\t\t\t<span class=\"elementor-toggle-icon-closed\"><i class=\"fas fa-angle-down\"><\/i><\/span>\n\t\t\t\t\t\t\t\t<span class=\"elementor-toggle-icon-opened\"><i class=\"elementor-toggle-icon-opened fas fa-angle-up\"><\/i><\/span>\n\t\t\t\t\t\t\t\t\t\t\t\t\t<\/span>\n\t\t\t\t\t\t\t\t\t\t\t\t<a class=\"elementor-toggle-title\" tabindex=\"0\">Vive les oreillers LEEF !<\/a>\n\t\t\t\t\t<\/div>\n\n\t\t\t\t\t<div id=\"elementor-tab-content-1285\" class=\"elementor-tab-content elementor-clearfix\" data-tab=\"5\" role=\"region\" aria-labelledby=\"elementor-tab-title-1285\"><p>Peut-\u00eatre vous avez \u00e9galement suivi la mini-s\u00e9rie <a href=\"https:\/\/nl.wikipedia.org\/wiki\/LEEF_(miniserie)\" target=\"_blank\" rel=\"noopener\">LEEF!<\/a> de la soci\u00e9t\u00e9 de production Polar Bear sur E\u00e9n?<\/p><p>Et avez-vous vu comment la protagoniste Anja (Joke Emmers) \u00e9tait cr\u00e9ative avec le remplissage d&#8217;un oreiller?<\/p><p>Ce mat\u00e9riau mousseux est utilis\u00e9 en quantit\u00e9s massives comme rembourrage de coussin \u00e9cologique \u00e0 la \u00ab maison de production \u00bb Indecor de Morivita. Dans une toute nouvelle installation de remplissage, 500 oreillers sont remplis par jour avec ces \u00abagro chips\u00bb \u00e0 base de grains expans\u00e9s.<\/p><p>Un choix d&#8217;oreillers respectueux de l&#8217;environnement!<\/p><\/div>\n\t\t\t\t<\/div>\n\t\t\t\t\t\t\t<div class=\"elementor-toggle-item\">\n\t\t\t\t\t<div id=\"elementor-tab-title-1286\" class=\"elementor-tab-title\" data-tab=\"6\" role=\"button\" aria-controls=\"elementor-tab-content-1286\" aria-expanded=\"false\">\n\t\t\t\t\t\t\t\t\t\t\t\t<span class=\"elementor-toggle-icon elementor-toggle-icon-left\" aria-hidden=\"true\">\n\t\t\t\t\t\t\t\t\t\t\t\t\t\t\t<span class=\"elementor-toggle-icon-closed\"><i class=\"fas fa-angle-down\"><\/i><\/span>\n\t\t\t\t\t\t\t\t<span class=\"elementor-toggle-icon-opened\"><i class=\"elementor-toggle-icon-opened fas fa-angle-up\"><\/i><\/span>\n\t\t\t\t\t\t\t\t\t\t\t\t\t<\/span>\n\t\t\t\t\t\t\t\t\t\t\t\t<a class=\"elementor-toggle-title\" tabindex=\"0\">Couvre-lits<\/a>\n\t\t\t\t\t<\/div>\n\n\t\t\t\t\t<div id=\"elementor-tab-content-1286\" class=\"elementor-tab-content elementor-clearfix\" data-tab=\"6\" role=\"region\" aria-labelledby=\"elementor-tab-title-1286\"><p>D\u00e9sormais, vous pouvez \u00e9galement contacter Morivita pour les couvre-lits uniques et faits \u00e0 la main d&#8217;Indecor.<\/p><p>Avec un simple clic, vous pourrez r\u00e9server l&#8217;une des pr\u00e9s\u00e9lections sp\u00e9ciales Morivita, demander des \u00e9chantillons de tissus ou r\u00e9server une visite personnelle de notre sp\u00e9cialiste d\u2019int\u00e9rieur.<\/p><p>Au cours de cette visite personnelle, vous pourrez &#8211; comme Indecor le pr\u00e9conise depuis des ann\u00e9es &#8211; faire un choix unique parmi des tissus d&#8217;int\u00e9rieur soigneusement s\u00e9lectionn\u00e9s, tant pour la d\u00e9coration de votre table fun\u00e9raire existante que pour l&#8217;am\u00e9nagement total de votre salon de pompes fun\u00e8bres.<\/p><p>Chez Morivita, vous trouverez bien s\u00fbr \u00e9galement toute une gamme de nouvelles tables fun\u00e9raires r\u00e9frig\u00e9r\u00e9es ou pas et d&#8217;autres solutions int\u00e9rieures telles que des tapis d\u00e9coratifs pour tables et chevalets d&#8217;urne, des housses de civi\u00e8re, des si\u00e8ges et poufs, des coussins d\u00e9coratifs et bien plus encore.<\/p><p>Tous les textiles fun\u00e9raires sont soigneusement d\u00e9coup\u00e9s et produits dans l&#8217;atelier \u00e9prouv\u00e9 d&#8217;Indecor.<\/p><p><a href=\"https:\/\/morivita.be\/fr\/contact\/\">Contactez-nous<\/a> pour plus d\u2019informations\u00a0!<\/p><\/div>\n\t\t\t\t<\/div>\n\t\t\t\t\t\t\t<div class=\"elementor-toggle-item\">\n\t\t\t\t\t<div id=\"elementor-tab-title-1287\" class=\"elementor-tab-title\" data-tab=\"7\" role=\"button\" aria-controls=\"elementor-tab-content-1287\" aria-expanded=\"false\">\n\t\t\t\t\t\t\t\t\t\t\t\t<span class=\"elementor-toggle-icon elementor-toggle-icon-left\" aria-hidden=\"true\">\n\t\t\t\t\t\t\t\t\t\t\t\t\t\t\t<span class=\"elementor-toggle-icon-closed\"><i class=\"fas fa-angle-down\"><\/i><\/span>\n\t\t\t\t\t\t\t\t<span class=\"elementor-toggle-icon-opened\"><i class=\"elementor-toggle-icon-opened fas fa-angle-up\"><\/i><\/span>\n\t\t\t\t\t\t\t\t\t\t\t\t\t<\/span>\n\t\t\t\t\t\t\t\t\t\t\t\t<a class=\"elementor-toggle-title\" tabindex=\"0\">Linceuls de chez nous<\/a>\n\t\t\t\t\t<\/div>\n\n\t\t\t\t\t<div id=\"elementor-tab-content-1287\" class=\"elementor-tab-content elementor-clearfix\" data-tab=\"7\" role=\"region\" aria-labelledby=\"elementor-tab-title-1287\"><p>Morivita devient le <strong>distributeur exclusif<\/strong> des <strong>\u00ab\u00a0Wikkel-in\u00a0\u00bb de Indecor en Belgique<\/strong>. Fabriqu\u00e9es \u00e0 partir d&#8217;un beau lin ou d&#8217;un tissu de coton subtil, ces linceuls de luxe vous sont peut-\u00eatre moins famili\u00e8res en tant que directeur de fun\u00e9railles.<\/p><p>Cependant, quiconque attache de l&#8217;importance \u00e0 l&#8217;entrepreneuriat \u00e9cologique et socialement responsable a de l&#8217;or entre les mains avec nos wades \u00ab Wikkel-in \u00bb. Les tissus utilis\u00e9s sont soigneusement s\u00e9lectionn\u00e9s dans des tissages belges et europ\u00e9ens renomm\u00e9s, coup\u00e9s \u00e0 la main et trait\u00e9s avec une couture ornementale luxueuse, puis soigneusement emball\u00e9s. Le package contient \u00e9galement un manuel convivial. Pour la wade \u00ab\u00a0Wikkel-in\u00a0\u00bb Heritage en particulier, un lin non blanchi et naturel d&#8217;origine 100% belge et biologique est utilis\u00e9; ce tissu est certifi\u00e9 GOTS et r\u00e9pond ainsi aux plus hautes exigences \u00e9cologiques.<\/p><p>Pour plus d&#8217;informations sur les autres wades Wikkel-in et les produits correspondants, <a href=\"https:\/\/morivita.be\/fr\/contact\/\">contactez nous<\/a>.<\/p><\/div>\n\t\t\t\t<\/div>\n\t\t\t\t\t\t\t\t<\/div>\n\t\t\t\t\t\t<\/div>\n\t\t\t\t<\/div>\n\t\t\t\t\t<\/div>\n\t\t<\/div>\n\t\t\t\t<div class=\"elementor-column elementor-col-50 elementor-top-column elementor-element elementor-element-17323ad\" data-id=\"17323ad\" data-element_type=\"column\">\n\t\t\t<div class=\"elementor-widget-wrap\">\n\t\t\t\t\t\t\t<\/div>\n\t\t<\/div>\n\t\t\t\t\t<\/div>\n\t\t<\/section>\n\t\t\t\t<\/div>\n\t\t","protected":false},"excerpt":{"rendered":"<p>A propos de Morivita Avec Morivita, Indecor ouvre la porte \u00e0 l\u2019avenir. Avec Morivita, vous, cher professionnel des fun\u00e9railles, arrivez chez l&#8217;un des plus grands sp\u00e9cialistes europ\u00e9ens des textiles fun\u00e9raires. Indecor produit des rev\u00eatements, des linceuls et des couvres lits adapt\u00e9s au budget et aux go\u00fbts de chacun depuis 1976. Morivita sera la nouvelle cha\u00eene [&hellip;]<\/p>\n","protected":false},"author":1,"featured_media":0,"parent":0,"menu_order":0,"comment_status":"closed","ping_status":"closed","template":"","meta":{"_acf_changed":false,"footnotes":""},"class_list":["post-3885","page","type-page","status-publish","hentry"],"acf":[],"_links":{"self":[{"href":"https:\/\/morivita.be\/fr\/wp-json\/wp\/v2\/pages\/3885","targetHints":{"allow":["GET"]}}],"collection":[{"href":"https:\/\/morivita.be\/fr\/wp-json\/wp\/v2\/pages"}],"about":[{"href":"https:\/\/morivita.be\/fr\/wp-json\/wp\/v2\/types\/page"}],"author":[{"embeddable":true,"href":"https:\/\/morivita.be\/fr\/wp-json\/wp\/v2\/users\/1"}],"replies":[{"embeddable":true,"href":"https:\/\/morivita.be\/fr\/wp-json\/wp\/v2\/comments?post=3885"}],"version-history":[{"count":2,"href":"https:\/\/morivita.be\/fr\/wp-json\/wp\/v2\/pages\/3885\/revisions"}],"predecessor-version":[{"id":9979,"href":"https:\/\/morivita.be\/fr\/wp-json\/wp\/v2\/pages\/3885\/revisions\/9979"}],"wp:attachment":[{"href":"https:\/\/morivita.be\/fr\/wp-json\/wp\/v2\/media?parent=3885"}],"curies":[{"name":"wp","href":"https:\/\/api.w.org\/{rel}","templated":true}]}}