{"id":3902,"date":"2021-02-22T12:50:34","date_gmt":"2021-02-22T11:50:34","guid":{"rendered":"https:\/\/morivita.be\/?page_id=3902"},"modified":"2024-07-09T13:34:29","modified_gmt":"2024-07-09T11:34:29","slug":"declaration-de-confidentialite","status":"publish","type":"page","link":"https:\/\/morivita.be\/fr\/declaration-de-confidentialite\/","title":{"rendered":"D\u00e9claration de confidentialit\u00e9"},"content":{"rendered":"\t\t<div data-elementor-type=\"wp-page\" data-elementor-id=\"3902\" class=\"elementor elementor-3902 elementor-3\" data-elementor-post-type=\"page\">\n\t\t\t\t\t\t<section class=\"elementor-section elementor-top-section elementor-element elementor-element-70669690 elementor-section-height-min-height elementor-section-boxed elementor-section-height-default elementor-section-items-middle\" data-id=\"70669690\" data-element_type=\"section\" data-settings=\"{&quot;background_background&quot;:&quot;classic&quot;,&quot;jet_parallax_layout_list&quot;:[{&quot;jet_parallax_layout_image&quot;:{&quot;url&quot;:&quot;&quot;,&quot;id&quot;:&quot;&quot;,&quot;size&quot;:&quot;&quot;},&quot;_id&quot;:&quot;436cbb6&quot;,&quot;jet_parallax_layout_image_tablet&quot;:{&quot;url&quot;:&quot;&quot;,&quot;id&quot;:&quot;&quot;,&quot;size&quot;:&quot;&quot;},&quot;jet_parallax_layout_image_mobile&quot;:{&quot;url&quot;:&quot;&quot;,&quot;id&quot;:&quot;&quot;,&quot;size&quot;:&quot;&quot;},&quot;jet_parallax_layout_speed&quot;:{&quot;unit&quot;:&quot;%&quot;,&quot;size&quot;:50,&quot;sizes&quot;:[]},&quot;jet_parallax_layout_type&quot;:&quot;scroll&quot;,&quot;jet_parallax_layout_direction&quot;:&quot;1&quot;,&quot;jet_parallax_layout_fx_direction&quot;:null,&quot;jet_parallax_layout_z_index&quot;:&quot;&quot;,&quot;jet_parallax_layout_bg_x&quot;:50,&quot;jet_parallax_layout_bg_x_tablet&quot;:&quot;&quot;,&quot;jet_parallax_layout_bg_x_mobile&quot;:&quot;&quot;,&quot;jet_parallax_layout_bg_y&quot;:50,&quot;jet_parallax_layout_bg_y_tablet&quot;:&quot;&quot;,&quot;jet_parallax_layout_bg_y_mobile&quot;:&quot;&quot;,&quot;jet_parallax_layout_bg_size&quot;:&quot;auto&quot;,&quot;jet_parallax_layout_bg_size_tablet&quot;:&quot;&quot;,&quot;jet_parallax_layout_bg_size_mobile&quot;:&quot;&quot;,&quot;jet_parallax_layout_animation_prop&quot;:&quot;transform&quot;,&quot;jet_parallax_layout_on&quot;:[&quot;desktop&quot;,&quot;tablet&quot;]}]}\">\n\t\t\t\t\t\t<div class=\"elementor-container elementor-column-gap-default\">\n\t\t\t\t\t<div class=\"elementor-column elementor-col-100 elementor-top-column elementor-element elementor-element-354d1cfd\" data-id=\"354d1cfd\" data-element_type=\"column\">\n\t\t\t<div class=\"elementor-widget-wrap\">\n\t\t\t\t\t\t\t<\/div>\n\t\t<\/div>\n\t\t\t\t\t<\/div>\n\t\t<\/section>\n\t\t\t\t<section class=\"elementor-section elementor-top-section elementor-element elementor-element-7a6c35ef elementor-section-height-min-height elementor-section-items-top elementor-section-boxed elementor-section-height-default\" data-id=\"7a6c35ef\" data-element_type=\"section\" data-settings=\"{&quot;jet_parallax_layout_list&quot;:[{&quot;jet_parallax_layout_image&quot;:{&quot;url&quot;:&quot;&quot;,&quot;id&quot;:&quot;&quot;,&quot;size&quot;:&quot;&quot;},&quot;_id&quot;:&quot;c3471af&quot;,&quot;jet_parallax_layout_image_tablet&quot;:{&quot;url&quot;:&quot;&quot;,&quot;id&quot;:&quot;&quot;,&quot;size&quot;:&quot;&quot;},&quot;jet_parallax_layout_image_mobile&quot;:{&quot;url&quot;:&quot;&quot;,&quot;id&quot;:&quot;&quot;,&quot;size&quot;:&quot;&quot;},&quot;jet_parallax_layout_speed&quot;:{&quot;unit&quot;:&quot;%&quot;,&quot;size&quot;:50,&quot;sizes&quot;:[]},&quot;jet_parallax_layout_type&quot;:&quot;scroll&quot;,&quot;jet_parallax_layout_direction&quot;:&quot;1&quot;,&quot;jet_parallax_layout_fx_direction&quot;:null,&quot;jet_parallax_layout_z_index&quot;:&quot;&quot;,&quot;jet_parallax_layout_bg_x&quot;:50,&quot;jet_parallax_layout_bg_x_tablet&quot;:&quot;&quot;,&quot;jet_parallax_layout_bg_x_mobile&quot;:&quot;&quot;,&quot;jet_parallax_layout_bg_y&quot;:50,&quot;jet_parallax_layout_bg_y_tablet&quot;:&quot;&quot;,&quot;jet_parallax_layout_bg_y_mobile&quot;:&quot;&quot;,&quot;jet_parallax_layout_bg_size&quot;:&quot;auto&quot;,&quot;jet_parallax_layout_bg_size_tablet&quot;:&quot;&quot;,&quot;jet_parallax_layout_bg_size_mobile&quot;:&quot;&quot;,&quot;jet_parallax_layout_animation_prop&quot;:&quot;transform&quot;,&quot;jet_parallax_layout_on&quot;:[&quot;desktop&quot;,&quot;tablet&quot;]}]}\">\n\t\t\t\t\t\t<div class=\"elementor-container elementor-column-gap-default\">\n\t\t\t\t\t<div class=\"elementor-column elementor-col-50 elementor-top-column elementor-element elementor-element-576d34f8\" data-id=\"576d34f8\" data-element_type=\"column\">\n\t\t\t<div class=\"elementor-widget-wrap elementor-element-populated\">\n\t\t\t\t\t\t<div class=\"elementor-element elementor-element-93904ab elementor-widget elementor-widget-heading\" data-id=\"93904ab\" data-element_type=\"widget\" data-widget_type=\"heading.default\">\n\t\t\t\t<div class=\"elementor-widget-container\">\n\t\t\t\t\t<h1 class=\"elementor-heading-title elementor-size-default\">D\u00e9claration de confidentialit\u00e9<\/h1>\t\t\t\t<\/div>\n\t\t\t\t<\/div>\n\t\t\t\t<div class=\"elementor-element elementor-element-919d220 elementor-widget elementor-widget-text-editor\" data-id=\"919d220\" data-element_type=\"widget\" data-widget_type=\"text-editor.default\">\n\t\t\t\t<div class=\"elementor-widget-container\">\n\t\t\t\t\t\t\t\t\t<p>Ce site web est la propri\u00e9t\u00e9 de Morivita. En acc\u00e9dant au site web et en l\u2019utilisant, vous acceptez express\u00e9ment les conditions g\u00e9n\u00e9rales suivantes. <\/p>\n\t\t\t\t\t\t\t\t<\/div>\n\t\t\t\t<\/div>\n\t\t\t\t<div class=\"elementor-element elementor-element-8aafb38 elementor-widget elementor-widget-heading\" data-id=\"8aafb38\" data-element_type=\"widget\" data-widget_type=\"heading.default\">\n\t\t\t\t<div class=\"elementor-widget-container\">\n\t\t\t\t\t<h4 class=\"elementor-heading-title elementor-size-default\">Coordonn\u00e9es<\/h4>\t\t\t\t<\/div>\n\t\t\t\t<\/div>\n\t\t\t\t<div class=\"elementor-element elementor-element-e85187e elementor-widget elementor-widget-text-editor\" data-id=\"e85187e\" data-element_type=\"widget\" data-widget_type=\"text-editor.default\">\n\t\t\t\t<div class=\"elementor-widget-container\">\n\t\t\t\t\t\t\t\t\t<p>Adresse du si\u00e8ge social : <a href=\"https:\/\/goo.gl\/maps\/3ebd8LyFcCWpKGtR6\" target=\"_blank\" rel=\"noopener\"><span class=\"elementor-icon-list-text\">Laagstraat 9, 9140 Temse, Belgi\u00eb<\/span><\/a><\/p><p>T\u00e9l\u00e9phone : <a href=\"tel:+3278312905\"><span class=\"elementor-icon-list-text\">+32 78 31 29 05<\/span><\/a><\/p><p>E-mail: <a href=\"mailto:info@morivita.be\"><span class=\"elementor-icon-list-text\">info@morivita.be<\/span><\/a><\/p><p>Num\u00e9ro d\u2019entreprise : BE 0474 753 929<\/p>\t\t\t\t\t\t\t\t<\/div>\n\t\t\t\t<\/div>\n\t\t\t\t<div class=\"elementor-element elementor-element-f0b10ea elementor-widget elementor-widget-heading\" data-id=\"f0b10ea\" data-element_type=\"widget\" data-widget_type=\"heading.default\">\n\t\t\t\t<div class=\"elementor-widget-container\">\n\t\t\t\t\t<h4 class=\"elementor-heading-title elementor-size-default\">Les donn\u00e9es personnelles que nous traitons<\/h4>\t\t\t\t<\/div>\n\t\t\t\t<\/div>\n\t\t\t\t<div class=\"elementor-element elementor-element-87f9cf6 elementor-widget elementor-widget-text-editor\" data-id=\"87f9cf6\" data-element_type=\"widget\" data-widget_type=\"text-editor.default\">\n\t\t\t\t<div class=\"elementor-widget-container\">\n\t\t\t\t\t\t\t\t\t<p>Morivita traite vos donn\u00e9es personnelles parce que vous utilisez nos services et\/ou parce que vous nous fournissez vous-m\u00eames ces donn\u00e9es. Ci-dessous vous trouvez un aper\u00e7u des donn\u00e9es personnelles que nous traitons : <\/p>\n<ul>\n<li aria-level=\"1\"> Pr\u00e9nom et nom de famille<\/li>\n<li aria-level=\"1\"> Courrier \u00e9lectronique<\/li>\n<li aria-level=\"1\">Num\u00e9ro de t\u00e9l\u00e9phone<\/li>\n<li aria-level=\"1\">Nom de l\u2019entreprise, coordonn\u00e9es de l\u2019entreprise, num\u00e9ro de TVA<\/li>\n<li aria-level=\"1\"> Navigateur Internet et type d\u2019appareil<\/li>\n<\/ul>\n\t\t\t\t\t\t\t\t<\/div>\n\t\t\t\t<\/div>\n\t\t\t\t<div class=\"elementor-element elementor-element-96f9fdf elementor-widget elementor-widget-heading\" data-id=\"96f9fdf\" data-element_type=\"widget\" data-widget_type=\"heading.default\">\n\t\t\t\t<div class=\"elementor-widget-container\">\n\t\t\t\t\t<h4 class=\"elementor-heading-title elementor-size-default\">Des donn\u00e9es personnelles sp\u00e9ciales et\/ou sensibles que nous traitons<\/h4>\t\t\t\t<\/div>\n\t\t\t\t<\/div>\n\t\t\t\t<div class=\"elementor-element elementor-element-7e63eb5 elementor-widget elementor-widget-text-editor\" data-id=\"7e63eb5\" data-element_type=\"widget\" data-widget_type=\"text-editor.default\">\n\t\t\t\t<div class=\"elementor-widget-container\">\n\t\t\t\t\t\t\t\t\t<p>Notre site web et\/ou service n\u2019a pas pour intention de collecter des donn\u00e9es sur les visiteurs du site web qui n\u2019ont pas attir\u00e9 l\u2019\u00e2ge de 16 ans. Exclusivement quand ils ont de la permission des parents ou de leur tuteur. N\u00e9anmoins, nous ne pouvons pas contr\u00f4ler si un visiteur a plus de 16 ans. Nous recommandons donc que les parents soient impliqu\u00e9s dans les activit\u00e9s en ligne de leurs enfants afin d\u2019\u00e9viter que des donn\u00e9es des enfants soient collect\u00e9es sans permission parentale. Si vous \u00eates convaincu que nous avons collect\u00e9s des donn\u00e9es personnelles d\u2019un mineur sans cette permission parentale, contactez-nous par email : <a href=\"mailto:info@morivita.be\"><span class=\"elementor-icon-list-text\">info@morivita.be<\/span><\/a> . Alors nous supprimerons cette information.    <\/p>\n\t\t\t\t\t\t\t\t<\/div>\n\t\t\t\t<\/div>\n\t\t\t\t<div class=\"elementor-element elementor-element-17b3aec elementor-widget elementor-widget-heading\" data-id=\"17b3aec\" data-element_type=\"widget\" data-widget_type=\"heading.default\">\n\t\t\t\t<div class=\"elementor-widget-container\">\n\t\t\t\t\t<h4 class=\"elementor-heading-title elementor-size-default\">Pour quel objectif et sur quelle base traitons-nous les donn\u00e9es personnelles<\/h4>\t\t\t\t<\/div>\n\t\t\t\t<\/div>\n\t\t\t\t<div class=\"elementor-element elementor-element-b02d0f1 elementor-widget elementor-widget-text-editor\" data-id=\"b02d0f1\" data-element_type=\"widget\" data-widget_type=\"text-editor.default\">\n\t\t\t\t<div class=\"elementor-widget-container\">\n\t\t\t\t\t\t\t\t\t<ul>\n<li aria-level=\"1\">Morivita traite vos donn\u00e9es personnelles pour les objectifs suivants :<\/li>\n<li aria-level=\"1\">Envoi de notre bulletin d\u2019information et\/ou d\u00e9pliant publicitaire<\/li>\n<li aria-level=\"1\">Pour pouvoir vous appeler ou vous envoyer un e-mail si cela est n\u00e9cessaire pour \u00eatre capable de ex\u00e9cuter notre service.<\/li>\n<li aria-level=\"1\">Pour vous informer des modifications \u00e0 nos services et produits<\/li>\n<li aria-level=\"1\">Pour livrer des produits et services chez vous<\/li>\n<li aria-level=\"1\">Morivita analyse votre comportement sur le site web afin d\u2019am\u00e9liorer le site web et d\u2019adapter l\u2019offre des produits et services \u00e0 vos pr\u00e9f\u00e9rences.<\/li>\n<\/ul>\n<p>Vous n\u2019\u00eates pas oblig\u00e9s de donner vos donn\u00e9es personnelles, mais c\u2019est logique que la fourniture de certains services devienne impossible quand vous refusez le traitement.<\/p>\n\t\t\t\t\t\t\t\t<\/div>\n\t\t\t\t<\/div>\n\t\t\t\t<div class=\"elementor-element elementor-element-0340a97 elementor-widget elementor-widget-heading\" data-id=\"0340a97\" data-element_type=\"widget\" data-widget_type=\"heading.default\">\n\t\t\t\t<div class=\"elementor-widget-container\">\n\t\t\t\t\t<h4 class=\"elementor-heading-title elementor-size-default\">Combien de temps nous conservons les donn\u00e9es personnelles<\/h4>\t\t\t\t<\/div>\n\t\t\t\t<\/div>\n\t\t\t\t<div class=\"elementor-element elementor-element-ac276b6 elementor-widget elementor-widget-text-editor\" data-id=\"ac276b6\" data-element_type=\"widget\" data-widget_type=\"text-editor.default\">\n\t\t\t\t<div class=\"elementor-widget-container\">\n\t\t\t\t\t\t\t\t\t<p>Morivita ne conserve pas vos donn\u00e9es personnelles plus longtemps que ce qui est strictement n\u00e9cessaire pour r\u00e9aliser les objectifs pour lesquels les donn\u00e9es sont collect\u00e9es. Nous appliquons les p\u00e9riodes de conservation suivantes pour les (cat\u00e9gories) de donn\u00e9es personnelles suivantes : <\/p>\n<ul>\n<li aria-level=\"1\">Tant que vous \u00eates client chez Morivita vos donn\u00e9es sont conserv\u00e9es.<\/li>\n<li aria-level=\"1\">Si l\u2019on n\u2019est plus client, les donn\u00e9es personnelles sont supprim\u00e9es dans un d\u00e9lai de 3 mois, \u00e0 l\u2019exclusion des donn\u00e9es que Morivita est l\u00e9galement tenu de conserver, comme par exemple des factures et des documents comptables.<\/li>\n<li aria-level=\"1\"> Dans le cas d\u2019 un prospect les donn\u00e9es personnelles sont supprim\u00e9es les 3 mois apr\u00e8s le dernier contact.<\/li>\n<\/ul>\n\t\t\t\t\t\t\t\t<\/div>\n\t\t\t\t<\/div>\n\t\t\t\t<div class=\"elementor-element elementor-element-015bdc6 elementor-widget elementor-widget-heading\" data-id=\"015bdc6\" data-element_type=\"widget\" data-widget_type=\"heading.default\">\n\t\t\t\t<div class=\"elementor-widget-container\">\n\t\t\t\t\t<h4 class=\"elementor-heading-title elementor-size-default\">Partager des donn\u00e9es personnelles avec des tiers<\/h4>\t\t\t\t<\/div>\n\t\t\t\t<\/div>\n\t\t\t\t<div class=\"elementor-element elementor-element-197b897 elementor-widget elementor-widget-text-editor\" data-id=\"197b897\" data-element_type=\"widget\" data-widget_type=\"text-editor.default\">\n\t\t\t\t<div class=\"elementor-widget-container\">\n\t\t\t\t\t\t\t\t\t<p>Morivita fournit exclusivement \u00e0 des tiers et seulement ci s\u2019est n\u00e9cessaire pour l\u2019ex\u00e9cution de notre accord avec vous ou pour respecter une obligation l\u00e9gale.<\/p>\n\t\t\t\t\t\t\t\t<\/div>\n\t\t\t\t<\/div>\n\t\t\t\t<div class=\"elementor-element elementor-element-546276e elementor-widget elementor-widget-heading\" data-id=\"546276e\" data-element_type=\"widget\" data-widget_type=\"heading.default\">\n\t\t\t\t<div class=\"elementor-widget-container\">\n\t\t\t\t\t<h4 class=\"elementor-heading-title elementor-size-default\">Visualisation, modification ou suppression de donn\u00e9es<\/h4>\t\t\t\t<\/div>\n\t\t\t\t<\/div>\n\t\t\t\t<div class=\"elementor-element elementor-element-a7bb3d6 elementor-widget elementor-widget-text-editor\" data-id=\"a7bb3d6\" data-element_type=\"widget\" data-widget_type=\"text-editor.default\">\n\t\t\t\t<div class=\"elementor-widget-container\">\n\t\t\t\t\t\t\t\t\t<p>Vous avez le droit de visualiser vos donn\u00e9es personnelles, de les corriger ou de les supprimer. En outre, vous avez le droit de retirer votre consentement au traitement des donn\u00e9es ou de vous opposer au traitement de vos donn\u00e9es personnelles par Morivita et vous avez le droit \u00e0 la portabilit\u00e9 des donn\u00e9es. Cela signifie que vous pouvez nous demander d\u2019envoyer les donn\u00e9es personnelles que nous poss\u00e9dons sur vous dans un fichier informatique \u00e0 vous ou \u00e0 une autre organisation que vous aurez d\u00e9sign\u00e9e.  <\/p>\n<p>Vous pouvez envoyer une demande d\u2019acc\u00e8s, de rectification, d\u2019effacement, de modification des donn\u00e9es ou une demande de retrait de votre consentement ou une objection au traitement de vos donn\u00e9es personnelles par email : <a href=\"mailto:info@morivita.be\"><span class=\"elementor-icon-list-text\">info@morivita.be<\/span><\/a>.<\/p>\n<p>Pour \u00eatre s\u00fbr que la demande d\u2019inspection a \u00e9t\u00e9 faite par vous, nous vous demandons d\u2019envoyer une copie de votre preuve d\u2019identit\u00e9 soit par e-mail \u00e0 (<a href=\"mailto:info@morivita.be\"><span class=\"elementor-icon-list-text\">info@morivita.be<\/span><\/a>), soit par courrier \u00e0 <a href=\"https:\/\/goo.gl\/maps\/3ebd8LyFcCWpKGtR6\" target=\"_blank\" rel=\"noopener\"><span class=\"elementor-icon-list-text\">Laagstraat 9, 9140 Temse, Belgi\u00eb<\/span><\/a>, en joignant une copie de votre carte d\u2019identit\u00e9. Nous r\u00e9pondrons \u00e0 votre demande le plus rapidement possible, dans un d\u00e9lai de quatre semaines. <\/p>\n<p>Morivita veut \u00e9galement vous informer que vous avez la possibilit\u00e9 d\u2019introduire une plainte aupr\u00e8s de la Commission Belge de la Protection de la Vie Priv\u00e9e, Drukpersstraat 35, 1000 Brussel, Tel +32 (0)2 274 48 00, Fax +32 (0)2 274 48 35, email: commission@privacycommission.be<\/p>\n\t\t\t\t\t\t\t\t<\/div>\n\t\t\t\t<\/div>\n\t\t\t\t<div class=\"elementor-element elementor-element-fe6cbf4 elementor-widget elementor-widget-heading\" data-id=\"fe6cbf4\" data-element_type=\"widget\" data-widget_type=\"heading.default\">\n\t\t\t\t<div class=\"elementor-widget-container\">\n\t\t\t\t\t<h4 class=\"elementor-heading-title elementor-size-default\">Comment nous prot\u00e9geons les donn\u00e9es personnelles<\/h4>\t\t\t\t<\/div>\n\t\t\t\t<\/div>\n\t\t\t\t<div class=\"elementor-element elementor-element-d0aa1f2 elementor-widget elementor-widget-text-editor\" data-id=\"d0aa1f2\" data-element_type=\"widget\" data-widget_type=\"text-editor.default\">\n\t\t\t\t<div class=\"elementor-widget-container\">\n\t\t\t\t\t\t\t\t\t<p>Morivita prend au s\u00e9rieux la protection de vos donn\u00e9es et prend des mesures appropri\u00e9es pour pr\u00e9venir l\u2019abus, la perte, l\u2019acc\u00e8s non autoris\u00e9, la divulgation non souhait\u00e9e et la modification non autoris\u00e9e. Si vous estimez que vos donn\u00e9es ne sont pas bien prot\u00e9g\u00e9es ou qu\u2019il existe des indices d\u2019abus, veuillez nous contacter par email : <a href=\"mailto:info@morivita.be\"><span class=\"elementor-icon-list-text\">info@morivita.be<\/span><\/a>. <\/p>\n<p>Derni\u00e8re modification le 14\/06\/2021.<\/p>\n\t\t\t\t\t\t\t\t<\/div>\n\t\t\t\t<\/div>\n\t\t\t\t\t<\/div>\n\t\t<\/div>\n\t\t\t\t<div class=\"elementor-column elementor-col-50 elementor-top-column elementor-element elementor-element-567dbf6\" data-id=\"567dbf6\" data-element_type=\"column\">\n\t\t\t<div class=\"elementor-widget-wrap\">\n\t\t\t\t\t\t\t<\/div>\n\t\t<\/div>\n\t\t\t\t\t<\/div>\n\t\t<\/section>\n\t\t\t\t<\/div>\n\t\t","protected":false},"excerpt":{"rendered":"<p>D\u00e9claration de confidentialit\u00e9 Ce site web est la propri\u00e9t\u00e9 de Morivita. En acc\u00e9dant au site web et en l\u2019utilisant, vous acceptez express\u00e9ment les conditions g\u00e9n\u00e9rales suivantes. Coordonn\u00e9es Adresse du si\u00e8ge social : Laagstraat 9, 9140 Temse, Belgi\u00eb T\u00e9l\u00e9phone : +32 78 31 29 05 E-mail: info@morivita.be Num\u00e9ro d\u2019entreprise : BE 0474 753 929 Les donn\u00e9es [&hellip;]<\/p>\n","protected":false},"author":1,"featured_media":0,"parent":0,"menu_order":0,"comment_status":"closed","ping_status":"closed","template":"","meta":{"_acf_changed":false,"footnotes":""},"class_list":["post-3902","page","type-page","status-publish","hentry"],"acf":[],"_links":{"self":[{"href":"https:\/\/morivita.be\/fr\/wp-json\/wp\/v2\/pages\/3902","targetHints":{"allow":["GET"]}}],"collection":[{"href":"https:\/\/morivita.be\/fr\/wp-json\/wp\/v2\/pages"}],"about":[{"href":"https:\/\/morivita.be\/fr\/wp-json\/wp\/v2\/types\/page"}],"author":[{"embeddable":true,"href":"https:\/\/morivita.be\/fr\/wp-json\/wp\/v2\/users\/1"}],"replies":[{"embeddable":true,"href":"https:\/\/morivita.be\/fr\/wp-json\/wp\/v2\/comments?post=3902"}],"version-history":[{"count":4,"href":"https:\/\/morivita.be\/fr\/wp-json\/wp\/v2\/pages\/3902\/revisions"}],"predecessor-version":[{"id":10020,"href":"https:\/\/morivita.be\/fr\/wp-json\/wp\/v2\/pages\/3902\/revisions\/10020"}],"wp:attachment":[{"href":"https:\/\/morivita.be\/fr\/wp-json\/wp\/v2\/media?parent=3902"}],"curies":[{"name":"wp","href":"https:\/\/api.w.org\/{rel}","templated":true}]}}