{"id":3905,"date":"2021-06-03T09:55:13","date_gmt":"2021-06-03T07:55:13","guid":{"rendered":"https:\/\/morivita.be\/?page_id=3905"},"modified":"2021-06-03T14:55:12","modified_gmt":"2021-06-03T12:55:12","slug":"senregistrer","status":"publish","type":"page","link":"https:\/\/morivita.be\/fr\/senregistrer\/","title":{"rendered":"S&#8217;enregistrer"},"content":{"rendered":"\t\t<div data-elementor-type=\"wp-page\" data-elementor-id=\"3905\" class=\"elementor elementor-3905 elementor-1112\" data-elementor-post-type=\"page\">\n\t\t\t\t\t\t<section class=\"elementor-section elementor-top-section elementor-element elementor-element-e57b962 elementor-section-height-min-height elementor-section-boxed elementor-section-height-default elementor-section-items-middle\" data-id=\"e57b962\" data-element_type=\"section\" data-settings=\"{&quot;background_background&quot;:&quot;classic&quot;,&quot;jet_parallax_layout_list&quot;:[{&quot;jet_parallax_layout_image&quot;:{&quot;url&quot;:&quot;&quot;,&quot;id&quot;:&quot;&quot;,&quot;size&quot;:&quot;&quot;},&quot;_id&quot;:&quot;81035ff&quot;,&quot;jet_parallax_layout_image_tablet&quot;:{&quot;url&quot;:&quot;&quot;,&quot;id&quot;:&quot;&quot;,&quot;size&quot;:&quot;&quot;},&quot;jet_parallax_layout_image_mobile&quot;:{&quot;url&quot;:&quot;&quot;,&quot;id&quot;:&quot;&quot;,&quot;size&quot;:&quot;&quot;},&quot;jet_parallax_layout_speed&quot;:{&quot;unit&quot;:&quot;%&quot;,&quot;size&quot;:50,&quot;sizes&quot;:[]},&quot;jet_parallax_layout_type&quot;:&quot;scroll&quot;,&quot;jet_parallax_layout_direction&quot;:&quot;1&quot;,&quot;jet_parallax_layout_fx_direction&quot;:null,&quot;jet_parallax_layout_z_index&quot;:&quot;&quot;,&quot;jet_parallax_layout_bg_x&quot;:50,&quot;jet_parallax_layout_bg_x_tablet&quot;:&quot;&quot;,&quot;jet_parallax_layout_bg_x_mobile&quot;:&quot;&quot;,&quot;jet_parallax_layout_bg_y&quot;:50,&quot;jet_parallax_layout_bg_y_tablet&quot;:&quot;&quot;,&quot;jet_parallax_layout_bg_y_mobile&quot;:&quot;&quot;,&quot;jet_parallax_layout_bg_size&quot;:&quot;auto&quot;,&quot;jet_parallax_layout_bg_size_tablet&quot;:&quot;&quot;,&quot;jet_parallax_layout_bg_size_mobile&quot;:&quot;&quot;,&quot;jet_parallax_layout_animation_prop&quot;:&quot;transform&quot;,&quot;jet_parallax_layout_on&quot;:[&quot;desktop&quot;,&quot;tablet&quot;]}]}\">\n\t\t\t\t\t\t<div class=\"elementor-container elementor-column-gap-default\">\n\t\t\t\t\t<div class=\"elementor-column elementor-col-100 elementor-top-column elementor-element elementor-element-b807cc2\" data-id=\"b807cc2\" data-element_type=\"column\">\n\t\t\t<div class=\"elementor-widget-wrap\">\n\t\t\t\t\t\t\t<\/div>\n\t\t<\/div>\n\t\t\t\t\t<\/div>\n\t\t<\/section>\n\t\t\t\t<section class=\"elementor-section elementor-top-section elementor-element elementor-element-f39d50c elementor-section-boxed elementor-section-height-default elementor-section-height-default\" data-id=\"f39d50c\" data-element_type=\"section\" data-settings=\"{&quot;jet_parallax_layout_list&quot;:[{&quot;jet_parallax_layout_image&quot;:{&quot;url&quot;:&quot;&quot;,&quot;id&quot;:&quot;&quot;,&quot;size&quot;:&quot;&quot;},&quot;_id&quot;:&quot;6fb178e&quot;,&quot;jet_parallax_layout_image_tablet&quot;:{&quot;url&quot;:&quot;&quot;,&quot;id&quot;:&quot;&quot;,&quot;size&quot;:&quot;&quot;},&quot;jet_parallax_layout_image_mobile&quot;:{&quot;url&quot;:&quot;&quot;,&quot;id&quot;:&quot;&quot;,&quot;size&quot;:&quot;&quot;},&quot;jet_parallax_layout_speed&quot;:{&quot;unit&quot;:&quot;%&quot;,&quot;size&quot;:50,&quot;sizes&quot;:[]},&quot;jet_parallax_layout_type&quot;:&quot;scroll&quot;,&quot;jet_parallax_layout_direction&quot;:&quot;1&quot;,&quot;jet_parallax_layout_fx_direction&quot;:null,&quot;jet_parallax_layout_z_index&quot;:&quot;&quot;,&quot;jet_parallax_layout_bg_x&quot;:50,&quot;jet_parallax_layout_bg_x_tablet&quot;:&quot;&quot;,&quot;jet_parallax_layout_bg_x_mobile&quot;:&quot;&quot;,&quot;jet_parallax_layout_bg_y&quot;:50,&quot;jet_parallax_layout_bg_y_tablet&quot;:&quot;&quot;,&quot;jet_parallax_layout_bg_y_mobile&quot;:&quot;&quot;,&quot;jet_parallax_layout_bg_size&quot;:&quot;auto&quot;,&quot;jet_parallax_layout_bg_size_tablet&quot;:&quot;&quot;,&quot;jet_parallax_layout_bg_size_mobile&quot;:&quot;&quot;,&quot;jet_parallax_layout_animation_prop&quot;:&quot;transform&quot;,&quot;jet_parallax_layout_on&quot;:[&quot;desktop&quot;,&quot;tablet&quot;]}]}\">\n\t\t\t\t\t\t<div class=\"elementor-container elementor-column-gap-wide\">\n\t\t\t\t\t<div class=\"elementor-column elementor-col-50 elementor-top-column elementor-element elementor-element-b73fa83\" data-id=\"b73fa83\" data-element_type=\"column\">\n\t\t\t<div class=\"elementor-widget-wrap elementor-element-populated\">\n\t\t\t\t\t\t<div class=\"elementor-element elementor-element-29fcdc8 elementor-widget elementor-widget-heading\" data-id=\"29fcdc8\" data-element_type=\"widget\" data-widget_type=\"heading.default\">\n\t\t\t\t<div class=\"elementor-widget-container\">\n\t\t\t\t\t<h2 class=\"elementor-heading-title elementor-size-default\">S'enregistrer<\/h2>\t\t\t\t<\/div>\n\t\t\t\t<\/div>\n\t\t\t\t\t<\/div>\n\t\t<\/div>\n\t\t\t\t<div class=\"elementor-column elementor-col-50 elementor-top-column elementor-element elementor-element-653653d\" data-id=\"653653d\" data-element_type=\"column\">\n\t\t\t<div class=\"elementor-widget-wrap\">\n\t\t\t\t\t\t\t<\/div>\n\t\t<\/div>\n\t\t\t\t\t<\/div>\n\t\t<\/section>\n\t\t\t\t<section class=\"elementor-section elementor-top-section elementor-element elementor-element-55e281d elementor-section-boxed elementor-section-height-default elementor-section-height-default\" data-id=\"55e281d\" data-element_type=\"section\" data-settings=\"{&quot;jet_parallax_layout_list&quot;:[{&quot;jet_parallax_layout_image&quot;:{&quot;url&quot;:&quot;&quot;,&quot;id&quot;:&quot;&quot;,&quot;size&quot;:&quot;&quot;},&quot;_id&quot;:&quot;d0742ac&quot;,&quot;jet_parallax_layout_image_tablet&quot;:{&quot;url&quot;:&quot;&quot;,&quot;id&quot;:&quot;&quot;,&quot;size&quot;:&quot;&quot;},&quot;jet_parallax_layout_image_mobile&quot;:{&quot;url&quot;:&quot;&quot;,&quot;id&quot;:&quot;&quot;,&quot;size&quot;:&quot;&quot;},&quot;jet_parallax_layout_speed&quot;:{&quot;unit&quot;:&quot;%&quot;,&quot;size&quot;:50,&quot;sizes&quot;:[]},&quot;jet_parallax_layout_type&quot;:&quot;scroll&quot;,&quot;jet_parallax_layout_direction&quot;:&quot;1&quot;,&quot;jet_parallax_layout_fx_direction&quot;:null,&quot;jet_parallax_layout_z_index&quot;:&quot;&quot;,&quot;jet_parallax_layout_bg_x&quot;:50,&quot;jet_parallax_layout_bg_x_tablet&quot;:&quot;&quot;,&quot;jet_parallax_layout_bg_x_mobile&quot;:&quot;&quot;,&quot;jet_parallax_layout_bg_y&quot;:50,&quot;jet_parallax_layout_bg_y_tablet&quot;:&quot;&quot;,&quot;jet_parallax_layout_bg_y_mobile&quot;:&quot;&quot;,&quot;jet_parallax_layout_bg_size&quot;:&quot;auto&quot;,&quot;jet_parallax_layout_bg_size_tablet&quot;:&quot;&quot;,&quot;jet_parallax_layout_bg_size_mobile&quot;:&quot;&quot;,&quot;jet_parallax_layout_animation_prop&quot;:&quot;transform&quot;,&quot;jet_parallax_layout_on&quot;:[&quot;desktop&quot;,&quot;tablet&quot;]}]}\">\n\t\t\t\t\t\t<div class=\"elementor-container elementor-column-gap-default\">\n\t\t\t\t\t<div class=\"elementor-column elementor-col-100 elementor-top-column elementor-element elementor-element-1cbc6b3\" data-id=\"1cbc6b3\" data-element_type=\"column\">\n\t\t\t<div class=\"elementor-widget-wrap elementor-element-populated\">\n\t\t\t\t\t\t<div class=\"elementor-element elementor-element-9f1ebac elementor-widget elementor-widget-text-editor\" data-id=\"9f1ebac\" data-element_type=\"widget\" data-widget_type=\"text-editor.default\">\n\t\t\t\t<div class=\"elementor-widget-container\">\n\t\t\t\t\t\t\t\t\t<div id=\"um-admin-form-shortcode\" class=\"postbox \"><div class=\"inside\"><div class=\"um-admin-metabox\"><p>\n<div class=\"um um-register um-4125\">\n\n\t<div class=\"um-form\" data-mode=\"register\">\n\n\t\t<form method=\"post\" action=\"\">\n\n\t\t\t<div class=\"um-row _um_row_1 \" style=\"margin: 0 0 30px 0;\"><div class=\"um-col-1\"><div  class=\"um-field um-field-block  um-field-block um-field-type_block\" data-key=\"um_block_4125_16\"><h5 style=\"color:black!important;\">Donn\u00e9es personnelles<\/h5><\/div><\/div><div class=\"um-col-121\"><div  id=\"um_field_4125_prenom\" class=\"um-field um-field-text  um-field-prenom um-field-text um-field-type_text\" data-key=\"prenom\"><div class=\"um-field-label\"><label for=\"prenom-4125\">Pr\u00e9nom*<\/label><div class=\"um-clear\"><\/div><\/div><div class=\"um-field-area\"><input  autocomplete=\"off\" class=\"um-form-field valid \" type=\"text\" name=\"prenom-4125\" id=\"prenom-4125\" value=\"\" placeholder=\"\" data-validate=\"\" data-key=\"prenom\" \/>\n\n\t\t\t\t\t\t<\/div><\/div><\/div><div class=\"um-col-122\"><div  id=\"um_field_4125_nom\" class=\"um-field um-field-text  um-field-nom um-field-text um-field-type_text\" data-key=\"nom\"><div class=\"um-field-label\"><label for=\"nom-4125\">Nom*<\/label><div class=\"um-clear\"><\/div><\/div><div class=\"um-field-area\"><input  autocomplete=\"off\" class=\"um-form-field valid \" type=\"text\" name=\"nom-4125\" id=\"nom-4125\" value=\"\" placeholder=\"\" data-validate=\"\" data-key=\"nom\" \/>\n\n\t\t\t\t\t\t<\/div><\/div><\/div><div class=\"um-clear\"><\/div><\/div><div class=\"um-row _um_row_2 \" style=\"margin: 0 0 30px 0;\"><div class=\"um-col-1\"><div  class=\"um-field um-field-block  um-field-block um-field-type_block\" data-key=\"um_block_4125_16_17\"><h5 style=\"color:black!important;\">D\u00e9tails de la soci\u00e9t\u00e9 <\/h5><\/div><div  id=\"um_field_4125_Societe\" class=\"um-field um-field-text  um-field-Societe um-field-text um-field-type_text\" data-key=\"Societe\"><div class=\"um-field-label\"><label for=\"Societe-4125\">Soci\u00e9t\u00e9*<\/label><div class=\"um-clear\"><\/div><\/div><div class=\"um-field-area\"><input  autocomplete=\"off\" class=\"um-form-field valid \" type=\"text\" name=\"Societe-4125\" id=\"Societe-4125\" value=\"\" placeholder=\"\" data-validate=\"\" data-key=\"Societe\" \/>\n\n\t\t\t\t\t\t<\/div><\/div><div  id=\"um_field_4125_tva\" class=\"um-field um-field-text  um-field-tva um-field-text um-field-type_text\" data-key=\"tva\"><div class=\"um-field-label\"><label for=\"tva-4125\">TVA <\/label><div class=\"um-clear\"><\/div><\/div><div class=\"um-field-area\"><input  autocomplete=\"off\" class=\"um-form-field valid not-required \" type=\"text\" name=\"tva-4125\" id=\"tva-4125\" value=\"\" placeholder=\"\" data-validate=\"\" data-key=\"tva\" \/>\n\n\t\t\t\t\t\t<\/div><\/div><div  id=\"um_field_4125_activite\" class=\"um-field um-field-select  um-field-activite um-field-select um-field-type_select\" data-key=\"activite\"><div class=\"um-field-label\"><label for=\"activite-4125\">Activit\u00e9*<\/label><div class=\"um-clear\"><\/div><\/div><div class=\"um-field-area  \"><select data-default=\"\"     name=\"activite\" id=\"activite\" data-validate=\"\" data-key=\"activite\" class=\"um-form-field valid um-s1 \" style=\"width: 100%\" data-placeholder=\"\" ><option value=\"\"><\/option><option value=\"Pompes fun\u00e8bres\" >Pompes fun\u00e8bres<\/option><option value=\"Cr\u00e9matorium\" >Cr\u00e9matorium<\/option><option value=\"Commune\" >Commune<\/option><option value=\"MRS\" >MRS<\/option><option value=\"H\u00f4pital\" >H\u00f4pital<\/option><option value=\"Autres\" >Autres<\/option><\/select><\/div><\/div><div  id=\"um_field_4125_definir\" class=\"um-field um-field-text  um-is-conditional um-field-definir um-field-text um-field-type_text\" data-key=\"definir\" data-cond-0-action=\"show\" data-cond-0-field=\"activite\" data-cond-0-operator=\"equals to\" data-cond-0-value=\"Autres\"><div class=\"um-field-label\"><label for=\"definir-4125\">D\u00e9finir:<\/label><div class=\"um-clear\"><\/div><\/div><div class=\"um-field-area\"><input  autocomplete=\"off\" class=\"um-form-field valid not-required \" type=\"text\" name=\"definir-4125\" id=\"definir-4125\" value=\"\" placeholder=\"\" data-validate=\"\" data-key=\"definir\" \/>\n\n\t\t\t\t\t\t<\/div><\/div><\/div><\/div><div class=\"um-row _um_row_3 \" style=\"margin: 0 0 30px 0;\"><div class=\"um-col-121\"><div  id=\"um_field_4125_rue\" class=\"um-field um-field-text  um-field-rue um-field-text um-field-type_text\" data-key=\"rue\"><div class=\"um-field-label\"><label for=\"rue-4125\">Rue*<\/label><div class=\"um-clear\"><\/div><\/div><div class=\"um-field-area\"><input  autocomplete=\"off\" class=\"um-form-field valid \" type=\"text\" name=\"rue-4125\" id=\"rue-4125\" value=\"\" placeholder=\"\" data-validate=\"\" data-key=\"rue\" \/>\n\n\t\t\t\t\t\t<\/div><\/div><\/div><div class=\"um-col-122\"><div  id=\"um_field_4125_numero\" class=\"um-field um-field-text  um-field-numero um-field-text um-field-type_text\" data-key=\"numero\"><div class=\"um-field-label\"><label for=\"numero-4125\">Num\u00e9ro*<\/label><div class=\"um-clear\"><\/div><\/div><div class=\"um-field-area\"><input  autocomplete=\"off\" class=\"um-form-field valid \" type=\"text\" name=\"numero-4125\" id=\"numero-4125\" value=\"\" placeholder=\"\" data-validate=\"\" data-key=\"numero\" \/>\n\n\t\t\t\t\t\t<\/div><\/div><\/div><div class=\"um-clear\"><\/div><div class=\"um-col-121\"><div  id=\"um_field_4125_codepostal\" class=\"um-field um-field-text  um-field-codepostal um-field-text um-field-type_text\" data-key=\"codepostal\"><div class=\"um-field-label\"><label for=\"codepostal-4125\">Code postal*<\/label><div class=\"um-clear\"><\/div><\/div><div class=\"um-field-area\"><input  autocomplete=\"off\" class=\"um-form-field valid \" type=\"text\" name=\"codepostal-4125\" id=\"codepostal-4125\" value=\"\" placeholder=\"\" data-validate=\"\" data-key=\"codepostal\" \/>\n\n\t\t\t\t\t\t<\/div><\/div><\/div><div class=\"um-col-122\"><div  id=\"um_field_4125_commune\" class=\"um-field um-field-text  um-field-commune um-field-text um-field-type_text\" data-key=\"commune\"><div class=\"um-field-label\"><label for=\"commune-4125\">Commune*<\/label><div class=\"um-clear\"><\/div><\/div><div class=\"um-field-area\"><input  autocomplete=\"off\" class=\"um-form-field valid \" type=\"text\" name=\"commune-4125\" id=\"commune-4125\" value=\"\" placeholder=\"\" data-validate=\"\" data-key=\"commune\" \/>\n\n\t\t\t\t\t\t<\/div><\/div><\/div><div class=\"um-clear\"><\/div><div class=\"um-col-1\"><div  id=\"um_field_4125_pays\" class=\"um-field um-field-text  um-field-pays um-field-text um-field-type_text\" data-key=\"pays\"><div class=\"um-field-label\"><label for=\"pays-4125\">Pays*<\/label><div class=\"um-clear\"><\/div><\/div><div class=\"um-field-area\"><input  autocomplete=\"off\" class=\"um-form-field valid \" type=\"text\" name=\"pays-4125\" id=\"pays-4125\" value=\"\" placeholder=\"\" data-validate=\"\" data-key=\"pays\" \/>\n\n\t\t\t\t\t\t<\/div><\/div><div  id=\"um_field_4125_locale\" class=\"um-field um-field-select  um-field-locale um-field-select um-field-type_select\" data-key=\"locale\"><div class=\"um-field-label\"><label for=\"locale-4125\">Langue*<\/label><div class=\"um-clear\"><\/div><\/div><div class=\"um-field-area  \"><select data-default=\"Fran\u00e7ais\"     name=\"locale\" id=\"locale\" data-validate=\"\" data-key=\"locale\" class=\"um-form-field valid um-s1 \" style=\"width: 100%\" data-placeholder=\"Langue\" ><option value=\"\"><\/option><option value=\"Nederlands\" >Nederlands<\/option><option value=\"Fran\u00e7ais\" selected>Fran\u00e7ais<\/option><\/select><\/div><\/div><\/div><div class=\"um-col-121\"><div  id=\"um_field_4125_phone_number\" class=\"um-field um-field-text  um-field-phone_number um-field-text um-field-type_text\" data-key=\"phone_number\"><div class=\"um-field-label\"><div class=\"um-field-label-icon\"><i class=\"um-faicon-phone\" aria-label=\"Num\u00e9ro fixe*\"><\/i><\/div><label for=\"phone_number-4125\">Num\u00e9ro fixe*<\/label><div class=\"um-clear\"><\/div><\/div><div class=\"um-field-area\"><input  autocomplete=\"off\" class=\"um-form-field valid \" type=\"text\" name=\"phone_number-4125\" id=\"phone_number-4125\" value=\"\" placeholder=\"\" data-validate=\"phone_number\" data-key=\"phone_number\" \/>\n\n\t\t\t\t\t\t<\/div><\/div><\/div><div class=\"um-col-122\"><div  id=\"um_field_4125_mobile_number\" class=\"um-field um-field-text  um-field-mobile_number um-field-text um-field-type_text\" data-key=\"mobile_number\"><div class=\"um-field-label\"><div class=\"um-field-label-icon\"><i class=\"um-faicon-mobile\" aria-label=\"GSM\"><\/i><\/div><label for=\"mobile_number-4125\">GSM<\/label><div class=\"um-clear\"><\/div><\/div><div class=\"um-field-area\"><input  autocomplete=\"off\" class=\"um-form-field valid not-required \" type=\"text\" name=\"mobile_number-4125\" id=\"mobile_number-4125\" value=\"\" placeholder=\"\" data-validate=\"phone_number\" data-key=\"mobile_number\" \/>\n\n\t\t\t\t\t\t<\/div><\/div><\/div><div class=\"um-clear\"><\/div><\/div><div class=\"um-row _um_row_4 \" style=\"margin: 0 0 30px 0;\"><div class=\"um-col-1\"><div  id=\"um_field_4125_sites\" class=\"um-field um-field-checkbox  um-field-sites um-field-checkbox um-field-type_checkbox\" data-key=\"sites\"><div class=\"um-field-label\"><label for=\"sites-4125\">Plusieurs sites?*<\/label><div class=\"um-clear\"><\/div><\/div><div class=\"um-field-area\"><label class=\"um-field-checkbox  um-field-half \"><input   type=\"checkbox\" name=\"sites[]\" value=\"Oui\"  \/><span class=\"um-field-checkbox-state\"><i class=\"um-icon-android-checkbox-outline-blank\"><\/i><\/span><span class=\"um-field-checkbox-option\">Oui<\/span><\/label><label class=\"um-field-checkbox  um-field-half right\"><input   type=\"checkbox\" name=\"sites[]\" value=\"Non\"  \/><span class=\"um-field-checkbox-state\"><i class=\"um-icon-android-checkbox-outline-blank\"><\/i><\/span><span class=\"um-field-checkbox-option\">Non<\/span><\/label><div class=\"um-clear\"><\/div><div class=\"um-clear\"><\/div><\/div><\/div><div  id=\"um_field_4125_Quelles\" class=\"um-field um-field-textarea  um-is-conditional um-field-Quelles um-field-textarea um-field-type_textarea\" data-key=\"Quelles\" data-cond-0-action=\"show\" data-cond-0-field=\"sites\" data-cond-0-operator=\"contains\" data-cond-0-value=\"Oui\"><div class=\"um-field-label\"><label for=\"Quelles-4125\">Adresses*<\/label><div class=\"um-clear\"><\/div><\/div><div class=\"um-field-area\"><textarea    style=\"height: 100px;\" class=\"um-form-field valid \" name=\"Quelles\" id=\"Quelles\" placeholder=\"\"><\/textarea><\/div><\/div><div  id=\"um_field_4125_group\" class=\"um-field um-field-checkbox  um-field-group um-field-checkbox um-field-type_checkbox\" data-key=\"group\"><div class=\"um-field-label\"><label for=\"group-4125\">Partie d\u2019un group ?*<\/label><div class=\"um-clear\"><\/div><\/div><div class=\"um-field-area\"><label class=\"um-field-checkbox  um-field-half \"><input   type=\"checkbox\" name=\"group[]\" value=\"Oui\"  \/><span class=\"um-field-checkbox-state\"><i class=\"um-icon-android-checkbox-outline-blank\"><\/i><\/span><span class=\"um-field-checkbox-option\">Oui<\/span><\/label><label class=\"um-field-checkbox  um-field-half right\"><input   type=\"checkbox\" name=\"group[]\" value=\"Non\"  \/><span class=\"um-field-checkbox-state\"><i class=\"um-icon-android-checkbox-outline-blank\"><\/i><\/span><span class=\"um-field-checkbox-option\">Non<\/span><\/label><div class=\"um-clear\"><\/div><div class=\"um-clear\"><\/div><\/div><\/div><div  id=\"um_field_4125_groups\" class=\"um-field um-field-text  um-is-conditional um-field-groups um-field-text um-field-type_text\" data-key=\"groups\" data-cond-0-action=\"show\" data-cond-0-field=\"group\" data-cond-0-operator=\"contains\" data-cond-0-value=\"Oui\"><div class=\"um-field-label\"><label for=\"groups-4125\">Lequel ?*<\/label><div class=\"um-clear\"><\/div><\/div><div class=\"um-field-area\"><input  autocomplete=\"off\" class=\"um-form-field valid \" type=\"text\" name=\"groups-4125\" id=\"groups-4125\" value=\"\" placeholder=\"\" data-validate=\"\" data-key=\"groups\" \/>\n\n\t\t\t\t\t\t<\/div><\/div><div  id=\"um_field_4125_website-adres\" class=\"um-field um-field-text  um-field-website-adres um-field-text um-field-type_text\" data-key=\"website-adres\"><div class=\"um-field-label\"><label for=\"website-adres-4125\">Votre site web<\/label><div class=\"um-clear\"><\/div><\/div><div class=\"um-field-area\"><input  autocomplete=\"off\" class=\"um-form-field valid not-required \" type=\"text\" name=\"website-adres-4125\" id=\"website-adres-4125\" value=\"\" placeholder=\"\" data-validate=\"\" data-key=\"website-adres\" \/>\n\n\t\t\t\t\t\t<\/div><\/div><div  id=\"um_field_4125_user_email\" class=\"um-field um-field-text  um-field-user_email um-field-text um-field-type_text\" data-key=\"user_email\"><div class=\"um-field-label\"><label for=\"user_email-4125\">E-mail* <\/label><div class=\"um-clear\"><\/div><\/div><div class=\"um-field-area\"><input  autocomplete=\"off\" class=\"um-form-field valid \" type=\"text\" name=\"user_email-4125\" id=\"user_email-4125\" value=\"\" placeholder=\"\" data-validate=\"unique_email\" data-key=\"user_email\" \/>\n\n\t\t\t\t\t\t<\/div><\/div><div  id=\"um_field_4125_nieuwsbrief_25\" class=\"um-field um-field-checkbox  um-field-nieuwsbrief_25 um-field-checkbox um-field-type_checkbox\" data-key=\"nieuwsbrief_25\"><div class=\"um-field-label\"><label for=\"nieuwsbrief_25-4125\">D\u00e9claration de confidentialit\u00e9 <\/label><div class=\"um-clear\"><\/div><\/div><div class=\"um-field-area\"><label class=\"um-field-checkbox  um-field-half \"><input   type=\"checkbox\" name=\"nieuwsbrief_25[]\" value=\"J'ai lu et j'accepte la D\u00e9claration de confidentialit\u00e9 *\"  \/><span class=\"um-field-checkbox-state\"><i class=\"um-icon-android-checkbox-outline-blank\"><\/i><\/span><span class=\"um-field-checkbox-option\">J&#8217;ai lu et j&#8217;accepte la <a href=\"https:\/\/morivita.be\/fr\/declaration-de-confidentialite\/\">D\u00e9claration de confidentialit\u00e9 <\/a>*<\/span><\/label><div class=\"um-clear\"><\/div><\/div><\/div><div  id=\"um_field_4125_optin_controle_fr\" class=\"um-field um-field-text  um-field-optin_controle_fr um-field-text um-field-type_text\" data-key=\"optin_controle_fr\"><div class=\"um-field-label\"><label for=\"optin_controle_fr-4125\">Entrez \u00e0 nouveau votre adresse e-mail pour v\u00e9rifier*<\/label><span class=\"um-tip um-tip-w\" title=\"Entrez \u00e0 nouveau votre adresse e-mail pour v\u00e9rifier\"><i class=\"um-icon-help-circled\"><\/i><\/span><div class=\"um-clear\"><\/div><\/div><div class=\"um-field-area\"><input  autocomplete=\"off\" class=\"um-form-field valid \" type=\"text\" name=\"optin_controle_fr-4125\" id=\"optin_controle_fr-4125\" value=\"\" placeholder=\"\" data-validate=\"custom\" data-key=\"optin_controle_fr\" \/>\n\n\t\t\t\t\t\t<\/div><\/div><\/div><\/div>\t\t<input type=\"hidden\" name=\"form_id\" id=\"form_id_4125\" value=\"4125\" \/>\n\t\n\t<p class=\"um_request_name\">\n\t\t<label for=\"um_request_4125\">Only fill in if you are not human<\/label>\n\t\t<input type=\"hidden\" name=\"um_request\" id=\"um_request_4125\" class=\"input\" value=\"\" size=\"25\" autocomplete=\"off\" \/>\n\t<\/p>\n\n\t<input type=\"hidden\" id=\"_wpnonce\" name=\"_wpnonce\" value=\"f25baad124\" \/><input type=\"hidden\" name=\"_wp_http_referer\" value=\"\/fr\/wp-json\/wp\/v2\/pages\/3905\" \/>\n\t<div class=\"um-col-alt\">\n\n\t\t\n\t\t\t<div class=\"um-center\">\n\t\t\t\t<input type=\"submit\" value=\"Enregistrer\" class=\"um-button\" id=\"um-submit-btn\" \/>\n\t\t\t<\/div>\n\n\t\t\n\t\t<div class=\"um-clear\"><\/div>\n\n\t<\/div>\n\n\t\t\t\n\t\t<\/form>\n\n\t<\/div>\n\n<\/div><style type=\"text\/css\">\n.um-4125.um {\n\tmax-width: 800px;\n}<\/style>\n<\/p><\/div><\/div><\/div><div id=\"um-admin-form-register_customize\" class=\"postbox \"><div class=\"postbox-header\"><div class=\"handle-actions hide-if-no-js\">\u00a0<\/div><\/div><\/div>\t\t\t\t\t\t\t\t<\/div>\n\t\t\t\t<\/div>\n\t\t\t\t\t<\/div>\n\t\t<\/div>\n\t\t\t\t\t<\/div>\n\t\t<\/section>\n\t\t\t\t<\/div>\n\t\t","protected":false},"excerpt":{"rendered":"<p>S&#8217;enregistrer \u00a0<\/p>\n","protected":false},"author":1,"featured_media":0,"parent":0,"menu_order":0,"comment_status":"closed","ping_status":"closed","template":"","meta":{"_acf_changed":false,"footnotes":""},"class_list":["post-3905","page","type-page","status-publish","hentry"],"acf":[],"_links":{"self":[{"href":"https:\/\/morivita.be\/fr\/wp-json\/wp\/v2\/pages\/3905","targetHints":{"allow":["GET"]}}],"collection":[{"href":"https:\/\/morivita.be\/fr\/wp-json\/wp\/v2\/pages"}],"about":[{"href":"https:\/\/morivita.be\/fr\/wp-json\/wp\/v2\/types\/page"}],"author":[{"embeddable":true,"href":"https:\/\/morivita.be\/fr\/wp-json\/wp\/v2\/users\/1"}],"replies":[{"embeddable":true,"href":"https:\/\/morivita.be\/fr\/wp-json\/wp\/v2\/comments?post=3905"}],"version-history":[{"count":0,"href":"https:\/\/morivita.be\/fr\/wp-json\/wp\/v2\/pages\/3905\/revisions"}],"wp:attachment":[{"href":"https:\/\/morivita.be\/fr\/wp-json\/wp\/v2\/media?parent=3905"}],"curies":[{"name":"wp","href":"https:\/\/api.w.org\/{rel}","templated":true}]}}