{"id":10069,"date":"2024-12-12T10:57:17","date_gmt":"2024-12-12T09:57:17","guid":{"rendered":"https:\/\/morivita.be\/non class\u00e9\/bac-de-lavage-mains-cde-au-genou\/"},"modified":"2024-12-12T10:57:17","modified_gmt":"2024-12-12T09:57:17","slug":"bac-de-lavage-mains-cde-au-genou","status":"publish","type":"product","link":"https:\/\/morivita.be\/fr\/produit\/bac-de-lavage-mains-cde-au-genou\/","title":{"rendered":"Bac de lavage mains cde au genou"},"content":{"rendered":"<p>Cet \u00e9vier est con\u00e7u pour le lavage des mains de l&#8217;op\u00e9rateur lors des soins de thanatopraxie.<br \/>bac lave mains \u00e0 commande f\u00e9morale en inox.<br \/>Il comprend un m\u00e9langeur eau chaude\/eau froide avec une commande au genou.<br \/>Le m\u00e9lange est pr\u00e9-r\u00e9gl\u00e9 en usine mais peut \u00eatre modifi\u00e9 tr\u00e8s simplement.<br \/>Il peut \u00eatre utilis\u00e9 en compl\u00e9ment de notre unit\u00e9 de lave de corps (&#8220;A INOX-UNIT001&#8221;).<\/p>\n<p>&nbsp;<\/p>\n<p><strong>Les dimensions :<\/strong><\/p>\n<ul>\n<li>L 400 x P 330 x H 180* mm (* hors dosseret)<\/li>\n<\/ul>\n<p>&nbsp;<\/p>\n<p><strong>Remarque:<\/strong><\/p>\n<p>Le prix ne comprend pas l&#8217;installation.<\/p>\n","protected":false},"excerpt":{"rendered":"<p>L&#8217;\u00e9vier en acier inoxydable est un lave-mains dot\u00e9 d&#8217;un robinet \u00e0 genouill\u00e8re. Il est id\u00e9al pour \u00eatre utilis\u00e9 en combinaison avec le lavabo simple pour les soins corporels. <\/p>\n","protected":false},"featured_media":10065,"template":"","meta":{"_acf_changed":false},"product_brand":[],"product_cat":[431,267,294,381,421],"product_tag":[],"class_list":{"0":"post-10069","1":"product","2":"type-product","3":"status-publish","4":"has-post-thumbnail","6":"product_cat-couler-en-inox","7":"product_cat-opbaring-fr","8":"product_cat-soins","9":"product_cat-table-d-autopsie","10":"product_cat-table-dautopsie","12":"first","13":"instock","14":"taxable","15":"shipping-taxable","16":"purchasable","17":"product-type-simple"},"acf":[],"_links":{"self":[{"href":"https:\/\/morivita.be\/fr\/wp-json\/wp\/v2\/product\/10069","targetHints":{"allow":["GET"]}}],"collection":[{"href":"https:\/\/morivita.be\/fr\/wp-json\/wp\/v2\/product"}],"about":[{"href":"https:\/\/morivita.be\/fr\/wp-json\/wp\/v2\/types\/product"}],"wp:featuredmedia":[{"embeddable":true,"href":"https:\/\/morivita.be\/fr\/wp-json\/wp\/v2\/media\/10065"}],"wp:attachment":[{"href":"https:\/\/morivita.be\/fr\/wp-json\/wp\/v2\/media?parent=10069"}],"wp:term":[{"taxonomy":"product_brand","embeddable":true,"href":"https:\/\/morivita.be\/fr\/wp-json\/wp\/v2\/product_brand?post=10069"},{"taxonomy":"product_cat","embeddable":true,"href":"https:\/\/morivita.be\/fr\/wp-json\/wp\/v2\/product_cat?post=10069"},{"taxonomy":"product_tag","embeddable":true,"href":"https:\/\/morivita.be\/fr\/wp-json\/wp\/v2\/product_tag?post=10069"}],"curies":[{"name":"wp","href":"https:\/\/api.w.org\/{rel}","templated":true}]}}