{"id":10081,"date":"2024-12-12T22:26:57","date_gmt":"2024-12-12T21:26:57","guid":{"rendered":"https:\/\/morivita.be\/non class\u00e9\/chariot-porte-cercueil-inox-hauteur-personnalisee\/"},"modified":"2024-12-12T22:26:57","modified_gmt":"2024-12-12T21:26:57","slug":"chariot-porte-cercueil-inox-hauteur-personnalisee","status":"publish","type":"product","link":"https:\/\/morivita.be\/fr\/produit\/chariot-porte-cercueil-inox-hauteur-personnalisee\/","title":{"rendered":"Chariot porte cercueil inox | Hauteur personnalis\u00e9e"},"content":{"rendered":"","protected":false},"excerpt":{"rendered":"<p>Chariot porte cercueil inox, hauteur personnalis\u00e9e ! La hauteur est ajust\u00e9e \u00e0 vos besoins.<\/p>\n","protected":false},"featured_media":10080,"template":"","meta":{"_acf_changed":false},"product_brand":[],"product_cat":[280,395,401,284],"product_tag":[],"class_list":{"0":"post-10081","1":"product","2":"type-product","3":"status-publish","4":"has-post-thumbnail","6":"product_cat-transport-fr","7":"product_cat-brancard-fr","8":"product_cat-chariot-pour-cercueils","9":"product_cat-chariots-porte-cercueils-extensibles","11":"first","12":"instock","13":"taxable","14":"shipping-taxable","15":"purchasable","16":"product-type-simple"},"acf":[],"_links":{"self":[{"href":"https:\/\/morivita.be\/fr\/wp-json\/wp\/v2\/product\/10081","targetHints":{"allow":["GET"]}}],"collection":[{"href":"https:\/\/morivita.be\/fr\/wp-json\/wp\/v2\/product"}],"about":[{"href":"https:\/\/morivita.be\/fr\/wp-json\/wp\/v2\/types\/product"}],"wp:featuredmedia":[{"embeddable":true,"href":"https:\/\/morivita.be\/fr\/wp-json\/wp\/v2\/media\/10080"}],"wp:attachment":[{"href":"https:\/\/morivita.be\/fr\/wp-json\/wp\/v2\/media?parent=10081"}],"wp:term":[{"taxonomy":"product_brand","embeddable":true,"href":"https:\/\/morivita.be\/fr\/wp-json\/wp\/v2\/product_brand?post=10081"},{"taxonomy":"product_cat","embeddable":true,"href":"https:\/\/morivita.be\/fr\/wp-json\/wp\/v2\/product_cat?post=10081"},{"taxonomy":"product_tag","embeddable":true,"href":"https:\/\/morivita.be\/fr\/wp-json\/wp\/v2\/product_tag?post=10081"}],"curies":[{"name":"wp","href":"https:\/\/api.w.org\/{rel}","templated":true}]}}