{"id":10084,"date":"2024-12-31T14:12:40","date_gmt":"2024-12-31T13:12:40","guid":{"rendered":"https:\/\/morivita.be\/non class\u00e9\/brancard-xl-avec-rails-lateraux\/"},"modified":"2024-12-31T14:12:40","modified_gmt":"2024-12-31T13:12:40","slug":"brancard-xl-avec-rails-lateraux","status":"publish","type":"product","link":"https:\/\/morivita.be\/fr\/produit\/brancard-xl-avec-rails-lateraux\/","title":{"rendered":"Brancard XL avec rails lat\u00e9raux"},"content":{"rendered":"","protected":false},"excerpt":{"rendered":"<p>Cette civi\u00e8re a des supports renforc\u00e9s. Et ses rails sur les c\u00f4t\u00e9s offrent une s\u00e9curit\u00e9 suppl\u00e9mentaire ! Les supports se verrouillent automatiquement lors du d\u00e9chargement.<\/p>\n<p>Cette civi\u00e8re peut tr\u00e8s facilement \u00eatre manipul\u00e9e par une personne.<br \/>\n<strong> <\/strong><\/p>\n<p>Ce mod\u00e8le est tr\u00e8s populaire dans les h\u00f4pitaux !<\/p>\n<p>&nbsp;<\/p>\n","protected":false},"featured_media":4598,"template":"","meta":{"_acf_changed":false},"product_brand":[],"product_cat":[280,395,396],"product_tag":[],"class_list":{"0":"post-10084","1":"product","2":"type-product","3":"status-publish","4":"has-post-thumbnail","6":"product_cat-transport-fr","7":"product_cat-brancard-fr","8":"product_cat-brancard-xl-fr","10":"first","11":"onbackorder","12":"taxable","13":"shipping-taxable","14":"purchasable","15":"product-type-simple"},"acf":[],"_links":{"self":[{"href":"https:\/\/morivita.be\/fr\/wp-json\/wp\/v2\/product\/10084","targetHints":{"allow":["GET"]}}],"collection":[{"href":"https:\/\/morivita.be\/fr\/wp-json\/wp\/v2\/product"}],"about":[{"href":"https:\/\/morivita.be\/fr\/wp-json\/wp\/v2\/types\/product"}],"wp:featuredmedia":[{"embeddable":true,"href":"https:\/\/morivita.be\/fr\/wp-json\/wp\/v2\/media\/4598"}],"wp:attachment":[{"href":"https:\/\/morivita.be\/fr\/wp-json\/wp\/v2\/media?parent=10084"}],"wp:term":[{"taxonomy":"product_brand","embeddable":true,"href":"https:\/\/morivita.be\/fr\/wp-json\/wp\/v2\/product_brand?post=10084"},{"taxonomy":"product_cat","embeddable":true,"href":"https:\/\/morivita.be\/fr\/wp-json\/wp\/v2\/product_cat?post=10084"},{"taxonomy":"product_tag","embeddable":true,"href":"https:\/\/morivita.be\/fr\/wp-json\/wp\/v2\/product_tag?post=10084"}],"curies":[{"name":"wp","href":"https:\/\/api.w.org\/{rel}","templated":true}]}}