{"id":10190,"date":"2025-01-05T11:46:23","date_gmt":"2025-01-05T10:46:23","guid":{"rendered":"https:\/\/morivita.be\/non%20class\u00e9\/morgue-3-corps-1-porte\/"},"modified":"2025-01-05T12:09:27","modified_gmt":"2025-01-05T11:09:27","slug":"morgue-3-corps-1-porte","status":"publish","type":"product","link":"https:\/\/morivita.be\/fr\/produit\/morgue-3-corps-1-porte\/","title":{"rendered":"MORGUE 3 CORPS &#8211; 1 PORTE"},"content":{"rendered":"","protected":false},"excerpt":{"rendered":"<p><em><strong>Morgue<\/strong><\/em><\/p>\n<p>Panneaux \u201csandwich\u201d isol\u00e9s de mousse de polyur\u00e9thane rigide (6 cm)<\/p>\n<p>Prise entre 2 civi\u00e8re d\u2019acier galvanis\u00e9, laqu\u00e9es en blanc, aspect lisse pour faciliter le nettoyage.<\/p>\n<p>R\u00e9sistance au feu M1 conform\u00e9ment au texte de loi.<\/p>\n<p>Coefficient d\u2019isolation : 0,37 W\/m\u00b2K<\/p>\n<p>Cette chambre froide est \u00e9quip\u00e9e de rails de guidage pour faciliter l&#8217;insertion des panneaux de carrosserie, tous construits en acier inoxydable. Rails r\u00e9glables en hauteur tous les 5 cm.<\/p>\n<p>But\u00e9e roue de civi\u00e8re soud\u00e9e sur les rails..<\/p>\n<p>Cette chambre froide est livr\u00e9e avec 3 civi\u00e8re en acier inoxydable 304L. Les bacs sont disponibles en 2 mod\u00e8les :<\/p>\n<ul>\n<li>incurv\u00e9es en \u201cpointe de diamant\u201d<\/li>\n<li>ou une civi\u00e8re de travail avec r\u00e9serve et bonde pour les soins des corps<\/li>\n<\/ul>\n<p>L&#8217;\u00e9l\u00e9ment de refroidissement peut \u00e9galement \u00eatre plac\u00e9 sur la paroi lat\u00e9rale sur demande.<\/p>\n<p>L&#8217;espace \u00e0 pr\u00e9voir doit \u00eatre de 3 m\u00e8tres de haut pour placer l&#8217;\u00e9l\u00e9ment de refroidissement au-dessus de la cellule.<\/p>\n<ul>\n<li>Portes sur gonds spiral\u00e9s<\/li>\n<li>Chambre froide ferme \u00e0 cl\u00e9, 3 exemplaires livr\u00e9s.<\/li>\n<li>Standard int\u00e9rieur de d\u00e9verrouillage &#8220;poin\u00e7on&#8221;.<\/li>\n<li>GRP FRIG POSITIVE MONOBLOC PLAFOND MSB210EA11XX \/ R134A<\/li>\n<li>Temp\u00e9rature r\u00e9glable 0 \u00b0 C \/ + 5 \u00b0 C<\/li>\n<li>alimentation \u00e9lectrique 230V \/ 1 ~ \/ 50Hz<\/li>\n<li>gaz r\u00e9frig\u00e9rant R134a<\/li>\n<li>Consommation d&#8217;\u00e9nergie1 kW \/ 5,6 A<\/li>\n<li>Contr\u00f4le de la lumi\u00e8re<\/li>\n<li>Affichage num\u00e9rique de la temp\u00e9rature<\/li>\n<\/ul>\n<p>&nbsp;<\/p>\n","protected":false},"featured_media":10176,"template":"","meta":{"_acf_changed":false},"product_brand":[],"product_cat":[288,267,287],"product_tag":[818,817],"class_list":{"0":"post-10190","1":"product","2":"type-product","3":"status-publish","4":"has-post-thumbnail","6":"product_cat-cellule","7":"product_cat-opbaring-fr","8":"product_cat-refrigeration","9":"product_tag-chambre-mortuaire","10":"product_tag-morgue","12":"first","13":"instock","14":"taxable","15":"shipping-taxable","16":"purchasable","17":"product-type-variable"},"acf":[],"_links":{"self":[{"href":"https:\/\/morivita.be\/fr\/wp-json\/wp\/v2\/product\/10190","targetHints":{"allow":["GET"]}}],"collection":[{"href":"https:\/\/morivita.be\/fr\/wp-json\/wp\/v2\/product"}],"about":[{"href":"https:\/\/morivita.be\/fr\/wp-json\/wp\/v2\/types\/product"}],"wp:featuredmedia":[{"embeddable":true,"href":"https:\/\/morivita.be\/fr\/wp-json\/wp\/v2\/media\/10176"}],"wp:attachment":[{"href":"https:\/\/morivita.be\/fr\/wp-json\/wp\/v2\/media?parent=10190"}],"wp:term":[{"taxonomy":"product_brand","embeddable":true,"href":"https:\/\/morivita.be\/fr\/wp-json\/wp\/v2\/product_brand?post=10190"},{"taxonomy":"product_cat","embeddable":true,"href":"https:\/\/morivita.be\/fr\/wp-json\/wp\/v2\/product_cat?post=10190"},{"taxonomy":"product_tag","embeddable":true,"href":"https:\/\/morivita.be\/fr\/wp-json\/wp\/v2\/product_tag?post=10190"}],"curies":[{"name":"wp","href":"https:\/\/api.w.org\/{rel}","templated":true}]}}