{"id":10215,"date":"2025-01-19T17:43:16","date_gmt":"2025-01-19T16:43:16","guid":{"rendered":"https:\/\/morivita.be\/non class\u00e9\/bio-urne-ocre-orange-arbre-or-blanc-avec-ruban-dore\/"},"modified":"2025-01-19T17:43:16","modified_gmt":"2025-01-19T16:43:16","slug":"bio-urne-ocre-orange-arbre-or-blanc-avec-ruban-dore","status":"publish","type":"product","link":"https:\/\/morivita.be\/fr\/produit\/bio-urne-ocre-orange-arbre-or-blanc-avec-ruban-dore\/","title":{"rendered":"Bio Urne | Ocre orange, arbre or\/blanc avec ruban dor\u00e9"},"content":{"rendered":"","protected":false},"excerpt":{"rendered":"<p>Urne bio, orange ocre, avec un arbre en or\/blanc termin\u00e9 par un ruban dor\u00e9. Un look tr\u00e8s moderne ! <\/p>\n<p><strong>Une remise suppl\u00e9mentaire est accord\u00e9e lors de la commande de plusieurs urnes de notre gamme.<\/strong><\/p>\n<p><strong>A partir de 6 urnes &#8211; 5% de r\u00e9duction !<\/strong><br \/>\n<strong>A l\u2019achat \u00e0 partir de 20 urnes \u2013 10% de remise !<\/strong><\/p>\n<p>&nbsp;<\/p>\n<p><strong>Il n&#8217;y a qu&#8217;un petit stock disponible !<\/strong><\/p>\n<p>&nbsp;<\/p>\n","protected":false},"featured_media":10213,"template":"","meta":{"_acf_changed":false},"product_brand":[],"product_cat":[820,331,407,295],"product_tag":[],"class_list":{"0":"post-10215","1":"product","2":"type-product","3":"status-publish","4":"has-post-thumbnail","6":"product_cat-nouvelles-urnes-2025","7":"product_cat-eco-fr","8":"product_cat-urne-bio","9":"product_cat-urnes-fr","11":"first","12":"instock","13":"taxable","14":"shipping-taxable","15":"purchasable","16":"product-type-simple"},"acf":[],"_links":{"self":[{"href":"https:\/\/morivita.be\/fr\/wp-json\/wp\/v2\/product\/10215","targetHints":{"allow":["GET"]}}],"collection":[{"href":"https:\/\/morivita.be\/fr\/wp-json\/wp\/v2\/product"}],"about":[{"href":"https:\/\/morivita.be\/fr\/wp-json\/wp\/v2\/types\/product"}],"wp:featuredmedia":[{"embeddable":true,"href":"https:\/\/morivita.be\/fr\/wp-json\/wp\/v2\/media\/10213"}],"wp:attachment":[{"href":"https:\/\/morivita.be\/fr\/wp-json\/wp\/v2\/media?parent=10215"}],"wp:term":[{"taxonomy":"product_brand","embeddable":true,"href":"https:\/\/morivita.be\/fr\/wp-json\/wp\/v2\/product_brand?post=10215"},{"taxonomy":"product_cat","embeddable":true,"href":"https:\/\/morivita.be\/fr\/wp-json\/wp\/v2\/product_cat?post=10215"},{"taxonomy":"product_tag","embeddable":true,"href":"https:\/\/morivita.be\/fr\/wp-json\/wp\/v2\/product_tag?post=10215"}],"curies":[{"name":"wp","href":"https:\/\/api.w.org\/{rel}","templated":true}]}}