{"id":10252,"date":"2025-01-28T14:32:30","date_gmt":"2025-01-28T13:32:30","guid":{"rendered":"https:\/\/morivita.be\/?post_type=product&#038;p=10252"},"modified":"2025-03-04T14:02:10","modified_gmt":"2025-03-04T13:02:10","slug":"gaines-densevelissement-oxo-bio-tirette-i-130%c2%b5","status":"publish","type":"product","link":"https:\/\/morivita.be\/fr\/produit\/gaines-densevelissement-oxo-bio-tirette-i-130%c2%b5\/","title":{"rendered":"Gaines d&#8217;ensevelissement OXO BIO | Tirette I |130\u00b5"},"content":{"rendered":"","protected":false},"excerpt":{"rendered":"<p>Ce sac mortuaire avec fermeture \u00e9clair en I est OXO biod\u00e9gradable.<\/p>\n<p>Les gaines d&#8217;ensevelissements OXO BIO sont emball\u00e9s par 20 pi\u00e8ces dans une bo\u00eete.<\/p>\n<p>Lors de l&#8217;achat \u00e0 partir de 4 bo\u00eetes, 100 pi\u00e8ces, le prix par housse est de 7,29 \u20ac.<\/p>\n<p>&nbsp;<\/p>\n<p>&nbsp;<\/p>\n","protected":false},"featured_media":3430,"template":"","meta":{"_acf_changed":false},"product_brand":[],"product_cat":[343,256,328],"product_tag":[],"class_list":{"0":"post-10252","1":"product","2":"type-product","3":"status-publish","4":"has-post-thumbnail","6":"product_cat-bio-fr","7":"product_cat-gaines-densevelissement","8":"product_cat-peva-oxo-fr-bio","10":"first","11":"instock","12":"taxable","13":"shipping-taxable","14":"purchasable","15":"product-type-simple"},"acf":[],"_links":{"self":[{"href":"https:\/\/morivita.be\/fr\/wp-json\/wp\/v2\/product\/10252","targetHints":{"allow":["GET"]}}],"collection":[{"href":"https:\/\/morivita.be\/fr\/wp-json\/wp\/v2\/product"}],"about":[{"href":"https:\/\/morivita.be\/fr\/wp-json\/wp\/v2\/types\/product"}],"wp:featuredmedia":[{"embeddable":true,"href":"https:\/\/morivita.be\/fr\/wp-json\/wp\/v2\/media\/3430"}],"wp:attachment":[{"href":"https:\/\/morivita.be\/fr\/wp-json\/wp\/v2\/media?parent=10252"}],"wp:term":[{"taxonomy":"product_brand","embeddable":true,"href":"https:\/\/morivita.be\/fr\/wp-json\/wp\/v2\/product_brand?post=10252"},{"taxonomy":"product_cat","embeddable":true,"href":"https:\/\/morivita.be\/fr\/wp-json\/wp\/v2\/product_cat?post=10252"},{"taxonomy":"product_tag","embeddable":true,"href":"https:\/\/morivita.be\/fr\/wp-json\/wp\/v2\/product_tag?post=10252"}],"curies":[{"name":"wp","href":"https:\/\/api.w.org\/{rel}","templated":true}]}}