{"id":10296,"date":"2025-02-18T16:37:08","date_gmt":"2025-02-18T15:37:08","guid":{"rendered":"https:\/\/morivita.be\/non class\u00e9\/civiere-brancard-pour-cerceuil\/"},"modified":"2025-02-18T16:37:08","modified_gmt":"2025-02-18T15:37:08","slug":"civiere-brancard-pour-cerceuil","status":"publish","type":"product","link":"https:\/\/morivita.be\/fr\/produit\/civiere-brancard-pour-cerceuil\/","title":{"rendered":"Civi\u00e8re\/Brancard pour cerceuil"},"content":{"rendered":"","protected":false},"excerpt":{"rendered":"<p data-start=\"94\" data-end=\"170\">Ce brancard est fabriqu\u00e9 en acier inoxydable (RVS), ce qui le rend facile \u00e0 laver et tr\u00e8s robuste !<\/p>\n<p data-start=\"94\" data-end=\"170\">Il est \u00e9quip\u00e9 de roues d&#8217;un diam\u00e8tre de 10 cm et de poign\u00e9es en acier inoxydable.<\/p>\n<p>&nbsp;<\/p>\n<p>Cela facilite le transport du cercueil lors d&#8217;une c\u00e9r\u00e9monie fun\u00e9raire ! De plus, nous pouvons lui confectionner des housses adapt\u00e9es ! <\/p>\n<p>&nbsp;<\/p>\n","protected":false},"featured_media":10295,"template":"","meta":{"_acf_changed":false},"product_brand":[],"product_cat":[280,395,397,398],"product_tag":[],"class_list":{"0":"post-10296","1":"product","2":"type-product","3":"status-publish","4":"has-post-thumbnail","6":"product_cat-transport-fr","7":"product_cat-brancard-fr","8":"product_cat-brancard-normal","9":"product_cat-chariot-de-brancard","11":"first","12":"instock","13":"taxable","14":"shipping-taxable","15":"purchasable","16":"product-type-simple"},"acf":[],"_links":{"self":[{"href":"https:\/\/morivita.be\/fr\/wp-json\/wp\/v2\/product\/10296","targetHints":{"allow":["GET"]}}],"collection":[{"href":"https:\/\/morivita.be\/fr\/wp-json\/wp\/v2\/product"}],"about":[{"href":"https:\/\/morivita.be\/fr\/wp-json\/wp\/v2\/types\/product"}],"wp:featuredmedia":[{"embeddable":true,"href":"https:\/\/morivita.be\/fr\/wp-json\/wp\/v2\/media\/10295"}],"wp:attachment":[{"href":"https:\/\/morivita.be\/fr\/wp-json\/wp\/v2\/media?parent=10296"}],"wp:term":[{"taxonomy":"product_brand","embeddable":true,"href":"https:\/\/morivita.be\/fr\/wp-json\/wp\/v2\/product_brand?post=10296"},{"taxonomy":"product_cat","embeddable":true,"href":"https:\/\/morivita.be\/fr\/wp-json\/wp\/v2\/product_cat?post=10296"},{"taxonomy":"product_tag","embeddable":true,"href":"https:\/\/morivita.be\/fr\/wp-json\/wp\/v2\/product_tag?post=10296"}],"curies":[{"name":"wp","href":"https:\/\/api.w.org\/{rel}","templated":true}]}}