{"id":10320,"date":"2025-05-06T16:30:45","date_gmt":"2025-05-06T14:30:45","guid":{"rendered":"https:\/\/morivita.be\/non class\u00e9\/bijou-funeraire-collier-croix-en-differentes-couleurs\/"},"modified":"2025-05-06T16:30:45","modified_gmt":"2025-05-06T14:30:45","slug":"bijou-funeraire-collier-croix-en-differentes-couleurs","status":"publish","type":"product","link":"https:\/\/morivita.be\/fr\/produit\/bijou-funeraire-collier-croix-en-differentes-couleurs\/","title":{"rendered":"Bijou fun\u00e9raire Collier | Croix en diff\u00e9rentes couleurs"},"content":{"rendered":"<p data-start=\"239\" data-end=\"271\"><strong data-start=\"239\" data-end=\"271\">Pendentif urne en forme de croix \u2013 Disponible en Argent \/ Noir \/ Or<\/strong><\/p>\n<p data-start=\"273\" data-end=\"523\">Ce bijou fun\u00e9raire en forme de croix est un accessoire \u00e9l\u00e9gant et symbolique qui vous permet de garder le souvenir d\u2019un \u00eatre cher toujours pr\u00e8s de vous. Gr\u00e2ce \u00e0 sa finition dor\u00e9e raffin\u00e9e et ses mat\u00e9riaux de haute qualit\u00e9, ce mod\u00e8le est \u00e0 la fois intemporel et \u00e9l\u00e9gant. <\/p>\n<p data-start=\"525\" data-end=\"552\"><strong data-start=\"525\" data-end=\"552\">Caract\u00e9ristiques principales<\/strong><\/p>\n<ul data-start=\"554\" data-end=\"927\">\n<li data-start=\"554\" data-end=\"638\">\n<p data-start=\"556\" data-end=\"638\">Fabriqu\u00e9 en acier inoxydable durable, r\u00e9sistant \u00e0 la d\u00e9coloration et \u00e0 l\u2019usure.<\/p>\n<\/li>\n<li data-start=\"639\" data-end=\"728\">\n<p data-start=\"641\" data-end=\"728\">Dimensions : 4,6 x 2,38 x 0,53 cm \u2013 compact, l\u00e9ger et adapt\u00e9 \u00e0 un usage quotidien.<\/p>\n<\/li>\n<li data-start=\"729\" data-end=\"802\">\n<p data-start=\"731\" data-end=\"802\">Cha\u00eene r\u00e9glable incluse (50 + 5 cm) pour un confort optimal.<\/p>\n<\/li>\n<li data-start=\"803\" data-end=\"866\">\n<p data-start=\"805\" data-end=\"866\">Design classique avec une allure raffin\u00e9e.<\/p>\n<\/li>\n<li data-start=\"867\" data-end=\"927\">\n<p data-start=\"869\" data-end=\"927\">\u00c9quip\u00e9 d\u2019une fermeture solide pour plus de s\u00e9curit\u00e9.<\/p>\n<\/li>\n<\/ul>\n<p data-start=\"1313\" data-end=\"1644\">\n","protected":false},"excerpt":{"rendered":"<p><b><i>Joli bijou fun\u00e9raire collier <\/i><\/b><\/p>\n<p>Pendentif fun\u00e9raire \u00e9l\u00e9gant en forme de croix, disponible en plusieurs couleurs. Ce bijou est livr\u00e9 avec une cha\u00eene en acier inoxydable durable (longueur 50 + 5 cm d\u2019extension) et pr\u00e9sente un design classique pour honorer la m\u00e9moire de votre \u00eatre cher de mani\u00e8re \u00e9l\u00e9gante. Convient aussi bien aux femmes qu\u2019aux hommes.  <\/p>\n<ul>\n<li><strong>Kit de remplissage inclus !<\/strong><\/li>\n<\/ul>\n<p>&nbsp;<\/p>\n","protected":false},"featured_media":10309,"template":"","meta":{"_acf_changed":false},"product_brand":[],"product_cat":[646],"product_tag":[],"class_list":{"0":"post-10320","1":"product","2":"type-product","3":"status-publish","4":"has-post-thumbnail","6":"product_cat-pendentif-de-cremation","8":"first","9":"instock","10":"taxable","11":"shipping-taxable","12":"purchasable","13":"product-type-variable"},"acf":[],"_links":{"self":[{"href":"https:\/\/morivita.be\/fr\/wp-json\/wp\/v2\/product\/10320","targetHints":{"allow":["GET"]}}],"collection":[{"href":"https:\/\/morivita.be\/fr\/wp-json\/wp\/v2\/product"}],"about":[{"href":"https:\/\/morivita.be\/fr\/wp-json\/wp\/v2\/types\/product"}],"wp:featuredmedia":[{"embeddable":true,"href":"https:\/\/morivita.be\/fr\/wp-json\/wp\/v2\/media\/10309"}],"wp:attachment":[{"href":"https:\/\/morivita.be\/fr\/wp-json\/wp\/v2\/media?parent=10320"}],"wp:term":[{"taxonomy":"product_brand","embeddable":true,"href":"https:\/\/morivita.be\/fr\/wp-json\/wp\/v2\/product_brand?post=10320"},{"taxonomy":"product_cat","embeddable":true,"href":"https:\/\/morivita.be\/fr\/wp-json\/wp\/v2\/product_cat?post=10320"},{"taxonomy":"product_tag","embeddable":true,"href":"https:\/\/morivita.be\/fr\/wp-json\/wp\/v2\/product_tag?post=10320"}],"curies":[{"name":"wp","href":"https:\/\/api.w.org\/{rel}","templated":true}]}}