{"id":10338,"date":"2025-05-06T20:43:19","date_gmt":"2025-05-06T18:43:19","guid":{"rendered":"https:\/\/morivita.be\/non class\u00e9\/mini-urne-en-aluminium-2\/"},"modified":"2025-05-06T20:43:19","modified_gmt":"2025-05-06T18:43:19","slug":"mini-urne-en-aluminium-2","status":"publish","type":"product","link":"https:\/\/morivita.be\/fr\/produit\/mini-urne-en-aluminium-2\/","title":{"rendered":"Mini-urne en aluminium"},"content":{"rendered":"<p data-start=\"46\" data-end=\"274\"><strong data-start=\"46\" data-end=\"69\">Qualit\u00e9 et design<br data-start=\"69\" data-end=\"72\"><\/strong>Cette urne en aluminium est un v\u00e9ritable travail artisanal, avec un design classique et des d\u00e9tails raffin\u00e9s, notamment trois bandes noires et une finition \u00e9l\u00e9gante. Un magnifique souvenir qui rend hommage \u00e0 la m\u00e9moire de votre \u00eatre cher. <\/p>\n<p data-start=\"276\" data-end=\"553\"><strong data-start=\"276\" data-end=\"302\">Bouchon \u00e0 vis fiable<br data-start=\"302\" data-end=\"305\"><\/strong>Le bouchon \u00e0 vis solide garantit que les cendres sont conserv\u00e9es en toute s\u00e9curit\u00e9. Peinte \u00e0 la main avec un bouchon de s\u00e9curit\u00e9 assorti, cette urne est id\u00e9ale pour \u00eatre plac\u00e9e sur une table de nuit ou une \u00e9tag\u00e8re. Convient \u00e9galement pour d&#8217;autres souvenirs tels que des cendres, des m\u00e8ches de cheveux ou des fleurs s\u00e9ch\u00e9es.  <\/p>\n<p data-start=\"555\" data-end=\"720\"><strong data-start=\"555\" data-end=\"579\">Protection en velours<br data-start=\"579\" data-end=\"582\"><\/strong>Chaque urne est livr\u00e9e avec un sac en velours noir dot\u00e9 d\u2019un cordon de serrage, qui prot\u00e8ge l\u2019urne de la poussi\u00e8re, des rayures et des dommages.<\/p>\n<p data-start=\"722\" data-end=\"891\"><strong data-start=\"722\" data-end=\"740\">Service client<br data-start=\"740\" data-end=\"743\"><\/strong>Nous nous engageons \u00e0 vous offrir des mini-urnes de haute qualit\u00e9 qui d\u00e9passent vos attentes. Pour toute question, n\u2019h\u00e9sitez pas \u00e0 contacter notre \u00e9quipe du service client. <\/p>\n","protected":false},"excerpt":{"rendered":"<p data-start=\"794\" data-end=\"821\"><strong data-start=\"794\" data-end=\"821\">Un souvenir rempli d\u2019amour<\/strong><\/p>\n<p data-start=\"823\" data-end=\"1011\">Ce pendentif n\u2019est pas un simple bijou, mais un souvenir tangible qui symbolise l\u2019amour et le lien \u00e9ternel. Un cadeau pr\u00e9cieux pour vous-m\u00eame ou pour quelqu\u2019un qui souhaite honorer la m\u00e9moire d\u2019un \u00eatre cher. <\/p>\n","protected":false},"featured_media":10337,"template":"","meta":{"_acf_changed":false},"product_brand":[],"product_cat":[584,413,295],"product_tag":[],"class_list":{"0":"post-10338","1":"product","2":"type-product","3":"status-publish","4":"has-post-thumbnail","6":"product_cat-cremation-jewelry-bijoux","7":"product_cat-urne-mini","8":"product_cat-urnes-fr","10":"first","11":"onbackorder","12":"taxable","13":"shipping-taxable","14":"purchasable","15":"product-type-simple"},"acf":[],"_links":{"self":[{"href":"https:\/\/morivita.be\/fr\/wp-json\/wp\/v2\/product\/10338","targetHints":{"allow":["GET"]}}],"collection":[{"href":"https:\/\/morivita.be\/fr\/wp-json\/wp\/v2\/product"}],"about":[{"href":"https:\/\/morivita.be\/fr\/wp-json\/wp\/v2\/types\/product"}],"wp:featuredmedia":[{"embeddable":true,"href":"https:\/\/morivita.be\/fr\/wp-json\/wp\/v2\/media\/10337"}],"wp:attachment":[{"href":"https:\/\/morivita.be\/fr\/wp-json\/wp\/v2\/media?parent=10338"}],"wp:term":[{"taxonomy":"product_brand","embeddable":true,"href":"https:\/\/morivita.be\/fr\/wp-json\/wp\/v2\/product_brand?post=10338"},{"taxonomy":"product_cat","embeddable":true,"href":"https:\/\/morivita.be\/fr\/wp-json\/wp\/v2\/product_cat?post=10338"},{"taxonomy":"product_tag","embeddable":true,"href":"https:\/\/morivita.be\/fr\/wp-json\/wp\/v2\/product_tag?post=10338"}],"curies":[{"name":"wp","href":"https:\/\/api.w.org\/{rel}","templated":true}]}}