{"id":10417,"date":"2025-10-16T17:39:51","date_gmt":"2025-10-16T15:39:51","guid":{"rendered":"https:\/\/morivita.be\/non class\u00e9\/linceul-palm\/"},"modified":"2025-10-16T17:39:51","modified_gmt":"2025-10-16T15:39:51","slug":"linceul-palm","status":"publish","type":"product","link":"https:\/\/morivita.be\/fr\/produit\/linceul-palm\/","title":{"rendered":"Linceul | PALM"},"content":{"rendered":"","protected":false},"excerpt":{"rendered":"<p>Un linceul, un drap mortuaire, un drap d&#8217;adieu ou un drap fun\u00e9raire est un tissu rectangulaire en mati\u00e8re douce dans lequel on peut envelopper un d\u00e9funt lors d&#8217;une veill\u00e9e fun\u00e8bre ou d&#8217;une c\u00e9r\u00e9monie d&#8217;adieu.<\/p>\n<p>Ce linceul PALM est fabriqu\u00e9 dans un tissu 100 % lin belge.<\/p>\n<p>Dimensions : 250 x 350<\/p>\n","protected":false},"featured_media":10424,"template":"","meta":{"_acf_changed":false},"product_brand":[],"product_cat":[257,342],"product_tag":[],"class_list":{"0":"post-10417","1":"product","2":"type-product","3":"status-publish","4":"has-post-thumbnail","6":"product_cat-capitonnage","7":"product_cat-linceuls","9":"first","10":"instock","11":"taxable","12":"shipping-taxable","13":"purchasable","14":"product-type-simple"},"acf":[],"_links":{"self":[{"href":"https:\/\/morivita.be\/fr\/wp-json\/wp\/v2\/product\/10417","targetHints":{"allow":["GET"]}}],"collection":[{"href":"https:\/\/morivita.be\/fr\/wp-json\/wp\/v2\/product"}],"about":[{"href":"https:\/\/morivita.be\/fr\/wp-json\/wp\/v2\/types\/product"}],"wp:featuredmedia":[{"embeddable":true,"href":"https:\/\/morivita.be\/fr\/wp-json\/wp\/v2\/media\/10424"}],"wp:attachment":[{"href":"https:\/\/morivita.be\/fr\/wp-json\/wp\/v2\/media?parent=10417"}],"wp:term":[{"taxonomy":"product_brand","embeddable":true,"href":"https:\/\/morivita.be\/fr\/wp-json\/wp\/v2\/product_brand?post=10417"},{"taxonomy":"product_cat","embeddable":true,"href":"https:\/\/morivita.be\/fr\/wp-json\/wp\/v2\/product_cat?post=10417"},{"taxonomy":"product_tag","embeddable":true,"href":"https:\/\/morivita.be\/fr\/wp-json\/wp\/v2\/product_tag?post=10417"}],"curies":[{"name":"wp","href":"https:\/\/api.w.org\/{rel}","templated":true}]}}