{"id":10447,"date":"2025-10-29T14:40:59","date_gmt":"2025-10-29T13:40:59","guid":{"rendered":"https:\/\/morivita.be\/non class\u00e9\/urne-de-dispersion-avec-roses-blanches\/"},"modified":"2025-10-29T14:40:59","modified_gmt":"2025-10-29T13:40:59","slug":"urne-de-dispersion-avec-roses-blanches","status":"publish","type":"product","link":"https:\/\/morivita.be\/fr\/produit\/urne-de-dispersion-avec-roses-blanches\/","title":{"rendered":"Urne de dispersion avec roses blanches"},"content":{"rendered":"<p data-start=\"552\" data-end=\"826\"><strong data-start=\"552\" data-end=\"583\">Un hommage plein de sens <\/strong>\u2013 Nos urnes fun\u00e9raires \u2013 tubes de dispersion sont con\u00e7ues avec soin pour honorer la m\u00e9moire d\u2019un \u00eatre cher de mani\u00e8re respectueuse et \u00e9l\u00e9gante. Elles offrent un adieu digne, que ce soit lors d\u2019une c\u00e9r\u00e9monie de dispersion ou d\u2019une inhumation avec urne. <\/p>\n<p data-start=\"828\" data-end=\"1090\"><strong data-start=\"828\" data-end=\"863\">Naturelle et \u00e9cologique <\/strong>\u2013 Fabriqu\u00e9e \u00e0 partir de mat\u00e9riaux enti\u00e8rement naturels, sans m\u00e9tal ni plastique, chaque urne biod\u00e9gradable constitue un choix responsable et durable. Elle convient aussi bien \u00e0 une dispersion sur terre qu\u2019\u00e0 une c\u00e9r\u00e9monie en mer. <\/p>\n<p data-start=\"1092\" data-end=\"1378\"><strong data-start=\"1092\" data-end=\"1129\">Une dispersion simple et \u00e9l\u00e9gante<\/strong> \u2013 Gr\u00e2ce \u00e0 leur conception pratique et \u00e0 leur finition artisanale, nos urnes permettent de disperser les cendres en douceur et avec respect. Le design raffin\u00e9 et la facilit\u00e9 d\u2019utilisation cr\u00e9ent un bel \u00e9quilibre entre esth\u00e9tique et simplicit\u00e9. <\/p>\n<p data-start=\"1380\" data-end=\"1656\"><strong data-start=\"1380\" data-end=\"1422\">Adapt\u00e9e au voyage et aux c\u00e9r\u00e9monies en mer \u2013<\/strong> Solides et s\u00e9curis\u00e9es, nos urnes fun\u00e9raires sont approuv\u00e9es pour le transport a\u00e9rien (TSA). Elles conviennent parfaitement \u00e0 la dispersion des cendres en mer, o\u00f9 elles se d\u00e9gradent naturellement sans nuire \u00e0 l\u2019environnement. <\/p>\n<p data-start=\"1658\" data-end=\"1904\">Fabrication soign\u00e9e \u2013 satisfaction garantie \u2013 Nous accordons une grande importance \u00e0 la qualit\u00e9 et au respect dans chaque d\u00e9tail. Si, durant ce moment de souvenir, vous n\u2019\u00eates pas enti\u00e8rement satisfait, nous offrons un retour simple et sans complication. <\/p>\n","protected":false},"excerpt":{"rendered":"<p>Un hommage plein de sens \u2013 Nos urnes fun\u00e9raires \u2013 tubes de dispersion sont con\u00e7ues avec soin pour honorer la m\u00e9moire d\u2019un \u00eatre cher de mani\u00e8re respectueuse et \u00e9l\u00e9gante. Elles offrent un adieu digne, que ce soit lors d\u2019une c\u00e9r\u00e9monie de dispersion ou d\u2019une inhumation avec urne. Naturelle et \u00e9cologique \u2013 Fabriqu\u00e9e \u00e0 partir de [&hellip;]<\/p>\n","protected":false},"featured_media":10441,"template":"","meta":{"_acf_changed":false},"product_brand":[],"product_cat":[845,331,295],"product_tag":[],"class_list":{"0":"post-10447","1":"product","2":"type-product","3":"status-publish","4":"has-post-thumbnail","6":"product_cat-urnes-de-dispersion-en-carton","7":"product_cat-eco-fr","8":"product_cat-urnes-fr","10":"first","11":"instock","12":"taxable","13":"shipping-taxable","14":"purchasable","15":"product-type-simple"},"acf":[],"_links":{"self":[{"href":"https:\/\/morivita.be\/fr\/wp-json\/wp\/v2\/product\/10447","targetHints":{"allow":["GET"]}}],"collection":[{"href":"https:\/\/morivita.be\/fr\/wp-json\/wp\/v2\/product"}],"about":[{"href":"https:\/\/morivita.be\/fr\/wp-json\/wp\/v2\/types\/product"}],"wp:featuredmedia":[{"embeddable":true,"href":"https:\/\/morivita.be\/fr\/wp-json\/wp\/v2\/media\/10441"}],"wp:attachment":[{"href":"https:\/\/morivita.be\/fr\/wp-json\/wp\/v2\/media?parent=10447"}],"wp:term":[{"taxonomy":"product_brand","embeddable":true,"href":"https:\/\/morivita.be\/fr\/wp-json\/wp\/v2\/product_brand?post=10447"},{"taxonomy":"product_cat","embeddable":true,"href":"https:\/\/morivita.be\/fr\/wp-json\/wp\/v2\/product_cat?post=10447"},{"taxonomy":"product_tag","embeddable":true,"href":"https:\/\/morivita.be\/fr\/wp-json\/wp\/v2\/product_tag?post=10447"}],"curies":[{"name":"wp","href":"https:\/\/api.w.org\/{rel}","templated":true}]}}