{"id":10463,"date":"2025-11-04T15:44:39","date_gmt":"2025-11-04T14:44:39","guid":{"rendered":"https:\/\/morivita.be\/non class\u00e9\/blocs-de-presentation-en-papier-pliables\/"},"modified":"2025-11-04T15:44:39","modified_gmt":"2025-11-04T14:44:39","slug":"blocs-de-presentation-en-papier-pliables","status":"publish","type":"product","link":"https:\/\/morivita.be\/fr\/produit\/blocs-de-presentation-en-papier-pliables\/","title":{"rendered":"Blocs de pr\u00e9sentation en papier pliables"},"content":{"rendered":"<p style=\"text-align: left;\">Dimensions:<\/p>\n<ul>\n<li style=\"text-align: left;\">\u00d8 40 x H 40 cm<\/li>\n<li style=\"text-align: left;\">\u00d8 40 x H 60 cm<\/li>\n<li style=\"text-align: left;\">\u00d8 40 x H 80 cm<\/li>\n<li style=\"text-align: left;\">\u00d8 40 x H 100 cm<\/li>\n<li style=\"text-align: left;\">\u00d8 40 x H 120 cm<\/li>\n<\/ul>\n<p>&nbsp;<\/p>\n<p><strong>Ce produit n&#8217;est pas disponible en stock et doit \u00eatre command\u00e9 ! Veuillez donc tenir compte d&#8217;un d\u00e9lai de livraison prolong\u00e9 !  <\/strong><\/p>\n","protected":false},"excerpt":{"rendered":"<p>D\u00e9couvrez la symbiose parfaite entre design classique et fonctionnalit\u00e9 moderne avec la colonne pliante en papier \u00ab Romain \u00bb de couleur cr\u00e8me ou noire. Inspir\u00e9e de l&#8217;architecture antique, elle s\u00e9duit par sa structure \u00e9l\u00e9gante et son plateau en acrylique haut de gamme qui offre un espace de rangement styl\u00e9. L\u00e9g\u00e8re, flexible et pourtant stable,<br \/>\nelle est un v\u00e9ritable atout pour chaque pi\u00e8ce.  <\/p>\n<p>Disponible en 5 hauteurs diff\u00e9rentes.<\/p>\n<p>&nbsp;<\/p>\n<p>Un sac de rangement pratique peut \u00eatre fourni ! Id\u00e9al pour les services \u00e0 l&#8217;\u00e9glise ou sur place. <\/p>\n<p>&nbsp;<\/p>\n<p><strong>Ce produit n&#8217;est pas disponible en stock et doit \u00eatre command\u00e9 ! Veuillez donc tenir compte d&#8217;un d\u00e9lai de livraison prolong\u00e9 !  <\/strong><\/p>\n","protected":false},"featured_media":10455,"template":"","meta":{"_acf_changed":false},"product_brand":[],"product_cat":[714,296],"product_tag":[],"class_list":{"0":"post-10463","1":"product","2":"type-product","3":"status-publish","4":"has-post-thumbnail","6":"product_cat-blocs-de-presentation","7":"product_cat-decoration-amenagement-funeraire","9":"first","10":"onbackorder","11":"taxable","12":"shipping-taxable","13":"purchasable","14":"product-type-variable"},"acf":[],"_links":{"self":[{"href":"https:\/\/morivita.be\/fr\/wp-json\/wp\/v2\/product\/10463","targetHints":{"allow":["GET"]}}],"collection":[{"href":"https:\/\/morivita.be\/fr\/wp-json\/wp\/v2\/product"}],"about":[{"href":"https:\/\/morivita.be\/fr\/wp-json\/wp\/v2\/types\/product"}],"wp:featuredmedia":[{"embeddable":true,"href":"https:\/\/morivita.be\/fr\/wp-json\/wp\/v2\/media\/10455"}],"wp:attachment":[{"href":"https:\/\/morivita.be\/fr\/wp-json\/wp\/v2\/media?parent=10463"}],"wp:term":[{"taxonomy":"product_brand","embeddable":true,"href":"https:\/\/morivita.be\/fr\/wp-json\/wp\/v2\/product_brand?post=10463"},{"taxonomy":"product_cat","embeddable":true,"href":"https:\/\/morivita.be\/fr\/wp-json\/wp\/v2\/product_cat?post=10463"},{"taxonomy":"product_tag","embeddable":true,"href":"https:\/\/morivita.be\/fr\/wp-json\/wp\/v2\/product_tag?post=10463"}],"curies":[{"name":"wp","href":"https:\/\/api.w.org\/{rel}","templated":true}]}}