{"id":10466,"date":"2025-11-04T15:35:46","date_gmt":"2025-11-04T14:35:46","guid":{"rendered":"https:\/\/morivita.be\/non class\u00e9\/blocs-de-presentation-en-teck\/"},"modified":"2025-11-04T15:35:46","modified_gmt":"2025-11-04T14:35:46","slug":"blocs-de-presentation-en-teck","status":"publish","type":"product","link":"https:\/\/morivita.be\/fr\/produit\/blocs-de-presentation-en-teck\/","title":{"rendered":"Blocs de pr\u00e9sentation en teck"},"content":{"rendered":"<p style=\"text-align: left;\">Type de bois : Teck<\/p>\n<p style=\"text-align: left;\">Dimensions:<\/p>\n<ul>\n<li style=\"text-align: left;\">\u00d8 35 x H 60 cm<\/li>\n<li style=\"text-align: left;\">\u00d8 35 x H 80 cm<\/li>\n<li style=\"text-align: left;\">\u00d8 35 x H 120 cm<\/li>\n<\/ul>\n<p>&nbsp;<\/p>\n<p><strong>Ce produit n&#8217;est pas disponible en stock et doit \u00eatre command\u00e9 ! Veuillez donc tenir compte d&#8217;un d\u00e9lai de livraison prolong\u00e9 ! <\/strong><\/p>\n","protected":false},"excerpt":{"rendered":"<p>Blocs de pr\u00e9sentation uniques fabriqu\u00e9s en bois de teck. Les colonnes sont disponibles en 3 tailles diff\u00e9rentes. D\u00e9couvrez la beaut\u00e9 de la nature dans sa forme la plus pure avec notre colonne en teck. La structure remarquable du bois, avec son grain unique, rend chaque pi\u00e8ce vraiment unique. Robuust, tijdloos en veelzijdig inzetbaar \u2013 als voetstuk voor urnen, decoratie of planten.<\/p>\n<p><strong>Ce produit n&#8217;est pas disponible en stock et doit \u00eatre command\u00e9 ! Veuillez donc tenir compte d&#8217;un d\u00e9lai de livraison prolong\u00e9 ! <\/strong><\/p>\n","protected":false},"featured_media":10450,"template":"","meta":{"_acf_changed":false},"product_brand":[],"product_cat":[712,714,296],"product_tag":[],"class_list":{"0":"post-10466","1":"product","2":"type-product","3":"status-publish","4":"has-post-thumbnail","6":"product_cat-banc-funeraire","7":"product_cat-blocs-de-presentation","8":"product_cat-decoration-amenagement-funeraire","10":"first","11":"onbackorder","12":"taxable","13":"shipping-taxable","14":"purchasable","15":"product-type-simple"},"acf":[],"_links":{"self":[{"href":"https:\/\/morivita.be\/fr\/wp-json\/wp\/v2\/product\/10466","targetHints":{"allow":["GET"]}}],"collection":[{"href":"https:\/\/morivita.be\/fr\/wp-json\/wp\/v2\/product"}],"about":[{"href":"https:\/\/morivita.be\/fr\/wp-json\/wp\/v2\/types\/product"}],"wp:featuredmedia":[{"embeddable":true,"href":"https:\/\/morivita.be\/fr\/wp-json\/wp\/v2\/media\/10450"}],"wp:attachment":[{"href":"https:\/\/morivita.be\/fr\/wp-json\/wp\/v2\/media?parent=10466"}],"wp:term":[{"taxonomy":"product_brand","embeddable":true,"href":"https:\/\/morivita.be\/fr\/wp-json\/wp\/v2\/product_brand?post=10466"},{"taxonomy":"product_cat","embeddable":true,"href":"https:\/\/morivita.be\/fr\/wp-json\/wp\/v2\/product_cat?post=10466"},{"taxonomy":"product_tag","embeddable":true,"href":"https:\/\/morivita.be\/fr\/wp-json\/wp\/v2\/product_tag?post=10466"}],"curies":[{"name":"wp","href":"https:\/\/api.w.org\/{rel}","templated":true}]}}