{"id":10514,"date":"2026-01-12T12:53:36","date_gmt":"2026-01-12T11:53:36","guid":{"rendered":"https:\/\/morivita.be\/non class\u00e9\/cache-oeil-couleur-peau-par-144\/"},"modified":"2026-01-12T12:53:36","modified_gmt":"2026-01-12T11:53:36","slug":"cache-oeil-couleur-peau-par-144","status":"publish","type":"product","link":"https:\/\/morivita.be\/fr\/produit\/cache-oeil-couleur-peau-par-144\/","title":{"rendered":"Cache-\u0153il couleur peau | Par 144"},"content":{"rendered":"<p>Cache-\u0153il couleur peau en plastique. Permet de maintenir les paupi\u00e8res ferm\u00e9es. <\/p>\n","protected":false},"excerpt":{"rendered":"<p>Skin-coloured plastic eye patch. Keeps the eyelids closed. <\/p>\n","protected":false},"featured_media":10486,"template":"","meta":{"_acf_changed":false},"product_brand":[],"product_cat":[850,294,423],"product_tag":[],"class_list":{"0":"post-10514","1":"product","2":"type-product","3":"status-publish","4":"has-post-thumbnail","6":"product_cat-autres-soins-corporels","7":"product_cat-soins","8":"product_cat-soins-de-corps","10":"first","11":"instock","12":"taxable","13":"shipping-taxable","14":"purchasable","15":"product-type-simple"},"acf":[],"_links":{"self":[{"href":"https:\/\/morivita.be\/fr\/wp-json\/wp\/v2\/product\/10514","targetHints":{"allow":["GET"]}}],"collection":[{"href":"https:\/\/morivita.be\/fr\/wp-json\/wp\/v2\/product"}],"about":[{"href":"https:\/\/morivita.be\/fr\/wp-json\/wp\/v2\/types\/product"}],"wp:featuredmedia":[{"embeddable":true,"href":"https:\/\/morivita.be\/fr\/wp-json\/wp\/v2\/media\/10486"}],"wp:attachment":[{"href":"https:\/\/morivita.be\/fr\/wp-json\/wp\/v2\/media?parent=10514"}],"wp:term":[{"taxonomy":"product_brand","embeddable":true,"href":"https:\/\/morivita.be\/fr\/wp-json\/wp\/v2\/product_brand?post=10514"},{"taxonomy":"product_cat","embeddable":true,"href":"https:\/\/morivita.be\/fr\/wp-json\/wp\/v2\/product_cat?post=10514"},{"taxonomy":"product_tag","embeddable":true,"href":"https:\/\/morivita.be\/fr\/wp-json\/wp\/v2\/product_tag?post=10514"}],"curies":[{"name":"wp","href":"https:\/\/api.w.org\/{rel}","templated":true}]}}