{"id":10515,"date":"2026-01-12T12:49:54","date_gmt":"2026-01-12T11:49:54","guid":{"rendered":"https:\/\/morivita.be\/non class\u00e9\/lames-de-rasoir-lames-simples\/"},"modified":"2026-01-12T12:49:54","modified_gmt":"2026-01-12T11:49:54","slug":"lames-de-rasoir-lames-simples","status":"publish","type":"product","link":"https:\/\/morivita.be\/fr\/produit\/lames-de-rasoir-lames-simples\/","title":{"rendered":"Lames de rasoir | Lames simples"},"content":{"rendered":"","protected":false},"excerpt":{"rendered":"<p>Manche en plastique \u00e9quip\u00e9 d&#8217;une lame tranchante. Ces lames de rasoir sont \u00e0 usage unique. <\/p>\n","protected":false},"featured_media":10494,"template":"","meta":{"_acf_changed":false},"product_brand":[],"product_cat":[850,294,423],"product_tag":[],"class_list":{"0":"post-10515","1":"product","2":"type-product","3":"status-publish","4":"has-post-thumbnail","6":"product_cat-autres-soins-corporels","7":"product_cat-soins","8":"product_cat-soins-de-corps","10":"first","11":"instock","12":"taxable","13":"shipping-taxable","14":"purchasable","15":"product-type-simple"},"acf":[],"_links":{"self":[{"href":"https:\/\/morivita.be\/fr\/wp-json\/wp\/v2\/product\/10515","targetHints":{"allow":["GET"]}}],"collection":[{"href":"https:\/\/morivita.be\/fr\/wp-json\/wp\/v2\/product"}],"about":[{"href":"https:\/\/morivita.be\/fr\/wp-json\/wp\/v2\/types\/product"}],"wp:featuredmedia":[{"embeddable":true,"href":"https:\/\/morivita.be\/fr\/wp-json\/wp\/v2\/media\/10494"}],"wp:attachment":[{"href":"https:\/\/morivita.be\/fr\/wp-json\/wp\/v2\/media?parent=10515"}],"wp:term":[{"taxonomy":"product_brand","embeddable":true,"href":"https:\/\/morivita.be\/fr\/wp-json\/wp\/v2\/product_brand?post=10515"},{"taxonomy":"product_cat","embeddable":true,"href":"https:\/\/morivita.be\/fr\/wp-json\/wp\/v2\/product_cat?post=10515"},{"taxonomy":"product_tag","embeddable":true,"href":"https:\/\/morivita.be\/fr\/wp-json\/wp\/v2\/product_tag?post=10515"}],"curies":[{"name":"wp","href":"https:\/\/api.w.org\/{rel}","templated":true}]}}