{"id":10518,"date":"2026-01-12T12:39:27","date_gmt":"2026-01-12T11:39:27","guid":{"rendered":"https:\/\/morivita.be\/non class\u00e9\/aiguilles-c-conditionnees-par-12-pieces\/"},"modified":"2026-01-12T12:39:27","modified_gmt":"2026-01-12T11:39:27","slug":"aiguilles-c-conditionnees-par-12-pieces","status":"publish","type":"product","link":"https:\/\/morivita.be\/fr\/produit\/aiguilles-c-conditionnees-par-12-pieces\/","title":{"rendered":"Aiguilles C | Conditionn\u00e9es par 12 pi\u00e8ces"},"content":{"rendered":"<p>Aiguille \u00e0 suture \u00ab C \u00bb semi-circulaire 114 mm<\/p>\n","protected":false},"excerpt":{"rendered":"<p>Aiguille \u00e0 suture en forme de \u00ab C \u00bb semi-circulaire.<\/p>\n","protected":false},"featured_media":10482,"template":"","meta":{"_acf_changed":false},"product_brand":[],"product_cat":[850,294,423],"product_tag":[],"class_list":{"0":"post-10518","1":"product","2":"type-product","3":"status-publish","4":"has-post-thumbnail","6":"product_cat-autres-soins-corporels","7":"product_cat-soins","8":"product_cat-soins-de-corps","10":"first","11":"instock","12":"taxable","13":"shipping-taxable","14":"purchasable","15":"product-type-simple"},"acf":[],"_links":{"self":[{"href":"https:\/\/morivita.be\/fr\/wp-json\/wp\/v2\/product\/10518","targetHints":{"allow":["GET"]}}],"collection":[{"href":"https:\/\/morivita.be\/fr\/wp-json\/wp\/v2\/product"}],"about":[{"href":"https:\/\/morivita.be\/fr\/wp-json\/wp\/v2\/types\/product"}],"wp:featuredmedia":[{"embeddable":true,"href":"https:\/\/morivita.be\/fr\/wp-json\/wp\/v2\/media\/10482"}],"wp:attachment":[{"href":"https:\/\/morivita.be\/fr\/wp-json\/wp\/v2\/media?parent=10518"}],"wp:term":[{"taxonomy":"product_brand","embeddable":true,"href":"https:\/\/morivita.be\/fr\/wp-json\/wp\/v2\/product_brand?post=10518"},{"taxonomy":"product_cat","embeddable":true,"href":"https:\/\/morivita.be\/fr\/wp-json\/wp\/v2\/product_cat?post=10518"},{"taxonomy":"product_tag","embeddable":true,"href":"https:\/\/morivita.be\/fr\/wp-json\/wp\/v2\/product_tag?post=10518"}],"curies":[{"name":"wp","href":"https:\/\/api.w.org\/{rel}","templated":true}]}}