{"id":4580,"date":"2021-06-10T14:16:45","date_gmt":"2021-06-10T12:16:45","guid":{"rendered":"https:\/\/morivita.be\/non%20class\u00e9\/masque-de-soins-3-couches-noir-iirque-de-soins-noir-iir\/"},"modified":"2022-06-30T15:19:50","modified_gmt":"2022-06-30T13:19:50","slug":"masque-de-soins-3-couches-noir-iirque-de-soins-noir-iir","status":"publish","type":"product","link":"https:\/\/morivita.be\/fr\/produit\/masque-de-soins-3-couches-noir-iirque-de-soins-noir-iir\/","title":{"rendered":"Masque de soins 3 couches noir | IIR"},"content":{"rendered":"","protected":false},"excerpt":{"rendered":"<p>Ce masque de soins offre une bonne protection.<\/p>\n<p>Il filtre l\u2019air inhal\u00e9 et expir\u00e9.<\/p>\n<p>Il arr\u00eatera \u00e9galement les \u00e9claboussures de fluides corporels.<\/p>\n<p>&nbsp;<\/p>\n","protected":false},"featured_media":4491,"template":"","meta":{"_acf_changed":false},"product_brand":[],"product_cat":[364,290,289],"product_tag":[],"class_list":{"0":"post-4580","1":"product","2":"type-product","3":"status-publish","4":"has-post-thumbnail","6":"product_cat-masque-de-soins-chirurgical","7":"product_cat-masques-de-soins","8":"product_cat-materiel-hygienique","10":"first","11":"instock","12":"taxable","13":"shipping-taxable","14":"purchasable","15":"product-type-simple"},"acf":[],"_links":{"self":[{"href":"https:\/\/morivita.be\/fr\/wp-json\/wp\/v2\/product\/4580","targetHints":{"allow":["GET"]}}],"collection":[{"href":"https:\/\/morivita.be\/fr\/wp-json\/wp\/v2\/product"}],"about":[{"href":"https:\/\/morivita.be\/fr\/wp-json\/wp\/v2\/types\/product"}],"wp:featuredmedia":[{"embeddable":true,"href":"https:\/\/morivita.be\/fr\/wp-json\/wp\/v2\/media\/4491"}],"wp:attachment":[{"href":"https:\/\/morivita.be\/fr\/wp-json\/wp\/v2\/media?parent=4580"}],"wp:term":[{"taxonomy":"product_brand","embeddable":true,"href":"https:\/\/morivita.be\/fr\/wp-json\/wp\/v2\/product_brand?post=4580"},{"taxonomy":"product_cat","embeddable":true,"href":"https:\/\/morivita.be\/fr\/wp-json\/wp\/v2\/product_cat?post=4580"},{"taxonomy":"product_tag","embeddable":true,"href":"https:\/\/morivita.be\/fr\/wp-json\/wp\/v2\/product_tag?post=4580"}],"curies":[{"name":"wp","href":"https:\/\/api.w.org\/{rel}","templated":true}]}}