{"id":4589,"date":"2021-06-08T14:08:55","date_gmt":"2021-06-08T12:08:55","guid":{"rendered":"https:\/\/morivita.be\/non%20class\u00e9\/chariot-elevateur-electrique-simple-croisillonriot\/"},"modified":"2022-06-30T15:14:47","modified_gmt":"2022-06-30T13:14:47","slug":"chariot-elevateur-electrique-simple-croisillon","status":"publish","type":"product","link":"https:\/\/morivita.be\/fr\/produit\/chariot-elevateur-electrique-simple-croisillon\/","title":{"rendered":"Chariot \u00e9l\u00e9vateur \u00e9lectrique simple croisillon"},"content":{"rendered":"","protected":false},"excerpt":{"rendered":"<p><em><strong>Chariot \u00e9lectrique pour d\u00e9placer des civi\u00e8res et des cercueils dans la morgue.<\/strong><\/em><\/p>\n<p>Ce chariot est id\u00e9al pour d\u00e9poser les corps, sur une civi\u00e8re ou dans un cercueil, dans les chambres froides hautes ou pour les d\u00e9placer horizontalement dans votre espace de travail.<\/p>\n<p>Ce chariot est enti\u00e8rement en acier inoxydable, dispose d\u2019un syst\u00e8me de contr\u00f4le facile et d\u2019un v\u00e9rin \u00e9lectrique puissant pour soulever une charge maximale de 200 kg.<\/p>\n<p>La batterie l\u00e9g\u00e8re est rechargeable sur une alimentation 220 volts AC.<\/p>\n","protected":false},"featured_media":4582,"template":"","meta":{"_acf_changed":false},"product_brand":[],"product_cat":[280,283],"product_tag":[],"class_list":{"0":"post-4589","1":"product","2":"type-product","3":"status-publish","4":"has-post-thumbnail","6":"product_cat-transport-fr","7":"product_cat-chariots-elevateurs","9":"first","10":"instock","11":"taxable","12":"shipping-taxable","13":"purchasable","14":"product-type-simple"},"acf":[],"_links":{"self":[{"href":"https:\/\/morivita.be\/fr\/wp-json\/wp\/v2\/product\/4589","targetHints":{"allow":["GET"]}}],"collection":[{"href":"https:\/\/morivita.be\/fr\/wp-json\/wp\/v2\/product"}],"about":[{"href":"https:\/\/morivita.be\/fr\/wp-json\/wp\/v2\/types\/product"}],"wp:featuredmedia":[{"embeddable":true,"href":"https:\/\/morivita.be\/fr\/wp-json\/wp\/v2\/media\/4582"}],"wp:attachment":[{"href":"https:\/\/morivita.be\/fr\/wp-json\/wp\/v2\/media?parent=4589"}],"wp:term":[{"taxonomy":"product_brand","embeddable":true,"href":"https:\/\/morivita.be\/fr\/wp-json\/wp\/v2\/product_brand?post=4589"},{"taxonomy":"product_cat","embeddable":true,"href":"https:\/\/morivita.be\/fr\/wp-json\/wp\/v2\/product_cat?post=4589"},{"taxonomy":"product_tag","embeddable":true,"href":"https:\/\/morivita.be\/fr\/wp-json\/wp\/v2\/product_tag?post=4589"}],"curies":[{"name":"wp","href":"https:\/\/api.w.org\/{rel}","templated":true}]}}