{"id":4604,"date":"2021-06-12T17:28:04","date_gmt":"2021-06-12T15:28:04","guid":{"rendered":"https:\/\/morivita.be\/?post_type=product&#038;p=4604"},"modified":"2022-07-01T09:34:00","modified_gmt":"2022-07-01T07:34:00","slug":"brancard-xl-aluminium","status":"publish","type":"product","link":"https:\/\/morivita.be\/fr\/produit\/brancard-xl-aluminium\/","title":{"rendered":"Brancard XL"},"content":{"rendered":"","protected":false},"excerpt":{"rendered":"<p>Cette civi\u00e8re a des supports renforc\u00e9s. Les supports se verrouillent automatiquement lors du d\u00e9chargement.<\/p>\n<p>Cette civi\u00e8re peut tr\u00e8s facilement \u00eatre manipul\u00e9e par une personne.<br \/>\n<strong> <\/strong><\/p>\n","protected":false},"featured_media":4600,"template":"","meta":{"_acf_changed":false},"product_brand":[],"product_cat":[280,395,396],"product_tag":[],"class_list":{"0":"post-4604","1":"product","2":"type-product","3":"status-publish","4":"has-post-thumbnail","6":"product_cat-transport-fr","7":"product_cat-brancard-fr","8":"product_cat-brancard-xl-fr","10":"first","11":"onbackorder","12":"taxable","13":"shipping-taxable","14":"purchasable","15":"product-type-simple"},"acf":[],"_links":{"self":[{"href":"https:\/\/morivita.be\/fr\/wp-json\/wp\/v2\/product\/4604","targetHints":{"allow":["GET"]}}],"collection":[{"href":"https:\/\/morivita.be\/fr\/wp-json\/wp\/v2\/product"}],"about":[{"href":"https:\/\/morivita.be\/fr\/wp-json\/wp\/v2\/types\/product"}],"wp:featuredmedia":[{"embeddable":true,"href":"https:\/\/morivita.be\/fr\/wp-json\/wp\/v2\/media\/4600"}],"wp:attachment":[{"href":"https:\/\/morivita.be\/fr\/wp-json\/wp\/v2\/media?parent=4604"}],"wp:term":[{"taxonomy":"product_brand","embeddable":true,"href":"https:\/\/morivita.be\/fr\/wp-json\/wp\/v2\/product_brand?post=4604"},{"taxonomy":"product_cat","embeddable":true,"href":"https:\/\/morivita.be\/fr\/wp-json\/wp\/v2\/product_cat?post=4604"},{"taxonomy":"product_tag","embeddable":true,"href":"https:\/\/morivita.be\/fr\/wp-json\/wp\/v2\/product_tag?post=4604"}],"curies":[{"name":"wp","href":"https:\/\/api.w.org\/{rel}","templated":true}]}}