{"id":4606,"date":"2021-06-12T17:32:40","date_gmt":"2021-06-12T15:32:40","guid":{"rendered":"https:\/\/morivita.be\/?post_type=product&#038;p=4606"},"modified":"2022-07-01T09:43:30","modified_gmt":"2022-07-01T07:43:30","slug":"appui-tete-pour-table-funeraire","status":"publish","type":"product","link":"https:\/\/morivita.be\/fr\/produit\/appui-tete-pour-table-funeraire\/","title":{"rendered":"Appui-t\u00eate"},"content":{"rendered":"","protected":false},"excerpt":{"rendered":"<p>Cet appui-t\u00eate r\u00e9glable est facile \u00e0 placer sur une table fun\u00e9raire droite.<\/p>\n<p>Le support inclinable vous permet de choisir la pente du corps du d\u00e9funt.<\/p>\n<p><strong> <\/strong><\/p>\n","protected":false},"featured_media":4610,"template":"","meta":{"_acf_changed":false},"product_brand":[],"product_cat":[266,267,387,392,394],"product_tag":[],"class_list":{"0":"post-4606","1":"product","2":"type-product","3":"status-publish","4":"has-post-thumbnail","6":"product_cat-appui-tete-fr","7":"product_cat-opbaring-fr","8":"product_cat-tables-funeraires-fr","9":"product_cat-tables-funeraires-fr-3","10":"product_cat-tables-funeraires-sans-appui-tete","12":"first","13":"instock","14":"taxable","15":"shipping-taxable","16":"purchasable","17":"product-type-simple"},"acf":[],"_links":{"self":[{"href":"https:\/\/morivita.be\/fr\/wp-json\/wp\/v2\/product\/4606","targetHints":{"allow":["GET"]}}],"collection":[{"href":"https:\/\/morivita.be\/fr\/wp-json\/wp\/v2\/product"}],"about":[{"href":"https:\/\/morivita.be\/fr\/wp-json\/wp\/v2\/types\/product"}],"wp:featuredmedia":[{"embeddable":true,"href":"https:\/\/morivita.be\/fr\/wp-json\/wp\/v2\/media\/4610"}],"wp:attachment":[{"href":"https:\/\/morivita.be\/fr\/wp-json\/wp\/v2\/media?parent=4606"}],"wp:term":[{"taxonomy":"product_brand","embeddable":true,"href":"https:\/\/morivita.be\/fr\/wp-json\/wp\/v2\/product_brand?post=4606"},{"taxonomy":"product_cat","embeddable":true,"href":"https:\/\/morivita.be\/fr\/wp-json\/wp\/v2\/product_cat?post=4606"},{"taxonomy":"product_tag","embeddable":true,"href":"https:\/\/morivita.be\/fr\/wp-json\/wp\/v2\/product_tag?post=4606"}],"curies":[{"name":"wp","href":"https:\/\/api.w.org\/{rel}","templated":true}]}}