{"id":4712,"date":"2021-06-14T10:39:12","date_gmt":"2021-06-14T08:39:12","guid":{"rendered":"https:\/\/morivita.be\/?post_type=product&#038;p=4712"},"modified":"2022-07-01T09:57:30","modified_gmt":"2022-07-01T07:57:30","slug":"gants-d-examen-vinyle-synthetic","status":"publish","type":"product","link":"https:\/\/morivita.be\/fr\/produit\/gants-d-examen-vinyle-synthetic\/","title":{"rendered":"Gants d\u2019Examen Vinyle Synthetic"},"content":{"rendered":"","protected":false},"excerpt":{"rendered":"<p>Les gants d\u2019examen synth\u00e9tiques en vinyle ne contiennent pas de poudre et constituent un bon choix \u00e9conomique pour les proc\u00e9dures \u00e0 faible risque lorsqu\u2019une barri\u00e8re de protection est n\u00e9cessaire.<\/p>\n<p>Les gants synth\u00e9tiques en vinyle offrent des performances compl\u00e8tes, notamment en termes de r\u00e9sistance, allongement, sensibilit\u00e9 tactile et confort. La fonctionnalit\u00e9 sans poudre contribue \u00e0 accro\u00eetre la s\u00e9curit\u00e9 du personnel et \u00e0 r\u00e9duire la transmission des germes durant l\u2019utilisation. Ces gants sont transparents et ont une texture lisse.<\/p>\n","protected":false},"featured_media":4728,"template":"","meta":{"_acf_changed":false},"product_brand":[],"product_cat":[291,427,289,294,423],"product_tag":[],"class_list":{"0":"post-4712","1":"product","2":"type-product","3":"status-publish","4":"has-post-thumbnail","6":"product_cat-gants","7":"product_cat-gants-jetables","8":"product_cat-materiel-hygienique","9":"product_cat-soins","10":"product_cat-soins-de-corps","12":"first","13":"instock","14":"taxable","15":"shipping-taxable","16":"purchasable","17":"product-type-variable"},"acf":[],"_links":{"self":[{"href":"https:\/\/morivita.be\/fr\/wp-json\/wp\/v2\/product\/4712","targetHints":{"allow":["GET"]}}],"collection":[{"href":"https:\/\/morivita.be\/fr\/wp-json\/wp\/v2\/product"}],"about":[{"href":"https:\/\/morivita.be\/fr\/wp-json\/wp\/v2\/types\/product"}],"wp:featuredmedia":[{"embeddable":true,"href":"https:\/\/morivita.be\/fr\/wp-json\/wp\/v2\/media\/4728"}],"wp:attachment":[{"href":"https:\/\/morivita.be\/fr\/wp-json\/wp\/v2\/media?parent=4712"}],"wp:term":[{"taxonomy":"product_brand","embeddable":true,"href":"https:\/\/morivita.be\/fr\/wp-json\/wp\/v2\/product_brand?post=4712"},{"taxonomy":"product_cat","embeddable":true,"href":"https:\/\/morivita.be\/fr\/wp-json\/wp\/v2\/product_cat?post=4712"},{"taxonomy":"product_tag","embeddable":true,"href":"https:\/\/morivita.be\/fr\/wp-json\/wp\/v2\/product_tag?post=4712"}],"curies":[{"name":"wp","href":"https:\/\/api.w.org\/{rel}","templated":true}]}}