{"id":4730,"date":"2021-06-14T11:53:47","date_gmt":"2021-06-14T09:53:47","guid":{"rendered":"https:\/\/morivita.be\/?post_type=product&#038;p=4730"},"modified":"2022-07-01T10:30:19","modified_gmt":"2022-07-01T08:30:19","slug":"masque-de-soins-3-couches-iir-bleu","status":"publish","type":"product","link":"https:\/\/morivita.be\/fr\/produit\/masque-de-soins-3-couches-iir-bleu\/","title":{"rendered":"Masque de soins 3 couches \u2013 IIR"},"content":{"rendered":"","protected":false},"excerpt":{"rendered":"<p>Le masque de soins type IIR r\u00e9sistant \u00e0 l&#8217;humidit\u00e9 est fabriqu\u00e9 en polypropyl\u00e8ne souple de haute qualit\u00e9 ou en mat\u00e9riau cellulosique hautement respirant.<\/p>\n","protected":false},"featured_media":4667,"template":"","meta":{"_acf_changed":false},"product_brand":[],"product_cat":[364,290,289],"product_tag":[],"class_list":{"0":"post-4730","1":"product","2":"type-product","3":"status-publish","4":"has-post-thumbnail","6":"product_cat-masque-de-soins-chirurgical","7":"product_cat-masques-de-soins","8":"product_cat-materiel-hygienique","10":"first","11":"instock","12":"taxable","13":"shipping-taxable","14":"purchasable","15":"product-type-simple"},"acf":[],"_links":{"self":[{"href":"https:\/\/morivita.be\/fr\/wp-json\/wp\/v2\/product\/4730","targetHints":{"allow":["GET"]}}],"collection":[{"href":"https:\/\/morivita.be\/fr\/wp-json\/wp\/v2\/product"}],"about":[{"href":"https:\/\/morivita.be\/fr\/wp-json\/wp\/v2\/types\/product"}],"wp:featuredmedia":[{"embeddable":true,"href":"https:\/\/morivita.be\/fr\/wp-json\/wp\/v2\/media\/4667"}],"wp:attachment":[{"href":"https:\/\/morivita.be\/fr\/wp-json\/wp\/v2\/media?parent=4730"}],"wp:term":[{"taxonomy":"product_brand","embeddable":true,"href":"https:\/\/morivita.be\/fr\/wp-json\/wp\/v2\/product_brand?post=4730"},{"taxonomy":"product_cat","embeddable":true,"href":"https:\/\/morivita.be\/fr\/wp-json\/wp\/v2\/product_cat?post=4730"},{"taxonomy":"product_tag","embeddable":true,"href":"https:\/\/morivita.be\/fr\/wp-json\/wp\/v2\/product_tag?post=4730"}],"curies":[{"name":"wp","href":"https:\/\/api.w.org\/{rel}","templated":true}]}}