{"id":4737,"date":"2021-06-14T13:17:28","date_gmt":"2021-06-14T11:17:28","guid":{"rendered":"https:\/\/morivita.be\/?post_type=product&#038;p=4737"},"modified":"2022-07-01T10:36:41","modified_gmt":"2022-07-01T08:36:41","slug":"lunettes-de-protection","status":"publish","type":"product","link":"https:\/\/morivita.be\/fr\/produit\/lunettes-de-protection\/","title":{"rendered":"Lunettes de protection"},"content":{"rendered":"","protected":false},"excerpt":{"rendered":"<p>Les lunettes de s\u00e9curit\u00e9 transparentes sont constitu\u00e9es d\u2019une monture r\u00e9glable et de lentilles optiques \u00e0 vision large.<\/p>\n<p>Elles offrent une protection pratique et peu co\u00fbteuse. Ces lunettes peuvent \u00eatre port\u00e9es avec des lunettes de prescription.<\/p>\n","protected":false},"featured_media":4665,"template":"","meta":{"_acf_changed":false},"product_brand":[],"product_cat":[289,294],"product_tag":[],"class_list":{"0":"post-4737","1":"product","2":"type-product","3":"status-publish","4":"has-post-thumbnail","6":"product_cat-materiel-hygienique","7":"product_cat-soins","9":"first","10":"instock","11":"taxable","12":"shipping-taxable","13":"purchasable","14":"product-type-simple"},"acf":[],"_links":{"self":[{"href":"https:\/\/morivita.be\/fr\/wp-json\/wp\/v2\/product\/4737","targetHints":{"allow":["GET"]}}],"collection":[{"href":"https:\/\/morivita.be\/fr\/wp-json\/wp\/v2\/product"}],"about":[{"href":"https:\/\/morivita.be\/fr\/wp-json\/wp\/v2\/types\/product"}],"wp:featuredmedia":[{"embeddable":true,"href":"https:\/\/morivita.be\/fr\/wp-json\/wp\/v2\/media\/4665"}],"wp:attachment":[{"href":"https:\/\/morivita.be\/fr\/wp-json\/wp\/v2\/media?parent=4737"}],"wp:term":[{"taxonomy":"product_brand","embeddable":true,"href":"https:\/\/morivita.be\/fr\/wp-json\/wp\/v2\/product_brand?post=4737"},{"taxonomy":"product_cat","embeddable":true,"href":"https:\/\/morivita.be\/fr\/wp-json\/wp\/v2\/product_cat?post=4737"},{"taxonomy":"product_tag","embeddable":true,"href":"https:\/\/morivita.be\/fr\/wp-json\/wp\/v2\/product_tag?post=4737"}],"curies":[{"name":"wp","href":"https:\/\/api.w.org\/{rel}","templated":true}]}}