{"id":4742,"date":"2021-06-14T13:24:06","date_gmt":"2021-06-14T11:24:06","guid":{"rendered":"https:\/\/morivita.be\/?post_type=product&#038;p=4742"},"modified":"2024-04-28T13:58:43","modified_gmt":"2024-04-28T11:58:43","slug":"surchaussures-impermeables","status":"publish","type":"product","link":"https:\/\/morivita.be\/fr\/produit\/surchaussures-impermeables\/","title":{"rendered":"Surchaussures imperm\u00e9ables &#8211; par 40"},"content":{"rendered":"","protected":false},"excerpt":{"rendered":"<p><em><strong>Surchaussures imperm\u00e9ables<\/strong><\/em><\/p>\n<p>Les surchaussures en poly\u00e9thyl\u00e8ne, r\u00e9sistantes aux fluides et \u00e0 usage unique servent \u00e0 couvrir les chaussures port\u00e9es dans l\u2019enceinte de l\u2019\u00e9tablissement de sant\u00e9 afin de minimiser le risque de contamination et de pr\u00e9venir la transmission de micro-organismes.<\/p>\n<p>Ces surchaussures sont fabriqu\u00e9es \u00e0 partir d\u2019un mat\u00e9riau en poly\u00e9thyl\u00e8ne r\u00e9sistant aux fluides qui offre une barri\u00e8re de protection optimale \u00e0 un prix avantageux.<\/p>\n<p>Id\u00e9al pour les zones moins critiques des salons fun\u00e9raires, ces couvre-chaussures r\u00e9sistants \u00e0 l&#8217;humidit\u00e9 sont imperm\u00e9ables mais confortables et respirants.<\/p>\n<p>De plus, ces couvre-chaussures sont pratiques et conviennent \u00e0 presque tout le personnel, gr\u00e2ce \u00e0 la taille unique.<\/p>\n","protected":false},"featured_media":4685,"template":"","meta":{"_acf_changed":false},"product_brand":[],"product_cat":[289,294,423,293],"product_tag":[],"class_list":{"0":"post-4742","1":"product","2":"type-product","3":"status-publish","4":"has-post-thumbnail","6":"product_cat-materiel-hygienique","7":"product_cat-soins","8":"product_cat-soins-de-corps","9":"product_cat-surchaussures","11":"first","12":"instock","13":"taxable","14":"shipping-taxable","15":"purchasable","16":"product-type-simple"},"acf":[],"_links":{"self":[{"href":"https:\/\/morivita.be\/fr\/wp-json\/wp\/v2\/product\/4742","targetHints":{"allow":["GET"]}}],"collection":[{"href":"https:\/\/morivita.be\/fr\/wp-json\/wp\/v2\/product"}],"about":[{"href":"https:\/\/morivita.be\/fr\/wp-json\/wp\/v2\/types\/product"}],"wp:featuredmedia":[{"embeddable":true,"href":"https:\/\/morivita.be\/fr\/wp-json\/wp\/v2\/media\/4685"}],"wp:attachment":[{"href":"https:\/\/morivita.be\/fr\/wp-json\/wp\/v2\/media?parent=4742"}],"wp:term":[{"taxonomy":"product_brand","embeddable":true,"href":"https:\/\/morivita.be\/fr\/wp-json\/wp\/v2\/product_brand?post=4742"},{"taxonomy":"product_cat","embeddable":true,"href":"https:\/\/morivita.be\/fr\/wp-json\/wp\/v2\/product_cat?post=4742"},{"taxonomy":"product_tag","embeddable":true,"href":"https:\/\/morivita.be\/fr\/wp-json\/wp\/v2\/product_tag?post=4742"}],"curies":[{"name":"wp","href":"https:\/\/api.w.org\/{rel}","templated":true}]}}