{"id":4746,"date":"2021-06-14T13:48:22","date_gmt":"2021-06-14T11:48:22","guid":{"rendered":"https:\/\/morivita.be\/?post_type=product&#038;p=4746"},"modified":"2022-07-01T11:25:18","modified_gmt":"2022-07-01T09:25:18","slug":"blouse-de-protection-avec-des-manchettes-elastiques","status":"publish","type":"product","link":"https:\/\/morivita.be\/fr\/produit\/blouse-de-protection-avec-des-manchettes-elastiques\/","title":{"rendered":"Blouse de protection jetable avec des manchettes en \u00e9lastiques"},"content":{"rendered":"","protected":false},"excerpt":{"rendered":"<p><em><strong>Blouse de protection jetable avec des manchettes en \u00e9lastiques <\/strong><\/em><\/p>\n<p>La blouse d\u2019isolation avec dos respirant, \u00e0 usage unique, en mat\u00e9riau bilamin\u00e9 offre une excellente protection lors des interventions \u00e0 haut risque d\u2019exposition aux liquides.<\/p>\n<p>Ce mat\u00e9riau bilamin\u00e9 \u00e9pais et imperm\u00e9able prot\u00e8ge l\u2019utilisateur du contact prolong\u00e9 avec l\u2019eau.<\/p>\n<p>Con\u00e7ue \u00e0 la fois pour la protection et le confort, cette veste a une double couche imperm\u00e9able sur le devant et les manches, mais un dos respirant.<\/p>\n<p>Le mat\u00e9riau double couche \u00e9pais et imperm\u00e9able prot\u00e8ge le croque-mort d&#8217;un contact prolong\u00e9 avec l&#8217;eau et les agents de nettoyage, tandis que le support en polypropyl\u00e8ne spunbond offre une protection et un confort de base.<\/p>\n<p>La gaine isolante a, entre autres, les propri\u00e9t\u00e9s suivantes :<\/p>\n<ul>\n<li>Sangles de taille et de cou<\/li>\n<li>des manchettes en \u00e9lastiques<\/li>\n<\/ul>\n<p>Gr\u00e2ce \u00e0 ces caract\u00e9ristiques de conception, la veste isolante reste en place pendant l&#8217;utilisation.<\/p>\n","protected":false},"featured_media":7618,"template":"","meta":{"_acf_changed":false},"product_brand":[],"product_cat":[292,367,289,294,423],"product_tag":[],"class_list":{"0":"post-4746","1":"product","2":"type-product","3":"status-publish","4":"has-post-thumbnail","6":"product_cat-blouse","7":"product_cat-blouse-de-protections-avec-poignets-elastiques","8":"product_cat-materiel-hygienique","9":"product_cat-soins","10":"product_cat-soins-de-corps","12":"first","13":"instock","14":"taxable","15":"shipping-taxable","16":"purchasable","17":"product-type-simple"},"acf":[],"_links":{"self":[{"href":"https:\/\/morivita.be\/fr\/wp-json\/wp\/v2\/product\/4746","targetHints":{"allow":["GET"]}}],"collection":[{"href":"https:\/\/morivita.be\/fr\/wp-json\/wp\/v2\/product"}],"about":[{"href":"https:\/\/morivita.be\/fr\/wp-json\/wp\/v2\/types\/product"}],"wp:featuredmedia":[{"embeddable":true,"href":"https:\/\/morivita.be\/fr\/wp-json\/wp\/v2\/media\/7618"}],"wp:attachment":[{"href":"https:\/\/morivita.be\/fr\/wp-json\/wp\/v2\/media?parent=4746"}],"wp:term":[{"taxonomy":"product_brand","embeddable":true,"href":"https:\/\/morivita.be\/fr\/wp-json\/wp\/v2\/product_brand?post=4746"},{"taxonomy":"product_cat","embeddable":true,"href":"https:\/\/morivita.be\/fr\/wp-json\/wp\/v2\/product_cat?post=4746"},{"taxonomy":"product_tag","embeddable":true,"href":"https:\/\/morivita.be\/fr\/wp-json\/wp\/v2\/product_tag?post=4746"}],"curies":[{"name":"wp","href":"https:\/\/api.w.org\/{rel}","templated":true}]}}