{"id":4748,"date":"2021-06-14T13:53:48","date_gmt":"2021-06-14T11:53:48","guid":{"rendered":"https:\/\/morivita.be\/?post_type=product&#038;p=4748"},"modified":"2021-06-14T15:55:00","modified_gmt":"2021-06-14T13:55:00","slug":"gants-de-toilette-jetables","status":"publish","type":"product","link":"https:\/\/morivita.be\/fr\/produit\/gants-de-toilette-jetables\/","title":{"rendered":"Gants de toilette jetables"},"content":{"rendered":"","protected":false},"excerpt":{"rendered":"<p>Les gants de toilette en textile non-tiss\u00e9 \u00e0 usage unique EasyBath\u00ae sont des gants pour la toilette du d\u00e9funt sans rin\u00e7age et pr\u00e9-impr\u00e9gn\u00e9s d\u2019une formule hypoallerg\u00e9nique et sans alcool au pH neutre.<\/p>\n<p>&nbsp;<\/p>\n","protected":false},"featured_media":4710,"template":"","meta":{"_acf_changed":false},"product_brand":[],"product_cat":[429,289,294,423],"product_tag":[],"class_list":{"0":"post-4748","1":"product","2":"type-product","3":"status-publish","4":"has-post-thumbnail","6":"product_cat-lingettes-jetables","7":"product_cat-materiel-hygienique","8":"product_cat-soins","9":"product_cat-soins-de-corps","11":"first","12":"instock","13":"taxable","14":"shipping-taxable","15":"purchasable","16":"product-type-simple"},"acf":[],"_links":{"self":[{"href":"https:\/\/morivita.be\/fr\/wp-json\/wp\/v2\/product\/4748","targetHints":{"allow":["GET"]}}],"collection":[{"href":"https:\/\/morivita.be\/fr\/wp-json\/wp\/v2\/product"}],"about":[{"href":"https:\/\/morivita.be\/fr\/wp-json\/wp\/v2\/types\/product"}],"wp:featuredmedia":[{"embeddable":true,"href":"https:\/\/morivita.be\/fr\/wp-json\/wp\/v2\/media\/4710"}],"wp:attachment":[{"href":"https:\/\/morivita.be\/fr\/wp-json\/wp\/v2\/media?parent=4748"}],"wp:term":[{"taxonomy":"product_brand","embeddable":true,"href":"https:\/\/morivita.be\/fr\/wp-json\/wp\/v2\/product_brand?post=4748"},{"taxonomy":"product_cat","embeddable":true,"href":"https:\/\/morivita.be\/fr\/wp-json\/wp\/v2\/product_cat?post=4748"},{"taxonomy":"product_tag","embeddable":true,"href":"https:\/\/morivita.be\/fr\/wp-json\/wp\/v2\/product_tag?post=4748"}],"curies":[{"name":"wp","href":"https:\/\/api.w.org\/{rel}","templated":true}]}}