{"id":4755,"date":"2021-06-14T14:09:53","date_gmt":"2021-06-14T12:09:53","guid":{"rendered":"https:\/\/morivita.be\/?post_type=product&#038;p=4755"},"modified":"2021-06-14T18:20:11","modified_gmt":"2021-06-14T16:20:11","slug":"couches-absorbantes-jetables-102x152","status":"publish","type":"product","link":"https:\/\/morivita.be\/fr\/produit\/couches-absorbantes-jetables-102x152\/","title":{"rendered":"Couches absorbantes jetables 102&#215;152"},"content":{"rendered":"","protected":false},"excerpt":{"rendered":"<p>La protection de table Sahara vous aide \u00e0 rehausser la table du bloc op\u00e9ratoire contre les fluides.<\/p>\n<p>Les couches de film poly, matelass\u00e9es, absorbantes et imperm\u00e9ables des sahariennes \u00e9vacuent rapidement l&#8217;humidit\u00e9.<\/p>\n<p>Le motif matelass\u00e9 favorise la propagation de l&#8217;humidit\u00e9 \u00e0 travers le drap et offre une surface lisse.<\/p>\n<p>Ses bords scell\u00e9s ne produisent pas de peluches dans la fun\u00e9raire.<\/p>\n<p>De plus, la couche inf\u00e9rieure poly-film imperm\u00e9able limite le risque d\u2019accumulation de bact\u00e9ries car elle emp\u00eache les liquides d\u2019entrer en contact avec la table.<\/p>\n<p>L&#8217;humidit\u00e9 excessive est l&#8217;une des causes majeure de mac\u00e9ration et de l\u00e9sions cutan\u00e9es. La protection Sahara contient un polymer qui absorbe rapidement l&#8217;humidit\u00e9 et maintient durablement l&#8217;int\u00e9grit\u00e9 de la peau. la structure matelass\u00e9e contribue a r\u00e9partir l&#8217;humidit\u00e9 absorb\u00e9e sur l&#8217;ensemble de la protection et les bordures en non tiss\u00e9 soud\u00e9 contribuent \u00e0 un relargage particulaire tr\u00e8s faible.<\/p>\n","protected":false},"featured_media":4689,"template":"","meta":{"_acf_changed":false},"product_brand":[],"product_cat":[417,424,418,428,289,294,423],"product_tag":[],"class_list":{"0":"post-4755","1":"product","2":"type-product","3":"status-publish","4":"has-post-thumbnail","6":"product_cat-absorbants","7":"product_cat-champs","8":"product_cat-draps","9":"product_cat-draps-jetables","10":"product_cat-materiel-hygienique","11":"product_cat-soins","12":"product_cat-soins-de-corps","14":"first","15":"instock","16":"taxable","17":"shipping-taxable","18":"purchasable","19":"product-type-simple"},"acf":[],"_links":{"self":[{"href":"https:\/\/morivita.be\/fr\/wp-json\/wp\/v2\/product\/4755","targetHints":{"allow":["GET"]}}],"collection":[{"href":"https:\/\/morivita.be\/fr\/wp-json\/wp\/v2\/product"}],"about":[{"href":"https:\/\/morivita.be\/fr\/wp-json\/wp\/v2\/types\/product"}],"wp:featuredmedia":[{"embeddable":true,"href":"https:\/\/morivita.be\/fr\/wp-json\/wp\/v2\/media\/4689"}],"wp:attachment":[{"href":"https:\/\/morivita.be\/fr\/wp-json\/wp\/v2\/media?parent=4755"}],"wp:term":[{"taxonomy":"product_brand","embeddable":true,"href":"https:\/\/morivita.be\/fr\/wp-json\/wp\/v2\/product_brand?post=4755"},{"taxonomy":"product_cat","embeddable":true,"href":"https:\/\/morivita.be\/fr\/wp-json\/wp\/v2\/product_cat?post=4755"},{"taxonomy":"product_tag","embeddable":true,"href":"https:\/\/morivita.be\/fr\/wp-json\/wp\/v2\/product_tag?post=4755"}],"curies":[{"name":"wp","href":"https:\/\/api.w.org\/{rel}","templated":true}]}}