{"id":4777,"date":"2021-06-08T13:32:46","date_gmt":"2021-06-08T11:32:46","guid":{"rendered":"https:\/\/morivita.be\/non%20class\u00e9\/jack\/"},"modified":"2023-01-23T15:51:19","modified_gmt":"2023-01-23T14:51:19","slug":"chariot-de-transport-jack-2-roues-fixes-et-2-pivotantes","status":"publish","type":"product","link":"https:\/\/morivita.be\/fr\/produit\/chariot-de-transport-jack-2-roues-fixes-et-2-pivotantes\/","title":{"rendered":"Chariot de transport | Jack | 2 roues fixes et 2 pivotantes"},"content":{"rendered":"","protected":false},"excerpt":{"rendered":"<p>Le jack est id\u00e9al pour d\u00e9placer un cercueil fun\u00e9raire. Gros avantage : le cercueil peut \u00eatre d\u00e9plac\u00e9 par 1 personne. Peut \u00e9galement \u00eatre utilis\u00e9 pour d&#8217;autres transports que le cercueil fun\u00e9raire.<\/p>\n<ul>\n<li>R\u00e9glable en hauteur par le dispositif hydraulique sp\u00e9cial.<\/li>\n<li>Equip\u00e9 de 2 roues pivotantes et 2 roues rigides.<\/li>\n<li>Fonctionnement avec p\u00e9dale.<\/li>\n<\/ul>\n","protected":false},"featured_media":4381,"template":"","meta":{"_acf_changed":false},"product_brand":[],"product_cat":[281,280,401],"product_tag":[],"class_list":{"0":"post-4777","1":"product","2":"type-product","3":"status-publish","4":"has-post-thumbnail","6":"product_cat-chariots","7":"product_cat-transport-fr","8":"product_cat-chariot-pour-cercueils","10":"first","11":"onbackorder","12":"taxable","13":"shipping-taxable","14":"purchasable","15":"product-type-simple"},"acf":[],"_links":{"self":[{"href":"https:\/\/morivita.be\/fr\/wp-json\/wp\/v2\/product\/4777","targetHints":{"allow":["GET"]}}],"collection":[{"href":"https:\/\/morivita.be\/fr\/wp-json\/wp\/v2\/product"}],"about":[{"href":"https:\/\/morivita.be\/fr\/wp-json\/wp\/v2\/types\/product"}],"wp:featuredmedia":[{"embeddable":true,"href":"https:\/\/morivita.be\/fr\/wp-json\/wp\/v2\/media\/4381"}],"wp:attachment":[{"href":"https:\/\/morivita.be\/fr\/wp-json\/wp\/v2\/media?parent=4777"}],"wp:term":[{"taxonomy":"product_brand","embeddable":true,"href":"https:\/\/morivita.be\/fr\/wp-json\/wp\/v2\/product_brand?post=4777"},{"taxonomy":"product_cat","embeddable":true,"href":"https:\/\/morivita.be\/fr\/wp-json\/wp\/v2\/product_cat?post=4777"},{"taxonomy":"product_tag","embeddable":true,"href":"https:\/\/morivita.be\/fr\/wp-json\/wp\/v2\/product_tag?post=4777"}],"curies":[{"name":"wp","href":"https:\/\/api.w.org\/{rel}","templated":true}]}}