{"id":4832,"date":"2021-05-26T15:07:06","date_gmt":"2021-05-26T13:07:06","guid":{"rendered":"https:\/\/morivita.be\/non%20class\u00e9\/gaines-densevelissement-bio-tirette-i-150%c2%b5\/"},"modified":"2022-06-30T09:17:18","modified_gmt":"2022-06-30T07:17:18","slug":"gaines-densevelissement-bio-tirette-u-100","status":"publish","type":"product","link":"https:\/\/morivita.be\/fr\/produit\/gaines-densevelissement-bio-tirette-u-100\/","title":{"rendered":"Gaine d\u2019ensevelissement BIO | Tirette U | 150\u00b5"},"content":{"rendered":"","protected":false},"excerpt":{"rendered":"<p>Cette gaine d&#8217;ensevelissement avec fermeture \u00e9clair en U est enti\u00e8rement biod\u00e9gradable.<\/p>\n<p>Les housses mortuaires sont emball\u00e9s par 20 pi\u00e8ces dans une bo\u00eete.<\/p>\n<p>BIODEGRADABLE SOIL | Vin\u00e7otte | T\u00f9v Austria | EN13432<\/p>\n<p>CREMATION : VDI 3891<\/p>\n","protected":false},"featured_media":3527,"template":"","meta":{"_acf_changed":false},"product_brand":[],"product_cat":[270],"product_tag":[],"class_list":{"0":"post-4832","1":"product","2":"type-product","3":"status-publish","4":"has-post-thumbnail","6":"product_cat-autres","8":"first","9":"instock","10":"taxable","11":"shipping-taxable","12":"purchasable","13":"product-type-simple"},"acf":[],"_links":{"self":[{"href":"https:\/\/morivita.be\/fr\/wp-json\/wp\/v2\/product\/4832","targetHints":{"allow":["GET"]}}],"collection":[{"href":"https:\/\/morivita.be\/fr\/wp-json\/wp\/v2\/product"}],"about":[{"href":"https:\/\/morivita.be\/fr\/wp-json\/wp\/v2\/types\/product"}],"wp:featuredmedia":[{"embeddable":true,"href":"https:\/\/morivita.be\/fr\/wp-json\/wp\/v2\/media\/3527"}],"wp:attachment":[{"href":"https:\/\/morivita.be\/fr\/wp-json\/wp\/v2\/media?parent=4832"}],"wp:term":[{"taxonomy":"product_brand","embeddable":true,"href":"https:\/\/morivita.be\/fr\/wp-json\/wp\/v2\/product_brand?post=4832"},{"taxonomy":"product_cat","embeddable":true,"href":"https:\/\/morivita.be\/fr\/wp-json\/wp\/v2\/product_cat?post=4832"},{"taxonomy":"product_tag","embeddable":true,"href":"https:\/\/morivita.be\/fr\/wp-json\/wp\/v2\/product_tag?post=4832"}],"curies":[{"name":"wp","href":"https:\/\/api.w.org\/{rel}","templated":true}]}}