{"id":4847,"date":"2021-05-26T16:04:26","date_gmt":"2021-05-26T14:04:26","guid":{"rendered":"https:\/\/morivita.be\/non%20class\u00e9\/gaines-densevelissement-oxo-bio-tirette-u-150%c2%b5\/"},"modified":"2022-01-12T14:32:02","modified_gmt":"2022-01-12T13:32:02","slug":"gaines-densevelissement-oxo-bio-tirette-u-150","status":"publish","type":"product","link":"https:\/\/morivita.be\/fr\/produit\/gaines-densevelissement-oxo-bio-tirette-u-150\/","title":{"rendered":"Gaines d\u2019ensevelissement OXO BIO | Tirette U |150\u00b5"},"content":{"rendered":"","protected":false},"excerpt":{"rendered":"<p>Le sac mortuaire avec fermeture \u00e9clair en U est OXO &#8211; biod\u00e9gradable<\/p>\n<p>Les gaines d&#8217;ensevelissement OXO BIO sont emball\u00e9s par 20 pi\u00e8ces dans une bo\u00eete, prix par pi\u00e8ce 11,00 \u20ac.<\/p>\n<p>Lors de l&#8217;achat \u00e0 partir de 4 bo\u00eetes, 80 pi\u00e8ces, le prix par sac mortuaire est de 10,00 \u20ac.<\/p>\n<p>CREMATION : selon VDI 3891<\/p>\n","protected":false},"featured_media":3527,"template":"","meta":{"_acf_changed":false},"product_brand":[],"product_cat":[343,256,328],"product_tag":[],"class_list":{"0":"post-4847","1":"product","2":"type-product","3":"status-publish","4":"has-post-thumbnail","6":"product_cat-bio-fr","7":"product_cat-gaines-densevelissement","8":"product_cat-peva-oxo-fr-bio","10":"first","11":"onbackorder","12":"taxable","13":"shipping-taxable","14":"purchasable","15":"product-type-simple"},"acf":[],"_links":{"self":[{"href":"https:\/\/morivita.be\/fr\/wp-json\/wp\/v2\/product\/4847","targetHints":{"allow":["GET"]}}],"collection":[{"href":"https:\/\/morivita.be\/fr\/wp-json\/wp\/v2\/product"}],"about":[{"href":"https:\/\/morivita.be\/fr\/wp-json\/wp\/v2\/types\/product"}],"wp:featuredmedia":[{"embeddable":true,"href":"https:\/\/morivita.be\/fr\/wp-json\/wp\/v2\/media\/3527"}],"wp:attachment":[{"href":"https:\/\/morivita.be\/fr\/wp-json\/wp\/v2\/media?parent=4847"}],"wp:term":[{"taxonomy":"product_brand","embeddable":true,"href":"https:\/\/morivita.be\/fr\/wp-json\/wp\/v2\/product_brand?post=4847"},{"taxonomy":"product_cat","embeddable":true,"href":"https:\/\/morivita.be\/fr\/wp-json\/wp\/v2\/product_cat?post=4847"},{"taxonomy":"product_tag","embeddable":true,"href":"https:\/\/morivita.be\/fr\/wp-json\/wp\/v2\/product_tag?post=4847"}],"curies":[{"name":"wp","href":"https:\/\/api.w.org\/{rel}","templated":true}]}}