{"id":4853,"date":"2021-05-26T16:09:32","date_gmt":"2021-05-26T14:09:32","guid":{"rendered":"https:\/\/morivita.be\/non%20class\u00e9\/gaines-densevelissement-oxo-bio-tirette-u-180%c2%b5\/"},"modified":"2022-05-10T16:09:28","modified_gmt":"2022-05-10T14:09:28","slug":"gaines-densevelissement-oxo-bio-tirette-u-180","status":"publish","type":"product","link":"https:\/\/morivita.be\/fr\/produit\/gaines-densevelissement-oxo-bio-tirette-u-180\/","title":{"rendered":"Gaines d\u2019ensevelissement OXO BIO | Tirette U |180\u00b5"},"content":{"rendered":"","protected":false},"excerpt":{"rendered":"<p>Le sac mortuaire avec fermeture \u00e9clair en U est OXO \u2013 biod\u00e9gradable.<\/p>\n<p>Ce gaine d\u2019ensevelissement est con\u00e7u pour Heavy Duty, transportant des corps plus lourds.<\/p>\n<p>Les poign\u00e9es du sac mortuaire rendent le transport du corps plus confortable et ergonomique.<\/p>\n<p>De cette fa\u00e7on, vous pouvez facilement faire descendre un corps d\u2019un \u00e9tage s\u2019il n\u2019y a pas d\u2019ascenseur.<\/p>\n<p>Les housses mortuaires sont emball\u00e9s par 10 pi\u00e8ces dans une bo\u00eete, prix par pi\u00e8ce 16,00 \u20ac.<\/p>\n<p>CREMATION : VDI 3891<\/p>\n","protected":false},"featured_media":3533,"template":"","meta":{"_acf_changed":false},"product_brand":[],"product_cat":[343,256,329,328],"product_tag":[],"class_list":{"0":"post-4853","1":"product","2":"type-product","3":"status-publish","4":"has-post-thumbnail","6":"product_cat-bio-fr","7":"product_cat-gaines-densevelissement","8":"product_cat-gaines-densevelissement-speciales","9":"product_cat-peva-oxo-fr-bio","11":"first","12":"instock","13":"taxable","14":"shipping-taxable","15":"purchasable","16":"product-type-simple"},"acf":[],"_links":{"self":[{"href":"https:\/\/morivita.be\/fr\/wp-json\/wp\/v2\/product\/4853","targetHints":{"allow":["GET"]}}],"collection":[{"href":"https:\/\/morivita.be\/fr\/wp-json\/wp\/v2\/product"}],"about":[{"href":"https:\/\/morivita.be\/fr\/wp-json\/wp\/v2\/types\/product"}],"wp:featuredmedia":[{"embeddable":true,"href":"https:\/\/morivita.be\/fr\/wp-json\/wp\/v2\/media\/3533"}],"wp:attachment":[{"href":"https:\/\/morivita.be\/fr\/wp-json\/wp\/v2\/media?parent=4853"}],"wp:term":[{"taxonomy":"product_brand","embeddable":true,"href":"https:\/\/morivita.be\/fr\/wp-json\/wp\/v2\/product_brand?post=4853"},{"taxonomy":"product_cat","embeddable":true,"href":"https:\/\/morivita.be\/fr\/wp-json\/wp\/v2\/product_cat?post=4853"},{"taxonomy":"product_tag","embeddable":true,"href":"https:\/\/morivita.be\/fr\/wp-json\/wp\/v2\/product_tag?post=4853"}],"curies":[{"name":"wp","href":"https:\/\/api.w.org\/{rel}","templated":true}]}}