{"id":4854,"date":"2021-05-26T17:02:02","date_gmt":"2021-05-26T15:02:02","guid":{"rendered":"https:\/\/morivita.be\/non%20class\u00e9\/gaines-densevelissements\/"},"modified":"2023-02-23T13:12:35","modified_gmt":"2023-02-23T12:12:35","slug":"gaines-densevelissements-oxo-bio-tirette-u-fenetre-180","status":"publish","type":"product","link":"https:\/\/morivita.be\/fr\/produit\/gaines-densevelissements-oxo-bio-tirette-u-fenetre-180\/","title":{"rendered":"Gaines d\u2019ensevelissements OXO BIO | Tirette U | Fen\u00eatre | 180\u00b5"},"content":{"rendered":"","protected":false},"excerpt":{"rendered":"<p>La gaine d&#8217;ensevelissements avec fermeture \u00e9clair en U est OXO \u2013 biod\u00e9gradable.<\/p>\n<p>Cette housse a \u00e9t\u00e9 sp\u00e9cialement con\u00e7u pour ranger les personnes d\u00e9c\u00e9d\u00e9es de maladies contagieuses.<br \/>\nLa fen\u00eatre de cette housse permet \u00e0 la famille de dire au revoir \u00e0 son \u00eatre cher en toute s\u00e9curit\u00e9.<br \/>\nLe bodybag dispose \u00e9galement de 6 poign\u00e9es pour un d\u00e9placement facile et efficace.<br \/>\nLe couvercle du corps \u00e9tait \u00e9galement fait d\u2019un mat\u00e9riau plus robuste.<\/p>\n<p>Les housses mortuaires sont emball\u00e9s par 10 pi\u00e8ces dans une bo\u00eete, prix par pi\u00e8ce 18,00 \u20ac.<\/p>\n<p>CREMATION : VDI 3891<\/p>\n","protected":false},"featured_media":3540,"template":"","meta":{"_acf_changed":false},"product_brand":[],"product_cat":[256,329,328],"product_tag":[],"class_list":{"0":"post-4854","1":"product","2":"type-product","3":"status-publish","4":"has-post-thumbnail","6":"product_cat-gaines-densevelissement","7":"product_cat-gaines-densevelissement-speciales","8":"product_cat-peva-oxo-fr-bio","10":"first","11":"onbackorder","12":"taxable","13":"shipping-taxable","14":"purchasable","15":"product-type-simple"},"acf":[],"_links":{"self":[{"href":"https:\/\/morivita.be\/fr\/wp-json\/wp\/v2\/product\/4854","targetHints":{"allow":["GET"]}}],"collection":[{"href":"https:\/\/morivita.be\/fr\/wp-json\/wp\/v2\/product"}],"about":[{"href":"https:\/\/morivita.be\/fr\/wp-json\/wp\/v2\/types\/product"}],"wp:featuredmedia":[{"embeddable":true,"href":"https:\/\/morivita.be\/fr\/wp-json\/wp\/v2\/media\/3540"}],"wp:attachment":[{"href":"https:\/\/morivita.be\/fr\/wp-json\/wp\/v2\/media?parent=4854"}],"wp:term":[{"taxonomy":"product_brand","embeddable":true,"href":"https:\/\/morivita.be\/fr\/wp-json\/wp\/v2\/product_brand?post=4854"},{"taxonomy":"product_cat","embeddable":true,"href":"https:\/\/morivita.be\/fr\/wp-json\/wp\/v2\/product_cat?post=4854"},{"taxonomy":"product_tag","embeddable":true,"href":"https:\/\/morivita.be\/fr\/wp-json\/wp\/v2\/product_tag?post=4854"}],"curies":[{"name":"wp","href":"https:\/\/api.w.org\/{rel}","templated":true}]}}