{"id":4955,"date":"2021-05-28T15:23:23","date_gmt":"2021-05-28T13:23:23","guid":{"rendered":"https:\/\/morivita.be\/non%20class\u00e9\/urne-en-acier-velours-gris-anthracite-2\/"},"modified":"2022-05-20T11:48:16","modified_gmt":"2022-05-20T09:48:16","slug":"urne-en-acier-velours-gris-anthracite-arbre-en-ms","status":"publish","type":"product","link":"https:\/\/morivita.be\/fr\/produit\/urne-en-acier-velours-gris-anthracite-arbre-en-ms\/","title":{"rendered":"Urne en acier | Velours gris anthracite"},"content":{"rendered":"","protected":false},"excerpt":{"rendered":"<p><span dir=\"ltr\">Urne en acier, arbre \u00e0 d\u00f4me \u00e0 bande design antique en velours gris anthracite, ruban dor\u00e9. <\/span><\/p>\n<p><strong>Une remise suppl\u00e9mentaire est accord\u00e9e lors de la commande de plusieurs urnes de notre gamme.<\/strong><\/p>\n<p><strong>A l\u2019achat \u00e0 partir de 6 urnes \u2013 5% de remise !<\/strong><br \/>\n<strong>A l\u2019achat \u00e0 partir de 20 urnes \u2013 10% de remise !<\/strong><\/p>\n<p>&nbsp;<\/p>\n","protected":false},"featured_media":3622,"template":"","meta":{"_acf_changed":false},"product_brand":[],"product_cat":[416,295],"product_tag":[],"class_list":{"0":"post-4955","1":"product","2":"type-product","3":"status-publish","4":"has-post-thumbnail","6":"product_cat-urne-en-acier","7":"product_cat-urnes-fr","9":"first","10":"instock","11":"taxable","12":"shipping-taxable","13":"purchasable","14":"product-type-simple"},"acf":[],"_links":{"self":[{"href":"https:\/\/morivita.be\/fr\/wp-json\/wp\/v2\/product\/4955","targetHints":{"allow":["GET"]}}],"collection":[{"href":"https:\/\/morivita.be\/fr\/wp-json\/wp\/v2\/product"}],"about":[{"href":"https:\/\/morivita.be\/fr\/wp-json\/wp\/v2\/types\/product"}],"wp:featuredmedia":[{"embeddable":true,"href":"https:\/\/morivita.be\/fr\/wp-json\/wp\/v2\/media\/3622"}],"wp:attachment":[{"href":"https:\/\/morivita.be\/fr\/wp-json\/wp\/v2\/media?parent=4955"}],"wp:term":[{"taxonomy":"product_brand","embeddable":true,"href":"https:\/\/morivita.be\/fr\/wp-json\/wp\/v2\/product_brand?post=4955"},{"taxonomy":"product_cat","embeddable":true,"href":"https:\/\/morivita.be\/fr\/wp-json\/wp\/v2\/product_cat?post=4955"},{"taxonomy":"product_tag","embeddable":true,"href":"https:\/\/morivita.be\/fr\/wp-json\/wp\/v2\/product_tag?post=4955"}],"curies":[{"name":"wp","href":"https:\/\/api.w.org\/{rel}","templated":true}]}}