{"id":4960,"date":"2021-05-28T09:28:00","date_gmt":"2021-05-28T07:28:00","guid":{"rendered":"https:\/\/morivita.be\/non%20class\u00e9\/urne-en-cuivre-couleur-foncee-2\/"},"modified":"2022-05-20T11:50:36","modified_gmt":"2022-05-20T09:50:36","slug":"urne-en-cuivre-couleur-foncee-chene","status":"publish","type":"product","link":"https:\/\/morivita.be\/fr\/produit\/urne-en-cuivre-couleur-foncee-chene\/","title":{"rendered":"Urne en cuivre | Couleur fonc\u00e9e | Coup de marteau"},"content":{"rendered":"","protected":false},"excerpt":{"rendered":"<p><span dir=\"ltr\">Urne en cuivre, couleur fonc\u00e9e, d\u00e9cor feuille de ch\u00eane a. Corps.<\/span><\/p>\n<p><strong>Une remise suppl\u00e9mentaire est accord\u00e9e lors de la commande de plusieurs urnes de notre gamme.<\/strong><\/p>\n<p><strong>A l\u2019achat \u00e0 partir de 6 urnes \u2013 5% de remise !<\/strong><br \/>\n<strong>A l\u2019achat \u00e0 partir de 20 urnes \u2013 10% de remise !<\/strong><\/p>\n","protected":false},"featured_media":3590,"template":"","meta":{"_acf_changed":false},"product_brand":[],"product_cat":[412,295],"product_tag":[],"class_list":{"0":"post-4960","1":"product","2":"type-product","3":"status-publish","4":"has-post-thumbnail","6":"product_cat-urne-en-cuivre","7":"product_cat-urnes-fr","9":"first","10":"instock","11":"taxable","12":"shipping-taxable","13":"purchasable","14":"product-type-simple"},"acf":[],"_links":{"self":[{"href":"https:\/\/morivita.be\/fr\/wp-json\/wp\/v2\/product\/4960","targetHints":{"allow":["GET"]}}],"collection":[{"href":"https:\/\/morivita.be\/fr\/wp-json\/wp\/v2\/product"}],"about":[{"href":"https:\/\/morivita.be\/fr\/wp-json\/wp\/v2\/types\/product"}],"wp:featuredmedia":[{"embeddable":true,"href":"https:\/\/morivita.be\/fr\/wp-json\/wp\/v2\/media\/3590"}],"wp:attachment":[{"href":"https:\/\/morivita.be\/fr\/wp-json\/wp\/v2\/media?parent=4960"}],"wp:term":[{"taxonomy":"product_brand","embeddable":true,"href":"https:\/\/morivita.be\/fr\/wp-json\/wp\/v2\/product_brand?post=4960"},{"taxonomy":"product_cat","embeddable":true,"href":"https:\/\/morivita.be\/fr\/wp-json\/wp\/v2\/product_cat?post=4960"},{"taxonomy":"product_tag","embeddable":true,"href":"https:\/\/morivita.be\/fr\/wp-json\/wp\/v2\/product_tag?post=4960"}],"curies":[{"name":"wp","href":"https:\/\/api.w.org\/{rel}","templated":true}]}}