{"id":5029,"date":"2021-06-02T16:35:34","date_gmt":"2021-06-02T14:35:34","guid":{"rendered":"https:\/\/morivita.be\/non%20class\u00e9\/croix-de-bronze-forme-speciale\/"},"modified":"2022-06-14T13:33:12","modified_gmt":"2022-06-14T11:33:12","slug":"croix-de-bronze-forme-speciale","status":"publish","type":"product","link":"https:\/\/morivita.be\/fr\/produit\/croix-de-bronze-forme-speciale\/","title":{"rendered":"Croix de bronze | Forme sp\u00e9ciale"},"content":{"rendered":"","protected":false},"excerpt":{"rendered":"<p>Cette croix en bronze coul\u00e9 massif est labellis\u00e9e Handmade in Belgium.<\/p>\n<p>Vous trouverez \u00e9galement plusieurs autres de ces magnifiques exemplaires dans notre boutique en ligne !<\/p>\n","protected":false},"featured_media":3770,"template":"","meta":{"_acf_changed":false},"product_brand":[],"product_cat":[330,350,296],"product_tag":[],"class_list":{"0":"post-5029","1":"product","2":"type-product","3":"status-publish","4":"has-post-thumbnail","6":"product_cat-croix","7":"product_cat-croix-en-bronze-coule-massif","8":"product_cat-decoration-amenagement-funeraire","10":"first","11":"instock","12":"taxable","13":"shipping-taxable","14":"purchasable","15":"product-type-simple"},"acf":[],"_links":{"self":[{"href":"https:\/\/morivita.be\/fr\/wp-json\/wp\/v2\/product\/5029","targetHints":{"allow":["GET"]}}],"collection":[{"href":"https:\/\/morivita.be\/fr\/wp-json\/wp\/v2\/product"}],"about":[{"href":"https:\/\/morivita.be\/fr\/wp-json\/wp\/v2\/types\/product"}],"wp:featuredmedia":[{"embeddable":true,"href":"https:\/\/morivita.be\/fr\/wp-json\/wp\/v2\/media\/3770"}],"wp:attachment":[{"href":"https:\/\/morivita.be\/fr\/wp-json\/wp\/v2\/media?parent=5029"}],"wp:term":[{"taxonomy":"product_brand","embeddable":true,"href":"https:\/\/morivita.be\/fr\/wp-json\/wp\/v2\/product_brand?post=5029"},{"taxonomy":"product_cat","embeddable":true,"href":"https:\/\/morivita.be\/fr\/wp-json\/wp\/v2\/product_cat?post=5029"},{"taxonomy":"product_tag","embeddable":true,"href":"https:\/\/morivita.be\/fr\/wp-json\/wp\/v2\/product_tag?post=5029"}],"curies":[{"name":"wp","href":"https:\/\/api.w.org\/{rel}","templated":true}]}}