{"id":5051,"date":"2021-06-07T16:48:25","date_gmt":"2021-06-07T14:48:25","guid":{"rendered":"https:\/\/morivita.be\/non%20class\u00e9\/chariot-porte-cercueil-poignees-verticale\/"},"modified":"2022-12-01T11:30:26","modified_gmt":"2022-12-01T10:30:26","slug":"chariot-porte-cercueil-poignees-verticale-et-horizontale","status":"publish","type":"product","link":"https:\/\/morivita.be\/fr\/produit\/chariot-porte-cercueil-poignees-verticale-et-horizontale\/","title":{"rendered":"CHARIOT PORTE CERCUEIL | 125 roues | Poign\u00e9es Verticales et Horizontales"},"content":{"rendered":"","protected":false},"excerpt":{"rendered":"<p>Ce chariot porte cercueil est extra pratique parce que les poign\u00e9es de ce chariot extensible sont extra longues pour plus de confort et peuvent \u00eatre plac\u00e9es aussi bien horizontalement que verticalement.<\/p>\n<p>Gr\u00e2ce \u00e0 l&#8217;utilisation d&#8217;aluminium de haute qualit\u00e9, le chariot \u00e0 ciseaux reste l\u00e9ger et durable.<\/p>\n","protected":false},"featured_media":5238,"template":"","meta":{"_acf_changed":false},"product_brand":[],"product_cat":[280,401,284],"product_tag":[],"class_list":{"0":"post-5051","1":"product","2":"type-product","3":"status-publish","4":"has-post-thumbnail","6":"product_cat-transport-fr","7":"product_cat-chariot-pour-cercueils","8":"product_cat-chariots-porte-cercueils-extensibles","10":"first","11":"instock","12":"taxable","13":"shipping-taxable","14":"purchasable","15":"product-type-simple"},"acf":[],"_links":{"self":[{"href":"https:\/\/morivita.be\/fr\/wp-json\/wp\/v2\/product\/5051","targetHints":{"allow":["GET"]}}],"collection":[{"href":"https:\/\/morivita.be\/fr\/wp-json\/wp\/v2\/product"}],"about":[{"href":"https:\/\/morivita.be\/fr\/wp-json\/wp\/v2\/types\/product"}],"wp:featuredmedia":[{"embeddable":true,"href":"https:\/\/morivita.be\/fr\/wp-json\/wp\/v2\/media\/5238"}],"wp:attachment":[{"href":"https:\/\/morivita.be\/fr\/wp-json\/wp\/v2\/media?parent=5051"}],"wp:term":[{"taxonomy":"product_brand","embeddable":true,"href":"https:\/\/morivita.be\/fr\/wp-json\/wp\/v2\/product_brand?post=5051"},{"taxonomy":"product_cat","embeddable":true,"href":"https:\/\/morivita.be\/fr\/wp-json\/wp\/v2\/product_cat?post=5051"},{"taxonomy":"product_tag","embeddable":true,"href":"https:\/\/morivita.be\/fr\/wp-json\/wp\/v2\/product_tag?post=5051"}],"curies":[{"name":"wp","href":"https:\/\/api.w.org\/{rel}","templated":true}]}}