{"id":5052,"date":"2021-06-07T16:38:10","date_gmt":"2021-06-07T14:38:10","guid":{"rendered":"https:\/\/morivita.be\/non%20class\u00e9\/chariot-porte-cercueil-roues-semi-pneumatiques-et-poignees-horizontales\/"},"modified":"2022-12-01T11:32:11","modified_gmt":"2022-12-01T10:32:11","slug":"chariot-porte-cercueil-roues-semi-pneumatiques-et-poignees-horizontales","status":"publish","type":"product","link":"https:\/\/morivita.be\/fr\/produit\/chariot-porte-cercueil-roues-semi-pneumatiques-et-poignees-horizontales\/","title":{"rendered":"CHARIOT PORTE CERCUEIL | 200mm Roues Gonfl\u00e9es | Poign\u00e9es 20cm Horizontales"},"content":{"rendered":"","protected":false},"excerpt":{"rendered":"<p>Ce chariot porte cercueil est tr\u00e8s pratique pour visiter le cimeti\u00e8re et autres surfaces instables gr\u00e2ce aux roues gonfl\u00e9es \u00e0 l&#8217;air.<\/p>\n<p>Les poign\u00e9es horizontales mesurent 20 cm de long et sont tr\u00e8s pratiques.<\/p>\n<p>Gr\u00e2ce \u00e0 l&#8217;utilisation d&#8217;aluminium de haute qualit\u00e9, le chariotextensible reste l\u00e9ger et durable.<\/p>\n","protected":false},"featured_media":5223,"template":"","meta":{"_acf_changed":false},"product_brand":[],"product_cat":[280,401,284],"product_tag":[],"class_list":{"0":"post-5052","1":"product","2":"type-product","3":"status-publish","4":"has-post-thumbnail","6":"product_cat-transport-fr","7":"product_cat-chariot-pour-cercueils","8":"product_cat-chariots-porte-cercueils-extensibles","10":"first","11":"instock","12":"taxable","13":"shipping-taxable","14":"purchasable","15":"product-type-simple"},"acf":[],"_links":{"self":[{"href":"https:\/\/morivita.be\/fr\/wp-json\/wp\/v2\/product\/5052","targetHints":{"allow":["GET"]}}],"collection":[{"href":"https:\/\/morivita.be\/fr\/wp-json\/wp\/v2\/product"}],"about":[{"href":"https:\/\/morivita.be\/fr\/wp-json\/wp\/v2\/types\/product"}],"wp:featuredmedia":[{"embeddable":true,"href":"https:\/\/morivita.be\/fr\/wp-json\/wp\/v2\/media\/5223"}],"wp:attachment":[{"href":"https:\/\/morivita.be\/fr\/wp-json\/wp\/v2\/media?parent=5052"}],"wp:term":[{"taxonomy":"product_brand","embeddable":true,"href":"https:\/\/morivita.be\/fr\/wp-json\/wp\/v2\/product_brand?post=5052"},{"taxonomy":"product_cat","embeddable":true,"href":"https:\/\/morivita.be\/fr\/wp-json\/wp\/v2\/product_cat?post=5052"},{"taxonomy":"product_tag","embeddable":true,"href":"https:\/\/morivita.be\/fr\/wp-json\/wp\/v2\/product_tag?post=5052"}],"curies":[{"name":"wp","href":"https:\/\/api.w.org\/{rel}","templated":true}]}}