{"id":5053,"date":"2021-06-07T16:21:26","date_gmt":"2021-06-07T14:21:26","guid":{"rendered":"https:\/\/morivita.be\/non%20class\u00e9\/catafalque-pour-cercueil\/"},"modified":"2022-06-30T11:15:43","modified_gmt":"2022-06-30T09:15:43","slug":"catafalque-pour-cercueil-decoratif","status":"publish","type":"product","link":"https:\/\/morivita.be\/fr\/produit\/catafalque-pour-cercueil-decoratif\/","title":{"rendered":"Catafalque pour cercueil | D\u00e9coratif"},"content":{"rendered":"","protected":false},"excerpt":{"rendered":"<p>Ce catafalque pour cercueil peut \u00eatre utilis\u00e9 sous tout type de cercueil.<\/p>\n<p>Il est tr\u00e8s l\u00e9ger, compact et pliable, tr\u00e8s pratique \u00e0 transporter.<\/p>\n<p>Le cercueil est magnifiquement pr\u00e9sent\u00e9 de cette mani\u00e8re pour un adieu digne.<\/p>\n<p>Le mat\u00e9riau en acier inoxydable \u00e0 3 couches est facilement lavable.<\/p>\n","protected":false},"featured_media":5268,"template":"","meta":{"_acf_changed":false},"product_brand":[],"product_cat":[280,401],"product_tag":[],"class_list":{"0":"post-5053","1":"product","2":"type-product","3":"status-publish","4":"has-post-thumbnail","6":"product_cat-transport-fr","7":"product_cat-chariot-pour-cercueils","9":"first","10":"onbackorder","11":"taxable","12":"shipping-taxable","13":"purchasable","14":"product-type-simple"},"acf":[],"_links":{"self":[{"href":"https:\/\/morivita.be\/fr\/wp-json\/wp\/v2\/product\/5053","targetHints":{"allow":["GET"]}}],"collection":[{"href":"https:\/\/morivita.be\/fr\/wp-json\/wp\/v2\/product"}],"about":[{"href":"https:\/\/morivita.be\/fr\/wp-json\/wp\/v2\/types\/product"}],"wp:featuredmedia":[{"embeddable":true,"href":"https:\/\/morivita.be\/fr\/wp-json\/wp\/v2\/media\/5268"}],"wp:attachment":[{"href":"https:\/\/morivita.be\/fr\/wp-json\/wp\/v2\/media?parent=5053"}],"wp:term":[{"taxonomy":"product_brand","embeddable":true,"href":"https:\/\/morivita.be\/fr\/wp-json\/wp\/v2\/product_brand?post=5053"},{"taxonomy":"product_cat","embeddable":true,"href":"https:\/\/morivita.be\/fr\/wp-json\/wp\/v2\/product_cat?post=5053"},{"taxonomy":"product_tag","embeddable":true,"href":"https:\/\/morivita.be\/fr\/wp-json\/wp\/v2\/product_tag?post=5053"}],"curies":[{"name":"wp","href":"https:\/\/api.w.org\/{rel}","templated":true}]}}