{"id":5054,"date":"2021-06-07T15:51:20","date_gmt":"2021-06-07T13:51:20","guid":{"rendered":"https:\/\/morivita.be\/non%20class\u00e9\/catafalques-pour-cercueil\/"},"modified":"2022-06-30T11:05:44","modified_gmt":"2022-06-30T09:05:44","slug":"catafalques-pour-cercueil","status":"publish","type":"product","link":"https:\/\/morivita.be\/fr\/produit\/catafalques-pour-cercueil\/","title":{"rendered":"Catafalques pour cercueil"},"content":{"rendered":"","protected":false},"excerpt":{"rendered":"<p>Ces catafalques pour cercueil peuvent \u00eatre utilis\u00e9s sous tout type de cercueil. Ils sont tr\u00e8s l\u00e9gers, compacts et pliables, tr\u00e8s pratiques \u00e0 transporter.<\/p>\n<p>Le cercueil est magnifiquement pr\u00e9sent\u00e9 de cette mani\u00e8re pour un adieu digne.<\/p>\n<p>Le mat\u00e9riau en acier inoxydable \u00e0 3 couches est facilement lavable.<\/p>\n","protected":false},"featured_media":5272,"template":"","meta":{"_acf_changed":false},"product_brand":[],"product_cat":[280,401],"product_tag":[],"class_list":{"0":"post-5054","1":"product","2":"type-product","3":"status-publish","4":"has-post-thumbnail","6":"product_cat-transport-fr","7":"product_cat-chariot-pour-cercueils","9":"first","10":"instock","11":"taxable","12":"shipping-taxable","13":"purchasable","14":"product-type-simple"},"acf":[],"_links":{"self":[{"href":"https:\/\/morivita.be\/fr\/wp-json\/wp\/v2\/product\/5054","targetHints":{"allow":["GET"]}}],"collection":[{"href":"https:\/\/morivita.be\/fr\/wp-json\/wp\/v2\/product"}],"about":[{"href":"https:\/\/morivita.be\/fr\/wp-json\/wp\/v2\/types\/product"}],"wp:featuredmedia":[{"embeddable":true,"href":"https:\/\/morivita.be\/fr\/wp-json\/wp\/v2\/media\/5272"}],"wp:attachment":[{"href":"https:\/\/morivita.be\/fr\/wp-json\/wp\/v2\/media?parent=5054"}],"wp:term":[{"taxonomy":"product_brand","embeddable":true,"href":"https:\/\/morivita.be\/fr\/wp-json\/wp\/v2\/product_brand?post=5054"},{"taxonomy":"product_cat","embeddable":true,"href":"https:\/\/morivita.be\/fr\/wp-json\/wp\/v2\/product_cat?post=5054"},{"taxonomy":"product_tag","embeddable":true,"href":"https:\/\/morivita.be\/fr\/wp-json\/wp\/v2\/product_tag?post=5054"}],"curies":[{"name":"wp","href":"https:\/\/api.w.org\/{rel}","templated":true}]}}