{"id":5055,"date":"2021-06-07T15:29:22","date_gmt":"2021-06-07T13:29:22","guid":{"rendered":"https:\/\/morivita.be\/non%20class\u00e9\/civiere-cuillere-de-relevage-2\/"},"modified":"2022-06-30T11:02:16","modified_gmt":"2022-06-30T09:02:16","slug":"civiere-cuillere-de-relevage","status":"publish","type":"product","link":"https:\/\/morivita.be\/fr\/produit\/civiere-cuillere-de-relevage\/","title":{"rendered":"Civi\u00e8re cuill\u00e8re de relevage"},"content":{"rendered":"","protected":false},"excerpt":{"rendered":"<p>La civi\u00e8re cuill\u00e8re permet d\u2019intervenir dans les endroits les plus exigus tout en r\u00e9duisant les efforts et les risques des op\u00e9rateurs. Tr\u00e8s l\u00e9g\u00e8re (10 kg), elle permet tous les transferts tout en limitant les efforts des op\u00e9rateurs.<\/p>\n<p>Elle est si peu encombrante qu\u2019elle peut se poser sur un caisson fun\u00e9raire pour un transport plus facile. La longueur de la civi\u00e8re peut \u00eatre ajust\u00e9e au corps du d\u00e9c\u00e9d\u00e9. L\u2019extr\u00e9mit\u00e9 du pied a \u00e9t\u00e9 rendue plus \u00e9troite.<\/p>\n<p>La civi\u00e8re est faite d\u2019un alliage d\u2019aluminium solide. Cela le rend l\u00e9ger, de petite taille et facile \u00e0 transporter.<\/p>\n<p>Le scoop est s\u00fbr \u00e0 utiliser, facile \u00e0 nettoyer et \u00e0 st\u00e9riliser.<\/p>\n","protected":false},"featured_media":7406,"template":"","meta":{"_acf_changed":false},"product_brand":[],"product_cat":[280,395,742],"product_tag":[],"class_list":{"0":"post-5055","1":"product","2":"type-product","3":"status-publish","4":"has-post-thumbnail","6":"product_cat-transport-fr","7":"product_cat-brancard-fr","8":"product_cat-civiere-fr","10":"first","11":"instock","12":"taxable","13":"shipping-taxable","14":"purchasable","15":"product-type-simple"},"acf":[],"_links":{"self":[{"href":"https:\/\/morivita.be\/fr\/wp-json\/wp\/v2\/product\/5055","targetHints":{"allow":["GET"]}}],"collection":[{"href":"https:\/\/morivita.be\/fr\/wp-json\/wp\/v2\/product"}],"about":[{"href":"https:\/\/morivita.be\/fr\/wp-json\/wp\/v2\/types\/product"}],"wp:featuredmedia":[{"embeddable":true,"href":"https:\/\/morivita.be\/fr\/wp-json\/wp\/v2\/media\/7406"}],"wp:attachment":[{"href":"https:\/\/morivita.be\/fr\/wp-json\/wp\/v2\/media?parent=5055"}],"wp:term":[{"taxonomy":"product_brand","embeddable":true,"href":"https:\/\/morivita.be\/fr\/wp-json\/wp\/v2\/product_brand?post=5055"},{"taxonomy":"product_cat","embeddable":true,"href":"https:\/\/morivita.be\/fr\/wp-json\/wp\/v2\/product_cat?post=5055"},{"taxonomy":"product_tag","embeddable":true,"href":"https:\/\/morivita.be\/fr\/wp-json\/wp\/v2\/product_tag?post=5055"}],"curies":[{"name":"wp","href":"https:\/\/api.w.org\/{rel}","templated":true}]}}