{"id":5056,"date":"2021-06-07T15:11:02","date_gmt":"2021-06-07T13:11:02","guid":{"rendered":"https:\/\/morivita.be\/non%20class\u00e9\/chariot-pour-cercueil\/"},"modified":"2024-01-01T23:00:26","modified_gmt":"2024-01-01T22:00:26","slug":"chariot-pour-cercueil","status":"publish","type":"product","link":"https:\/\/morivita.be\/fr\/produit\/chariot-pour-cercueil\/","title":{"rendered":"PROMO | Chariot pour Cercueil"},"content":{"rendered":"","protected":false},"excerpt":{"rendered":"<p>Ce chariot est tr\u00e8s facile \u00e0 manipuler.<\/p>\n<p>Le chariot est fait pour transporter tous types de cercueil et offre une belle pr\u00e9sentation du d\u00e9funt dans le cercueil, ce qui contribue \u00e0 un digne adieu.<\/p>\n<p>L\u2019aluminium est tr\u00e8s r\u00e9sistant et facilement lavable.<\/p>\n","protected":false},"featured_media":4773,"template":"","meta":{"_acf_changed":false},"product_brand":[],"product_cat":[280,401],"product_tag":[],"class_list":{"0":"post-5056","1":"product","2":"type-product","3":"status-publish","4":"has-post-thumbnail","6":"product_cat-transport-fr","7":"product_cat-chariot-pour-cercueils","9":"first","10":"instock","11":"taxable","12":"shipping-taxable","13":"purchasable","14":"product-type-simple"},"acf":[],"_links":{"self":[{"href":"https:\/\/morivita.be\/fr\/wp-json\/wp\/v2\/product\/5056","targetHints":{"allow":["GET"]}}],"collection":[{"href":"https:\/\/morivita.be\/fr\/wp-json\/wp\/v2\/product"}],"about":[{"href":"https:\/\/morivita.be\/fr\/wp-json\/wp\/v2\/types\/product"}],"wp:featuredmedia":[{"embeddable":true,"href":"https:\/\/morivita.be\/fr\/wp-json\/wp\/v2\/media\/4773"}],"wp:attachment":[{"href":"https:\/\/morivita.be\/fr\/wp-json\/wp\/v2\/media?parent=5056"}],"wp:term":[{"taxonomy":"product_brand","embeddable":true,"href":"https:\/\/morivita.be\/fr\/wp-json\/wp\/v2\/product_brand?post=5056"},{"taxonomy":"product_cat","embeddable":true,"href":"https:\/\/morivita.be\/fr\/wp-json\/wp\/v2\/product_cat?post=5056"},{"taxonomy":"product_tag","embeddable":true,"href":"https:\/\/morivita.be\/fr\/wp-json\/wp\/v2\/product_tag?post=5056"}],"curies":[{"name":"wp","href":"https:\/\/api.w.org\/{rel}","templated":true}]}}