{"id":5059,"date":"2021-06-08T13:12:09","date_gmt":"2021-06-08T11:12:09","guid":{"rendered":"https:\/\/morivita.be\/non%20class\u00e9\/civiere-incurvee-avec-reserve-et-bonde-standard\/"},"modified":"2022-06-30T14:46:03","modified_gmt":"2022-06-30T12:46:03","slug":"civiere-incurvee-avec-reserve-et-bonde-standard","status":"publish","type":"product","link":"https:\/\/morivita.be\/fr\/produit\/civiere-incurvee-avec-reserve-et-bonde-standard\/","title":{"rendered":"Civi\u00e8re incurv\u00e9e | R\u00e9serve et bonde standard | Roues"},"content":{"rendered":"","protected":false},"excerpt":{"rendered":"<p>Ce plateau permet d\u2019effectuer les toilettes ou soins de conservation.<\/p>\n<p>Ce plateau permet de transf\u00e9rer les corps plus facilement car elle n\u2019au aucun rebord.<\/p>\n<p>Notre civi\u00e8re n\u2019a pas de sens et poss\u00e8de 2 poign\u00e9es ergonomiques de chaque c\u00f4t\u00e9.<\/p>\n","protected":false},"featured_media":4471,"template":"","meta":{"_acf_changed":false},"product_brand":[],"product_cat":[382,285,267],"product_tag":[],"class_list":{"0":"post-5059","1":"product","2":"type-product","3":"status-publish","4":"has-post-thumbnail","6":"product_cat-avec-reserve-et-roues","7":"product_cat-civieres","8":"product_cat-opbaring-fr","10":"first","11":"instock","12":"taxable","13":"shipping-taxable","14":"purchasable","15":"product-type-simple"},"acf":[],"_links":{"self":[{"href":"https:\/\/morivita.be\/fr\/wp-json\/wp\/v2\/product\/5059","targetHints":{"allow":["GET"]}}],"collection":[{"href":"https:\/\/morivita.be\/fr\/wp-json\/wp\/v2\/product"}],"about":[{"href":"https:\/\/morivita.be\/fr\/wp-json\/wp\/v2\/types\/product"}],"wp:featuredmedia":[{"embeddable":true,"href":"https:\/\/morivita.be\/fr\/wp-json\/wp\/v2\/media\/4471"}],"wp:attachment":[{"href":"https:\/\/morivita.be\/fr\/wp-json\/wp\/v2\/media?parent=5059"}],"wp:term":[{"taxonomy":"product_brand","embeddable":true,"href":"https:\/\/morivita.be\/fr\/wp-json\/wp\/v2\/product_brand?post=5059"},{"taxonomy":"product_cat","embeddable":true,"href":"https:\/\/morivita.be\/fr\/wp-json\/wp\/v2\/product_cat?post=5059"},{"taxonomy":"product_tag","embeddable":true,"href":"https:\/\/morivita.be\/fr\/wp-json\/wp\/v2\/product_tag?post=5059"}],"curies":[{"name":"wp","href":"https:\/\/api.w.org\/{rel}","templated":true}]}}