{"id":5060,"date":"2021-06-08T13:06:34","date_gmt":"2021-06-08T11:06:34","guid":{"rendered":"https:\/\/morivita.be\/non%20class\u00e9\/civiere-plate-plateau-incurvee-standard\/"},"modified":"2022-06-30T14:18:57","modified_gmt":"2022-06-30T12:18:57","slug":"civiere-plate-plateau-incurvee-standard","status":"publish","type":"product","link":"https:\/\/morivita.be\/fr\/produit\/civiere-plate-plateau-incurvee-standard\/","title":{"rendered":"Civi\u00e8re plate plateau incurv\u00e9e standard | Acier Inoxydable"},"content":{"rendered":"","protected":false},"excerpt":{"rendered":"<p>La civi\u00e8re standard largeur 60 cm est fabriqu\u00e9 en inox 304L, et est \u00e9quip\u00e9 de 4 roulettes en 80 mm de diam\u00e8tre.<\/p>\n<p>Ce plateau permet de transf\u00e9rer les corps plus facilement car elle n\u2019au aucun rebord.<br \/>\nElle poss\u00e8de une l\u00e9g\u00e8re r\u00e9serve pour la r\u00e9tention de liquide. Notre civi\u00e8re n\u2019a pas de sens et poss\u00e8de 2 poign\u00e9es ergonomiques de chaque c\u00f4t\u00e9.<\/p>\n","protected":false},"featured_media":4468,"template":"","meta":{"_acf_changed":false},"product_brand":[],"product_cat":[285,267,384],"product_tag":[],"class_list":{"0":"post-5060","1":"product","2":"type-product","3":"status-publish","4":"has-post-thumbnail","6":"product_cat-civieres","7":"product_cat-opbaring-fr","8":"product_cat-sans-reserve-et-roues","10":"first","11":"instock","12":"taxable","13":"shipping-taxable","14":"purchasable","15":"product-type-simple"},"acf":[],"_links":{"self":[{"href":"https:\/\/morivita.be\/fr\/wp-json\/wp\/v2\/product\/5060","targetHints":{"allow":["GET"]}}],"collection":[{"href":"https:\/\/morivita.be\/fr\/wp-json\/wp\/v2\/product"}],"about":[{"href":"https:\/\/morivita.be\/fr\/wp-json\/wp\/v2\/types\/product"}],"wp:featuredmedia":[{"embeddable":true,"href":"https:\/\/morivita.be\/fr\/wp-json\/wp\/v2\/media\/4468"}],"wp:attachment":[{"href":"https:\/\/morivita.be\/fr\/wp-json\/wp\/v2\/media?parent=5060"}],"wp:term":[{"taxonomy":"product_brand","embeddable":true,"href":"https:\/\/morivita.be\/fr\/wp-json\/wp\/v2\/product_brand?post=5060"},{"taxonomy":"product_cat","embeddable":true,"href":"https:\/\/morivita.be\/fr\/wp-json\/wp\/v2\/product_cat?post=5060"},{"taxonomy":"product_tag","embeddable":true,"href":"https:\/\/morivita.be\/fr\/wp-json\/wp\/v2\/product_tag?post=5060"}],"curies":[{"name":"wp","href":"https:\/\/api.w.org\/{rel}","templated":true}]}}