{"id":5061,"date":"2021-06-08T09:57:17","date_gmt":"2021-06-08T07:57:17","guid":{"rendered":"https:\/\/morivita.be\/non%20class\u00e9\/chariot-simple-de-presentation-et-de-transport\/"},"modified":"2022-06-30T14:02:38","modified_gmt":"2022-06-30T12:02:38","slug":"chariot-simple-de-presentation-et-de-transport","status":"publish","type":"product","link":"https:\/\/morivita.be\/fr\/produit\/chariot-simple-de-presentation-et-de-transport\/","title":{"rendered":"Chariot de pr\u00e9sentation et de transport"},"content":{"rendered":"","protected":false},"excerpt":{"rendered":"<p>Brancards coulissants mobiles.<\/p>\n<p>Le chariot simple de pr\u00e9sentation et de transport \u00e0 rails permet la pr\u00e9sentation du corps sur civi\u00e8re.<\/p>\n","protected":false},"featured_media":4454,"template":"","meta":{"_acf_changed":false},"product_brand":[],"product_cat":[386,267],"product_tag":[],"class_list":{"0":"post-5061","1":"product","2":"type-product","3":"status-publish","4":"has-post-thumbnail","6":"product_cat-chariot-de-civiere","7":"product_cat-opbaring-fr","9":"first","10":"instock","11":"taxable","12":"shipping-taxable","13":"purchasable","14":"product-type-simple"},"acf":[],"_links":{"self":[{"href":"https:\/\/morivita.be\/fr\/wp-json\/wp\/v2\/product\/5061","targetHints":{"allow":["GET"]}}],"collection":[{"href":"https:\/\/morivita.be\/fr\/wp-json\/wp\/v2\/product"}],"about":[{"href":"https:\/\/morivita.be\/fr\/wp-json\/wp\/v2\/types\/product"}],"wp:featuredmedia":[{"embeddable":true,"href":"https:\/\/morivita.be\/fr\/wp-json\/wp\/v2\/media\/4454"}],"wp:attachment":[{"href":"https:\/\/morivita.be\/fr\/wp-json\/wp\/v2\/media?parent=5061"}],"wp:term":[{"taxonomy":"product_brand","embeddable":true,"href":"https:\/\/morivita.be\/fr\/wp-json\/wp\/v2\/product_brand?post=5061"},{"taxonomy":"product_cat","embeddable":true,"href":"https:\/\/morivita.be\/fr\/wp-json\/wp\/v2\/product_cat?post=5061"},{"taxonomy":"product_tag","embeddable":true,"href":"https:\/\/morivita.be\/fr\/wp-json\/wp\/v2\/product_tag?post=5061"}],"curies":[{"name":"wp","href":"https:\/\/api.w.org\/{rel}","templated":true}]}}