{"id":5062,"date":"2021-06-08T09:11:45","date_gmt":"2021-06-08T07:11:45","guid":{"rendered":"https:\/\/morivita.be\/non%20class\u00e9\/chariot-de-stockage-mobile-3-personnes\/"},"modified":"2022-06-30T13:25:17","modified_gmt":"2022-06-30T11:25:17","slug":"chariot-de-stockage-mobile-3-personnes","status":"publish","type":"product","link":"https:\/\/morivita.be\/fr\/produit\/chariot-de-stockage-mobile-3-personnes\/","title":{"rendered":"Chariot de stockage mobile 3 personnes"},"content":{"rendered":"","protected":false},"excerpt":{"rendered":"<p>Ce chariot de stockage pour civi\u00e8re offre de la place pour un maximum de 3 civi\u00e8res standard de 60 cm de large.<\/p>\n<p>Ce support r\u00e9tractable est utilis\u00e9 pour stocker des corps dans un espace r\u00e9frig\u00e9r\u00e9..<\/p>\n<p><em><strong>Le rack peut \u00eatre \u00e9tendu avec un syst\u00e8me permettant \u00e9galement de stocker des cercueils.<\/strong><\/em><\/p>\n<p><em>Il peut \u00e9galement \u00eatre fourni sans roues !<\/em><\/p>\n","protected":false},"featured_media":4447,"template":"","meta":{"_acf_changed":false},"product_brand":[],"product_cat":[286,267],"product_tag":[],"class_list":{"0":"post-5062","1":"product","2":"type-product","3":"status-publish","4":"has-post-thumbnail","6":"product_cat-chariot-de-stockage","7":"product_cat-opbaring-fr","9":"first","10":"instock","11":"taxable","12":"shipping-taxable","13":"purchasable","14":"product-type-simple"},"acf":[],"_links":{"self":[{"href":"https:\/\/morivita.be\/fr\/wp-json\/wp\/v2\/product\/5062","targetHints":{"allow":["GET"]}}],"collection":[{"href":"https:\/\/morivita.be\/fr\/wp-json\/wp\/v2\/product"}],"about":[{"href":"https:\/\/morivita.be\/fr\/wp-json\/wp\/v2\/types\/product"}],"wp:featuredmedia":[{"embeddable":true,"href":"https:\/\/morivita.be\/fr\/wp-json\/wp\/v2\/media\/4447"}],"wp:attachment":[{"href":"https:\/\/morivita.be\/fr\/wp-json\/wp\/v2\/media?parent=5062"}],"wp:term":[{"taxonomy":"product_brand","embeddable":true,"href":"https:\/\/morivita.be\/fr\/wp-json\/wp\/v2\/product_brand?post=5062"},{"taxonomy":"product_cat","embeddable":true,"href":"https:\/\/morivita.be\/fr\/wp-json\/wp\/v2\/product_cat?post=5062"},{"taxonomy":"product_tag","embeddable":true,"href":"https:\/\/morivita.be\/fr\/wp-json\/wp\/v2\/product_tag?post=5062"}],"curies":[{"name":"wp","href":"https:\/\/api.w.org\/{rel}","templated":true}]}}