{"id":5063,"date":"2021-06-07T18:18:41","date_gmt":"2021-06-07T16:18:41","guid":{"rendered":"https:\/\/morivita.be\/non%20class\u00e9\/tables-funeraires-refrigerees\/"},"modified":"2022-06-30T13:20:59","modified_gmt":"2022-06-30T11:20:59","slug":"tables-funeraires-refrigerees-60cm","status":"publish","type":"product","link":"https:\/\/morivita.be\/fr\/produit\/tables-funeraires-refrigerees-60cm\/","title":{"rendered":"Tables fun\u00e9raires r\u00e9frig\u00e9r\u00e9es | 60cm"},"content":{"rendered":"","protected":false},"excerpt":{"rendered":"<p>La table fun\u00e9raire r\u00e9frig\u00e9r\u00e9e permet de pr\u00e9senter le corps dans le salon de la chambre fun\u00e9raire ou mortuaire ou m\u00eame de le conserver durant 3 jours.<\/p>\n<p>Pour toutes vos manipulations, transferts ou d\u00e9placements, le pi\u00e9tement de celle-ci est en inox pour vous assurer une extr\u00eame rigidit\u00e9.<\/p>\n<p>Ces lits de refroidissement sont tr\u00e8s silencieux et fabriqu\u00e9s en acier inoxydable.<\/p>\n","protected":false},"featured_media":4444,"template":"","meta":{"_acf_changed":false},"product_brand":[],"product_cat":[754,267,287,392,387,393,380,388],"product_tag":[],"class_list":{"0":"post-5063","1":"product","2":"type-product","3":"status-publish","4":"has-post-thumbnail","6":"product_cat-funerailles-mobiles-de-refroidissement","7":"product_cat-opbaring-fr","8":"product_cat-refrigeration","9":"product_cat-tables-funeraires-fr-3","10":"product_cat-tables-funeraires-fr","11":"product_cat-tables-funeraires-avec-appui-tete","12":"product_cat-table-funeraire-refrigerees","13":"product_cat-tables-funeraires-refrigerees","15":"first","16":"onbackorder","17":"taxable","18":"shipping-taxable","19":"purchasable","20":"product-type-simple"},"acf":[],"_links":{"self":[{"href":"https:\/\/morivita.be\/fr\/wp-json\/wp\/v2\/product\/5063","targetHints":{"allow":["GET"]}}],"collection":[{"href":"https:\/\/morivita.be\/fr\/wp-json\/wp\/v2\/product"}],"about":[{"href":"https:\/\/morivita.be\/fr\/wp-json\/wp\/v2\/types\/product"}],"wp:featuredmedia":[{"embeddable":true,"href":"https:\/\/morivita.be\/fr\/wp-json\/wp\/v2\/media\/4444"}],"wp:attachment":[{"href":"https:\/\/morivita.be\/fr\/wp-json\/wp\/v2\/media?parent=5063"}],"wp:term":[{"taxonomy":"product_brand","embeddable":true,"href":"https:\/\/morivita.be\/fr\/wp-json\/wp\/v2\/product_brand?post=5063"},{"taxonomy":"product_cat","embeddable":true,"href":"https:\/\/morivita.be\/fr\/wp-json\/wp\/v2\/product_cat?post=5063"},{"taxonomy":"product_tag","embeddable":true,"href":"https:\/\/morivita.be\/fr\/wp-json\/wp\/v2\/product_tag?post=5063"}],"curies":[{"name":"wp","href":"https:\/\/api.w.org\/{rel}","templated":true}]}}