{"id":5064,"date":"2021-06-07T16:54:25","date_gmt":"2021-06-07T14:54:25","guid":{"rendered":"https:\/\/morivita.be\/non%20class\u00e9\/tables-funeraires-sans-froid\/"},"modified":"2022-06-30T13:16:09","modified_gmt":"2022-06-30T11:16:09","slug":"tables-funeraires-sans-froid","status":"publish","type":"product","link":"https:\/\/morivita.be\/fr\/produit\/tables-funeraires-sans-froid\/","title":{"rendered":"Tables fun\u00e9raires sans froid"},"content":{"rendered":"","protected":false},"excerpt":{"rendered":"<p>Enti\u00e8rement con\u00e7ue en inox de qualit\u00e9 professionnelle, elle r\u00e9pond aux attentes des pompes fun\u00e8bres, des maisons de retraite et des \u00e9tablissements hospitaliers.<\/p>\n<p>La hauteur sp\u00e9ciale est \u00e9conomique et ergonomique.<\/p>\n<p>La section t\u00eate inclinable et coulissante vous permet de choisir la pente du corps du d\u00e9funt et d\u2019allonger votre table de 20 cm pour une personne de grande taille.<\/p>\n<p>La fabrication de haute qualit\u00e9, enti\u00e8rement en inox 304L, assure une capacit\u00e9 de charge de 220 kg.<\/p>\n","protected":false},"featured_media":5264,"template":"","meta":{"_acf_changed":false},"product_brand":[],"product_cat":[267,389,392,338,387,393],"product_tag":[],"class_list":{"0":"post-5064","1":"product","2":"type-product","3":"status-publish","4":"has-post-thumbnail","6":"product_cat-opbaring-fr","7":"product_cat-tables-funeraires-fr-2","8":"product_cat-tables-funeraires-fr-3","9":"product_cat-tables-funeraires","10":"product_cat-tables-funeraires-fr","11":"product_cat-tables-funeraires-avec-appui-tete","13":"first","14":"instock","15":"taxable","16":"shipping-taxable","17":"purchasable","18":"product-type-variable"},"acf":[],"_links":{"self":[{"href":"https:\/\/morivita.be\/fr\/wp-json\/wp\/v2\/product\/5064","targetHints":{"allow":["GET"]}}],"collection":[{"href":"https:\/\/morivita.be\/fr\/wp-json\/wp\/v2\/product"}],"about":[{"href":"https:\/\/morivita.be\/fr\/wp-json\/wp\/v2\/types\/product"}],"wp:featuredmedia":[{"embeddable":true,"href":"https:\/\/morivita.be\/fr\/wp-json\/wp\/v2\/media\/5264"}],"wp:attachment":[{"href":"https:\/\/morivita.be\/fr\/wp-json\/wp\/v2\/media?parent=5064"}],"wp:term":[{"taxonomy":"product_brand","embeddable":true,"href":"https:\/\/morivita.be\/fr\/wp-json\/wp\/v2\/product_brand?post=5064"},{"taxonomy":"product_cat","embeddable":true,"href":"https:\/\/morivita.be\/fr\/wp-json\/wp\/v2\/product_cat?post=5064"},{"taxonomy":"product_tag","embeddable":true,"href":"https:\/\/morivita.be\/fr\/wp-json\/wp\/v2\/product_tag?post=5064"}],"curies":[{"name":"wp","href":"https:\/\/api.w.org\/{rel}","templated":true}]}}